{"id":2768,"date":"2018-12-06T08:16:16","date_gmt":"2018-12-06T07:16:16","guid":{"rendered":"https:\/\/n1.kopernik.kalisz.pl\/kopernik-ssm\/chor\/?page_id=2768"},"modified":"2023-06-14T15:53:32","modified_gmt":"2023-06-14T13:53:32","slug":"o-chorze","status":"publish","type":"page","link":"https:\/\/kopernik.kalisz.pl\/kopernik-ssm\/chor\/o-chorze\/","title":{"rendered":"O Ch\u00f3rze"},"content":{"rendered":"\n<p><strong>Ch\u00f3r \u201eKopernik\u201d III Liceum Og\u00f3lnokszta\u0142c\u0105cego w Kaliszu<\/strong>\u00a0to ch\u00f3r o g\u0142osach mieszanych, istniej\u0105cy od 1997 roku. Za\u0142o\u017cycielem i dyrygentem w latach 1997-2021 by\u0142a Henryka Iglewska-Mocek. Obecnie dyrygentem jest Maria Szczap.<\/p>\n\n\n\n<figure class=\"wp-block-image size-large\"><img loading=\"lazy\" width=\"960\" height=\"640\" src=\"https:\/\/kopernik.kalisz.pl\/kopernik-ssm\/chor\/wp-content\/uploads\/2023\/06\/caly-chor-v2-1.jpg\" alt=\"\" class=\"wp-image-9325\" srcset=\"https:\/\/kopernik.kalisz.pl\/kopernik-ssm\/chor\/wp-content\/uploads\/2023\/06\/caly-chor-v2-1.jpg 960w, https:\/\/kopernik.kalisz.pl\/kopernik-ssm\/chor\/wp-content\/uploads\/2023\/06\/caly-chor-v2-1-300x200.jpg 300w, https:\/\/kopernik.kalisz.pl\/kopernik-ssm\/chor\/wp-content\/uploads\/2023\/06\/caly-chor-v2-1-768x512.jpg 768w\" sizes=\"(max-width: 960px) 100vw, 960px\" \/><\/figure>\n\n\n\n<figure class=\"wp-block-image size-large\"><img loading=\"lazy\" width=\"843\" height=\"511\" src=\"https:\/\/kopernik.kalisz.pl\/kopernik-ssm\/chor\/wp-content\/uploads\/2023\/06\/caly-chor.jpg\" alt=\"\" class=\"wp-image-9323\" srcset=\"https:\/\/kopernik.kalisz.pl\/kopernik-ssm\/chor\/wp-content\/uploads\/2023\/06\/caly-chor.jpg 843w, https:\/\/kopernik.kalisz.pl\/kopernik-ssm\/chor\/wp-content\/uploads\/2023\/06\/caly-chor-300x182.jpg 300w, https:\/\/kopernik.kalisz.pl\/kopernik-ssm\/chor\/wp-content\/uploads\/2023\/06\/caly-chor-768x466.jpg 768w\" sizes=\"(max-width: 843px) 100vw, 843px\" \/><\/figure>\n\n\n\n<p>W ci\u0105gu swojej wieloletniej dzia\u0142alno\u015bci zesp\u00f3\u0142 odni\u00f3s\u0142 wiele sukces\u00f3w. Uczestniczy\u0142 w kolejnych edycjach Og\u00f3lnopolskiego Konkursu Ch\u00f3r\u00f3w a Cappella Dzieci i M\u0142odzie\u017cy, zajmuj\u0105c miejsca na podium (I i II miejsca w etapie wojew\u00f3dzkim oraz wyr\u00f3\u017cnienia w etapie centralnym). W Finale XXVIII (2008) i XXXI (2011) Og\u00f3lnopolskiego Konkursu Ch\u00f3r\u00f3w a Cappella Dzieci i M\u0142odzie\u017cy w Bydgoszczy zdoby\u0142 SREBRNY KAMERTON. Dodatkowo, w 2011 roku otrzyma\u0142 Nagrod\u0119 Specjaln\u0105 \u2013 Puchar Gazety Pomorskiej. W Finale XXXII (2012) Og\u00f3lnopolskiego Konkursu Ch\u00f3r\u00f3w a Cappella Dzieci i M\u0142odzie\u017cy w Bydgoszczy zesp\u00f3\u0142 otrzyma\u0142: Z\u0141OTY KAMERTON, Puchar Ministra Edukacji Narodowej, nagrod\u0119 specjaln\u0105 i Puchar Ministra Kultury i Dziedzictwa Narodowego, nagrod\u0119 specjaln\u0105 Stowarzyszenia Autor\u00f3w ZAiKS oraz nagrod\u0119 specjaln\u0105 dla najlepszego dyrygenta, ufundowana przez Ministra Edukacji Narodowej.<\/p>\n\n\n\n<p>Od 2006 roku uczestniczy w og\u00f3lnopolskim programie rozwoju ch\u00f3r\u00f3w szkolnych \u015apiewaj\u0105ca Polska \u2013 Akademia Ch\u00f3ralna, zdobywaj\u0105c w przegl\u0105dach Z\u0141OTE PASMA i Z\u0141OTE KLUCZE (cz\u0119\u015b\u0107 z nich z wyr\u00f3\u017cnieniem). Tak\u017ce w 2023r. ch\u00f3r zdoby\u0142 Z\u0141OTE PASMO ju\u017c pod dyrygenck\u0105 d\u0142oni\u0105 Pani Marii Szczap. Poza dzia\u0142alno\u015bci\u0105 artystyczn\u0105 w szkole zesp\u00f3\u0142 koncertuje r\u00f3wnie\u017c na rzecz wielu instytucji, organizacji oraz w\u0142adz samorz\u0105dowych i ko\u015bcielnych, a tak\u017ce najwy\u017cszych w\u0142adz pa\u0144stwowych. Organizuje i uczestniczy tak\u017ce w koncertach charytatywnych. Koncertowa\u0142 w Niemczech i dwukrotnie we W\u0142oszech, go\u015bci\u0142 u siebie zaprzyja\u017anione ch\u00f3ry z tych pa\u0144stw, a tak\u017ce delegacje z Anglii, Francji, Holandii, Izraela, Ukrainy i Szwajcarii. Zesp\u00f3\u0142 ch\u00f3ralny uczestniczy\u0142 r\u00f3wnie\u017c w wielu projektach muzycznych z Filharmoni\u0105 Kalisk\u0105, kaliskimi zespo\u0142ami ch\u00f3ralnymi i artystami oraz Wydzia\u0142em Pedagogiczno-Artystycznym UAM. Od 2022 roku regularnie wyst\u0119puje na koncertach dyplomowych tamtejszych student\u00f3w.<\/p>\n\n\n\n<p>Repertuar zespo\u0142u artystycznego jest bardzo zr\u00f3\u017cnicowany, obejmuje muzyk\u0119 klasyczn\u0105: od \u015bredniowiecza do wsp\u00f3\u0142czesno\u015bci, ale te\u017c religijn\u0105 (w tym gospel), patriotyczn\u0105 oraz ludow\u0105 i rozrywkow\u0105. W 2004 roku nagra\u0142 p\u0142yt\u0119 CD, a w 2013 roku dorobi\u0142 si\u0119 p\u0142yty z kol\u0119dami i pastora\u0142kami. Posiada r\u00f3wnie\u017c bogaty zbi\u00f3r nagra\u0144 audiowizualnych.<\/p>\n\n\n\n<p>Dzia\u0142alno\u015b\u0107 zespo\u0142u od samego pocz\u0105tku wspiera i otacza opiek\u0105 otacza zesp\u00f3\u0142 Dyrekcja i Rada Rodzic\u00f3w III LO.<\/p>\n","protected":false},"excerpt":{"rendered":"<p>Ch\u00f3r \u201eKopernik\u201d III Liceum Og\u00f3lnokszta\u0142c\u0105cego w Kaliszu\u00a0to ch\u00f3r o g\u0142osach mieszanych, istniej\u0105cy od 1997 roku&#8230;.<\/p>\n","protected":false},"author":7,"featured_media":0,"parent":0,"menu_order":0,"comment_status":"closed","ping_status":"closed","template":"","meta":[],"_links":{"self":[{"href":"https:\/\/kopernik.kalisz.pl\/kopernik-ssm\/chor\/wp-json\/wp\/v2\/pages\/2768"}],"collection":[{"href":"https:\/\/kopernik.kalisz.pl\/kopernik-ssm\/chor\/wp-json\/wp\/v2\/pages"}],"about":[{"href":"https:\/\/kopernik.kalisz.pl\/kopernik-ssm\/chor\/wp-json\/wp\/v2\/types\/page"}],"author":[{"embeddable":true,"href":"https:\/\/kopernik.kalisz.pl\/kopernik-ssm\/chor\/wp-json\/wp\/v2\/users\/7"}],"replies":[{"embeddable":true,"href":"https:\/\/kopernik.kalisz.pl\/kopernik-ssm\/chor\/wp-json\/wp\/v2\/comments?post=2768"}],"version-history":[{"count":9,"href":"https:\/\/kopernik.kalisz.pl\/kopernik-ssm\/chor\/wp-json\/wp\/v2\/pages\/2768\/revisions"}],"predecessor-version":[{"id":9326,"href":"https:\/\/kopernik.kalisz.pl\/kopernik-ssm\/chor\/wp-json\/wp\/v2\/pages\/2768\/revisions\/9326"}],"wp:attachment":[{"href":"https:\/\/kopernik.kalisz.pl\/kopernik-ssm\/chor\/wp-json\/wp\/v2\/media?parent=2768"}],"curies":[{"name":"wp","href":"https:\/\/api.w.org\/{rel}","templated":true}]}}