{"id":2771,"date":"2018-12-06T08:19:44","date_gmt":"2018-12-06T07:19:44","guid":{"rendered":"https:\/\/n1.kopernik.kalisz.pl\/kopernik-ssm\/chor\/?page_id=2771"},"modified":"2023-06-20T14:15:52","modified_gmt":"2023-06-20T12:15:52","slug":"dyrygent","status":"publish","type":"page","link":"https:\/\/kopernik.kalisz.pl\/kopernik-ssm\/chor\/dyrygent\/","title":{"rendered":"Dyrygent"},"content":{"rendered":"<h2 style=\"text-align: center;\">Maria Szczap (2021-obecnie)<\/h2>\n<p><img loading=\"lazy\" class=\"size-medium wp-image-9414 alignleft\" src=\"https:\/\/kopernik.kalisz.pl\/kopernik-ssm\/chor\/wp-content\/uploads\/2023\/06\/Pani-Maria-224x300.jpg\" alt=\"\" width=\"224\" height=\"300\" srcset=\"https:\/\/kopernik.kalisz.pl\/kopernik-ssm\/chor\/wp-content\/uploads\/2023\/06\/Pani-Maria-224x300.jpg 224w, https:\/\/kopernik.kalisz.pl\/kopernik-ssm\/chor\/wp-content\/uploads\/2023\/06\/Pani-Maria-765x1024.jpg 765w, https:\/\/kopernik.kalisz.pl\/kopernik-ssm\/chor\/wp-content\/uploads\/2023\/06\/Pani-Maria-768x1028.jpg 768w, https:\/\/kopernik.kalisz.pl\/kopernik-ssm\/chor\/wp-content\/uploads\/2023\/06\/Pani-Maria.jpg 1061w\" sizes=\"(max-width: 224px) 100vw, 224px\" \/><\/p>\n<p>Absolwentka Uniwersytetu Adama Mickiewicza w Poznaniu, Kierunek &#8211; Edukacja Artystyczna w Zakresie Sztuki Muzycznej. Absolwentka Akademii Muzycznej im. Feliksa Nowowiejskiego w Bydgoszczy, Specjalno\u015b\u0107 &#8211; Dyrygentura Ch\u00f3ralna. Ch\u00f3rmistrz i nauczyciel muzyki z wieloletnim do\u015bwiadczeniem.<br \/>Sopran w kwartecie wokalnym The Sunday Singers od pocz\u0105tku istnienia zespo\u0142u. Od lat zwi\u0105zana z teatrem im. Wojciecha Bogus\u0142awskiego w Kaliszu. Wokalistka i solistka na mi\u0119dzynarodowych trasach koncertowych z muzyk\u0105 filmow\u0105.<\/p>\n<h2>\u00a0<\/h2>\n<h2 style=\"text-align: center;\"><strong>Henryka Iglewska-Mocek (1997-2021)<\/strong><\/h2>\n<p><img loading=\"lazy\" class=\"antii alignnone wp-image-2818 size-full\" src=\"https:\/\/kopernik.kalisz.pl\/kopernik-ssm\/chor\/wp-content\/uploads\/2019\/02\/iglewska-mocek.png\" alt=\"\" width=\"190\" height=\"255\" align=\"left\" \/><br \/>Absolwentka Instytutu Wychowania Muzycznego Wy\u017cszej Szko\u0142y Pedagogicznej w Bydgoszczy. Jest nauczycielem dyplomowanym z wieloletnim sta\u017cem.<\/p>\n<p>Uczestniczka wielu warsztat\u00f3w muzycznych i seminari\u00f3w organizowanych przez PZCHiO, a tak\u017ce Mi\u0119dzynarodowych Sympozj\u00f3w dla dyrygent\u00f3w, organizowanych w Gda\u0144sku przez Narodowe Centrum Kultury, prowadzonych przez wybitnych dyrygent\u00f3w i specjalist\u00f3w w zakresie dyrygowania i kszta\u0142cenia emisji g\u0142osu z ca\u0142ej Europy. Jest r\u00f3wnie\u017c uczestnikiem seminari\u00f3w dla dyrygent\u00f3w w Legnicy podczas Og\u00f3lnopolskiego Konkursu &#8222;Legnica Cantat&#8221;.<\/p>\n<p>Wsp\u00f3\u0142pracuje z Zespo\u0142em Dyrygent\u00f3w Ch\u00f3r\u00f3w Szkolnych, wnosz\u0105c r\u00f3wnocze\u015bnie wiele ciekawych w\u0142asnych pomys\u0142\u00f3w.<\/p>\n<p>Od 1 wrze\u015bnia 2006 roku uczestniczy w Og\u00f3lnopolskim Programie Rozwoju Ch\u00f3r\u00f3w Szkolnych &#8222;\u015apiewaj\u0105ca Polska&#8221; (od 2015 roku Projekt Narodowego Forum muzyki &#8211; Akademia Ch\u00f3ralna \u2013 \u015apiewaj\u0105ca Polska)\u00a0oraz warsztatach muzycznych organizowanych przez PZCHiO oraz Narodowe Centrum Kultury.<\/p>\n<p>Za\u0142o\u017cycielka i dyrygent wielu zespo\u0142\u00f3w ch\u00f3ralnych w okr\u0119gu kaliskim. Od 1997 roku dyrygent i kierownik artystyczny Ch\u00f3ru &#8222;Kopernik&#8221; III Liceum Og\u00f3lnokszta\u0142c\u0105cego w Kaliszu. Prowadzi r\u00f3wnie\u017c emisj\u0119 g\u0142osu w Ch\u00f3rze Ch\u0142opi\u0119co-M\u0119skim Bazyliki Kaliskiej.<\/p>\n<p>Aktywna cz\u0142onkini Polskiego Zwi\u0105zku Ch\u00f3r\u00f3w i Orkiestr, odznaczona z\u0142ot\u0105 odznak\u0105 tej instytucji (2009). Wielokrotna laureatka Nagrody Dyrektora Szko\u0142y (1998, 1999, 2002, 2004, 2005, 2006, 2008, 2014, 2015, 2016), laureatka Nagrody Prezydenta Miasta Kalisza (2003, 2011, 2013, 2017), Nagrody Miasta Kalisza (2018), odznaczona odznak\u0105 Zas\u0142u\u017cony Dzia\u0142acz Kultury (1993), otrzyma\u0142a Medal Komisji Edukacji Narodowej (2010) oraz Nagrod\u0119 Wielkopolskiego Kuratora O\u015bwiaty (2013) za szczeg\u00f3lne zas\u0142ugi dla o\u015bwiaty i wychowania, w finale XXXII Og\u00f3lnopolskiego Konkursu Ch\u00f3r\u00f3w a Cappella Dzieci i M\u0142odzie\u017cy (2012) otrzyma\u0142a nagrod\u0119 specjaln\u0105 ufundowan\u0105 przez Ministra Edukacji Narodowej dla najlepszego dyrygenta oraz Nagrod\u0119 Ministra Edukacji Narodowej za wybitne osi\u0105gni\u0119cia w pracy dydaktycznej i wychowawczej (2015). W roku podw\u00f3jnego jubileuszu: 40-lecia pracy zawodowej i 20-lecia Ch\u00f3ru \u201eKopernik\u201d (2017) zosta\u0142a Laureatk\u0105 Konkursu na Wielkopolskiego Nauczyciela Roku oraz otrzyma\u0142a Odznaczenie Z\u0142otego Krzy\u017ca Zas\u0142ugi od Prezydenta RP Andrzeja Dudy.<\/p>\n<p>Opr\u00f3cz ogromnej dzia\u0142alno\u015bci artystycznej pani Henryki Iglewskiej &#8211; Mocek na uwag\u0119 zas\u0142uguje jej osobowo\u015b\u0107 i magnetyzm. To dzi\u0119ki swemu urokowi osobistemu, wielkiej kulturze osobistej, ogromnej wiedzy i muzykalno\u015bci potrafi uj\u0105\u0107 nie tylko ch\u00f3rzyst\u00f3w, ale i osoby przebywaj\u0105ce w jej otoczeniu.<\/p>\n\n\n<p><\/p>\n","protected":false},"excerpt":{"rendered":"<p>Maria Szczap (2021-obecnie) Absolwentka Uniwersytetu Adama Mickiewicza w Poznaniu, Kierunek &#8211; Edukacja Artystyczna w Zakresie&#8230;<\/p>\n","protected":false},"author":7,"featured_media":0,"parent":0,"menu_order":0,"comment_status":"closed","ping_status":"closed","template":"","meta":[],"_links":{"self":[{"href":"https:\/\/kopernik.kalisz.pl\/kopernik-ssm\/chor\/wp-json\/wp\/v2\/pages\/2771"}],"collection":[{"href":"https:\/\/kopernik.kalisz.pl\/kopernik-ssm\/chor\/wp-json\/wp\/v2\/pages"}],"about":[{"href":"https:\/\/kopernik.kalisz.pl\/kopernik-ssm\/chor\/wp-json\/wp\/v2\/types\/page"}],"author":[{"embeddable":true,"href":"https:\/\/kopernik.kalisz.pl\/kopernik-ssm\/chor\/wp-json\/wp\/v2\/users\/7"}],"replies":[{"embeddable":true,"href":"https:\/\/kopernik.kalisz.pl\/kopernik-ssm\/chor\/wp-json\/wp\/v2\/comments?post=2771"}],"version-history":[{"count":33,"href":"https:\/\/kopernik.kalisz.pl\/kopernik-ssm\/chor\/wp-json\/wp\/v2\/pages\/2771\/revisions"}],"predecessor-version":[{"id":9447,"href":"https:\/\/kopernik.kalisz.pl\/kopernik-ssm\/chor\/wp-json\/wp\/v2\/pages\/2771\/revisions\/9447"}],"wp:attachment":[{"href":"https:\/\/kopernik.kalisz.pl\/kopernik-ssm\/chor\/wp-json\/wp\/v2\/media?parent=2771"}],"curies":[{"name":"wp","href":"https:\/\/api.w.org\/{rel}","templated":true}]}}