{"id":2825,"date":"2018-12-17T10:58:56","date_gmt":"2018-12-17T09:58:56","guid":{"rendered":"https:\/\/n1.kopernik.kalisz.pl\/kopernik-ssm\/chor\/?page_id=2825"},"modified":"2023-06-14T15:49:49","modified_gmt":"2023-06-14T13:49:49","slug":"historia","status":"publish","type":"page","link":"https:\/\/kopernik.kalisz.pl\/kopernik-ssm\/chor\/historia\/","title":{"rendered":"Historia"},"content":{"rendered":"\n<p><strong>DZIA\u0141<\/strong><strong>ALNO<\/strong><strong>\u015a\u0106 <\/strong><strong>CH<\/strong><strong>\u00d3RU<\/strong><\/p>\n\n\n\n<p>Ch\u00f3r \u201dKopernik\u201d III Liceum Og\u00f3lnokszta\u0142c\u0105cego w Kaliszu istnieje od 4 wrze\u015bnia 1997 roku (do 2003 roku pod nazw\u0105 M\u0142odzie\u017cowy Ch\u00f3r III Liceum Og\u00f3lnokszta\u0142c\u0105cego w Kaliszu), kiedy to dyrygent i kierownik artystyczny zespo\u0142u \u2013 Henryka Iglewska-Mocek, przeprowadzi\u0142a nab\u00f3r w\u015br\u00f3d uczni\u00f3w szko\u0142y do nowo powstaj\u0105cego ch\u00f3ru. Ju\u017c 13 pa\u017adziernika 1997 roku da\u0142 on sw\u00f3j pierwszy koncert podczas obchod\u00f3w Dnia Edukacji Narodowej. Od tego czasu, nieustannie szerzy w\u015br\u00f3d m\u0142odzie\u017cy mi\u0142o\u015b\u0107 do muzyki ch\u00f3ralnej, co przek\u0142ada si\u0119 na liczne sukcesy odniesione przez zesp\u00f3\u0142.<\/p>\n\n\n\n<figure class=\"wp-block-image size-large\"><img loading=\"lazy\" width=\"575\" height=\"405\" src=\"https:\/\/kopernik.kalisz.pl\/kopernik-ssm\/chor\/wp-content\/uploads\/2023\/06\/1-7.jpg\" alt=\"\" class=\"wp-image-9315\" srcset=\"https:\/\/kopernik.kalisz.pl\/kopernik-ssm\/chor\/wp-content\/uploads\/2023\/06\/1-7.jpg 575w, https:\/\/kopernik.kalisz.pl\/kopernik-ssm\/chor\/wp-content\/uploads\/2023\/06\/1-7-300x211.jpg 300w\" sizes=\"(max-width: 575px) 100vw, 575px\" \/><\/figure>\n\n\n\n<p>Pierwszy sk\u0142ad ch\u00f3ru; aula III LO w Kaliszu (1997)<\/p>\n\n\n\n<p>Dzia\u0142alno\u015b\u0107 ch\u00f3ru wspierana by\u0142a w\u00f3wczas przez wiele os\u00f3b, instytucji pa\u0144stwowych oraz sponsor\u00f3w prywatnych, dzi\u0119ki kt\u00f3rym ch\u00f3r m\u00f3g\u0142 rozwija\u0107 si\u0119 w przyjaznej atmosferze. Na szczeg\u00f3lne uznanie zas\u0142uguje dr El\u017cbieta Steczek-Czerniawska \u2013 by\u0142a dyrektor III Liceum Og\u00f3lnokszta\u0142c\u0105cego im. Miko\u0142aja Kopernika, kt\u00f3ra od samego pocz\u0105tku za\u0142o\u017cenia zespo\u0142u wspiera\u0142a jego dzia\u0142alno\u015b\u0107. \u017byczliwa zespo\u0142owi jest r\u00f3wnie\u017c obecna dyrektor mgr Anna Narewska, jak r\u00f3wnie\u017c Rada Rodzic\u00f3w III LO oraz Grono Pedagogiczne szko\u0142y.<\/p>\n\n\n\n<p>Mecenat nad ch\u00f3rem III Liceum obj\u0105\u0142 r\u00f3wnie\u017c polski koncern energetyczny ENERGA, dzi\u0119ki kt\u00f3remu zesp\u00f3\u0142 m\u00f3g\u0142 zakupi\u0107 m.in. elektroniczne pianino cyfrowe. ENERGA organizowa\u0142a r\u00f3wnie\u017c liczne koncerty bo\u017conarodzeniowe z udzia\u0142em \u201dKopernika\u201d.<\/p>\n\n\n\n<p>Wspomnie\u0107 wypada w ko\u0144cu w\u0142a\u015bcicieli O\u015brodka Szkoleniowo\u2013Wypoczynkowego Mikstat \u2013 Las w miejscowo\u015bci Mikstat Pustkowie. To Pa\u0144stwo Marianna i Eugeniusz Molendowscy, kt\u00f3rych \u017cyczliwa opieka na corocznych warsztatach szkoleniowych pozwala\u0142a przygotowa\u0107 kolejny sezon artystyczny w nowym roku koncertowym.<\/p>\n\n\n\n<p>Ch\u00f3r \u201eKopernik\u201d wsp\u00f3\u0142pracowa\u0142 z wieloma kompozytorami wsp\u00f3\u0142czesnej muzyki ch\u00f3ralnej, m.in. z Bernardem Stielerem, kt\u00f3ry skomponowa\u0142 i aran\u017cowa\u0142 specjalnie dla ch\u00f3ru kilka popularnych utwor\u00f3w wykonywanych przez zesp\u00f3\u0142. Ma w swoim dorobku p\u0142yt\u0119 studyjn\u0105 z 2004 roku.<\/p>\n\n\n\n<p>20-lecie powstania Ch\u00f3ru ,,Kopernik\u2019\u2019 odby\u0142o si\u0119 na g\u0142\u00f3wnej scenie Teatru im. Wojciecha Bogus\u0142awskiego i sta\u0142o si\u0119 \u017ar\u00f3d\u0142em wielu zdj\u0119\u0107 i bogatych zbi\u00f3r nagra\u0144 video oraz szans\u0105 na integracje uczni\u00f3w i absolwent\u00f3w dw\u00f3ch dyrygentek.<\/p>\n\n\n\n<p><strong>UDZIA\u0141 <\/strong><strong>W PRZEGL<\/strong><strong>\u0104<\/strong><strong>DACH, KONKURSACH I FESTIWALACH<\/strong><\/p>\n\n\n\n<p>Dzia\u0142alno\u015b\u0107 konkursow\u0105 w cyklu Og\u00f3lnopolskich Konkurs\u00f3w Ch\u00f3r\u00f3w a Cappella Dzieci i M\u0142odzie\u017cy ch\u00f3r rozpocz\u0105\u0142 w roku 2000. W tym elitarnym cyklu konkurs\u00f3w, odbywaj\u0105cym si\u0119 od 1980 roku, ch\u00f3r ju\u017c pierwszym swoim uczestnictwem zdoby\u0142 w etapie wojew\u00f3dzkim XX Og\u00f3lnopolskiego Konkursu Ch\u00f3r\u00f3w a Cappella Dzieci i M\u0142odzie\u017cy w Poznaniu I nagrod\u0119. Od roku 2000 ch\u00f3r kontynuowa\u0142 pasmo sukces\u00f3w, co roku uczestnicz\u0105c w kolejnych edycjach tego przedsi\u0119wzi\u0119cia. &nbsp;W 2008, 2011 oraz 2012 roku wyst\u0105pi\u0142 w finale Og\u00f3lnopolskiego Konkursu Ch\u00f3r\u00f3w Szkolnych w Bydgoszczy.<\/p>\n\n\n\n<figure class=\"wp-block-image size-large\"><img loading=\"lazy\" width=\"1024\" height=\"683\" src=\"https:\/\/kopernik.kalisz.pl\/kopernik-ssm\/chor\/wp-content\/uploads\/2023\/06\/2-2-1024x683.jpg\" alt=\"\" class=\"wp-image-9316\" srcset=\"https:\/\/kopernik.kalisz.pl\/kopernik-ssm\/chor\/wp-content\/uploads\/2023\/06\/2-2-1024x683.jpg 1024w, https:\/\/kopernik.kalisz.pl\/kopernik-ssm\/chor\/wp-content\/uploads\/2023\/06\/2-2-300x200.jpg 300w, https:\/\/kopernik.kalisz.pl\/kopernik-ssm\/chor\/wp-content\/uploads\/2023\/06\/2-2-768x512.jpg 768w, https:\/\/kopernik.kalisz.pl\/kopernik-ssm\/chor\/wp-content\/uploads\/2023\/06\/2-2-1536x1024.jpg 1536w, https:\/\/kopernik.kalisz.pl\/kopernik-ssm\/chor\/wp-content\/uploads\/2023\/06\/2-2.jpg 2048w\" sizes=\"(max-width: 1024px) 100vw, 1024px\" \/><\/figure>\n\n\n\n<p>\u015apiewaj\u0105ca Polska &#8211; edycja 2023, Narodowe Forum Muzyki we Wroc\u0142awiu (2023)<\/p>\n\n\n\n<p>Od 2006 roku zesp\u00f3\u0142 uczestniczy w Og\u00f3lnopolskim Programie Rozwoju Ch\u00f3r\u00f3w Szkolnych Akademia Ch\u00f3ralna \u2013 \u201d\u015apiewaj\u0105ca Polska\u201d, zdobywaj\u0105c w przegl\u0105dach \u201dZ\u0142ote Pasma\u201d i \u201dZ\u0142ote Klucze\u201d (cz\u0119\u015b\u0107 z nich z wyr\u00f3\u017cnieniem). W 2008 roku ch\u00f3r bra\u0142 udzia\u0142 w II Og\u00f3lnopolskim Festiwalu \u015apiewaj\u0105cej Polski \u201eWratislawa Cantans\u201d w Filharmonii Narodowej w Warszawie. W 2014 roku ch\u00f3r uczestniczy\u0142 w festiwalu \u201eA to Polska w\u0142a\u015bnie\u201d \u2013 koncercie fina\u0142owym Og\u00f3lnopolskiego Programu Rozwoju Ch\u00f3r\u00f3w Szkolnych \u201e\u015apiewaj\u0105ca Polska\u201d w Europejskim Centrum Muzyki Krzysztofa Pendereckiego w Lus\u0142awicach, kt\u00f3rego go\u015bciem specjalnym by\u0142 Zesp\u00f3\u0142 Pie\u015bni i Ta\u0144ca \u015al\u0105sk im. Stanis\u0142awa Hadyny. Kolejny raz ch\u00f3r zosta\u0142 zaproszony do uczestniczenia w finale \u015apiewaj\u0105cej Polski w 2016 \u2013 mia\u0142 on miejsce w Narodowym Forum Muzyki we Wroc\u0142awiu, natomiast w 2019 w Operze Narodowej w Warszawie. Od 2022 roku ch\u00f3r regularnie wyst\u0119puje na koncertach dyplomowych student\u00f3w Wydzia\u0142u Pedagogiczno-Artystycznego w Kaliszu UAM. W roku szkolnym 2022\/2023 zesp\u00f3\u0142 uczestniczy\u0142 go\u015bcinnie w wielu koncertach organizowanych przez zarz\u0105d wojew\u00f3dztwa oraz miasta Kalisz, min. Koncert kol\u0119d, ku czci Powstania Wielkopolskiego w Poznaniu.<\/p>\n\n\n\n<p>W 2023 roku po pandemicznej przerwie ch\u00f3r powr\u00f3ci\u0142 do uczestnictwa w programie ,,\u015apiewaj\u0105ca Polska\u2019\u2019, zdobywaj\u0105c najwy\u017csze odznaczenie &#8211; Z\u0141OTE PASMO.<\/p>\n\n\n\n<p><strong>KONCERTY OKOLICZNO<\/strong><strong>\u015a<\/strong><strong>CIOWE I CYKLICZNE<\/strong><\/p>\n\n\n\n<p>Ch\u00f3r \u201dKopernik\u201d \u2013 poza dzia\u0142alno\u015bci\u0105 artystyczn\u0105 w szkole (Wa\u017cnym wydarzeniem dla ch\u00f3rzyst\u00f3w, dyrygenta, Grona Pedagogicznego szko\u0142y oraz m\u0142odzie\u017cy licealnej s\u0105 odbywaj\u0105ce si\u0119 od 1997 roku koncerty \u015bwi\u0105teczne w auli III LO.) \u2013 koncertuje r\u00f3wnie\u017c na rzecz wielu instytucji, zrzesze\u0144, organizacji oraz w\u0142adz pa\u0144stwowych, samorz\u0105dowych i ko\u015bcielnych \u2013 na terenie ca\u0142ego wojew\u00f3dztwa wielkopolskiego.<\/p>\n\n\n\n<p>Ch\u00f3r uczestniczy\u0142 w uroczysto\u015bciach pa\u0144stwowych, z udzia\u0142em wielu, wa\u017cnych osobisto\u015bci narodowych. Wyst\u0119powa\u0142 przed ambasadorami Stan\u00f3w Zjednoczonych i Izraela.<\/p>\n\n\n\n<figure class=\"wp-block-image size-large\"><img loading=\"lazy\" width=\"500\" height=\"309\" src=\"https:\/\/kopernik.kalisz.pl\/kopernik-ssm\/chor\/wp-content\/uploads\/2023\/06\/3-3.jpg\" alt=\"\" class=\"wp-image-9317\" srcset=\"https:\/\/kopernik.kalisz.pl\/kopernik-ssm\/chor\/wp-content\/uploads\/2023\/06\/3-3.jpg 500w, https:\/\/kopernik.kalisz.pl\/kopernik-ssm\/chor\/wp-content\/uploads\/2023\/06\/3-3-300x185.jpg 300w\" sizes=\"(max-width: 500px) 100vw, 500px\" \/><\/figure>\n\n\n\n<p>Leszek Miler, Ods\u0142oni\u0119cie pomnika ofiar WTC (2002)<\/p>\n\n\n\n<p>Wielokrotnie zesp\u00f3\u0142 bra\u0142 udzia\u0142 w uroczysto\u015bciach Dnia Sybiraka, Kombatant\u00f3w, Rodzin Katy\u0144skich, Inwalid\u00f3w Wojennych, Ligi Obrony Kraju, Delegat\u00f3w NSZZ \u201dSolidarno\u015b\u0107\u201d, obchodach Konstytucji 3 Maja, \u015awi\u0119cie Odzyskania Niepodleg\u0142o\u015bci oraz szeregu innych, zwi\u0105zanych z \u017cyciem Miasta Kalisza. Zesp\u00f3\u0142 ch\u00f3ralny uczestniczy\u0142 r\u00f3wnie\u017c w wielu projektach muzycznych z Filharmoni\u0105 Kalisk\u0105 oraz z kaliskimi zespo\u0142ami ch\u00f3ralnymi i artystami. To w\u0142a\u015bnie \u015bpiewaj\u0105cy \u201dKopernik\u201d (jako go\u015b\u0107 specjalny) wzi\u0105\u0142 udzia\u0142 w koncercie pt. \u201dCzy mnie jeszcze pami\u0119tasz?\u201d, na kt\u00f3rym wykonane zosta\u0142y utwory Czes\u0142awa Niemena w nowych aran\u017cacjach Marka \u0141akomego z towarzyszeniem Filharmonii Kaliskiej. Ch\u00f3r wraz z Filharmoni\u0105 Kalisk\u0105 wykona\u0142 wielk\u0105 form\u0119 wokalno-instrumentaln\u0105 \u2013 kantat\u0119 \u201dWidma\u201d Stanis\u0142awa Moniuszki. Wykonaniem dzie\u0142a dyrygowa\u0142 Tadeusz Wicherek.<\/p>\n\n\n\n<figure class=\"wp-block-image size-large\"><img loading=\"lazy\" width=\"575\" height=\"430\" src=\"https:\/\/kopernik.kalisz.pl\/kopernik-ssm\/chor\/wp-content\/uploads\/2023\/06\/4-2.jpg\" alt=\"\" class=\"wp-image-9320\" srcset=\"https:\/\/kopernik.kalisz.pl\/kopernik-ssm\/chor\/wp-content\/uploads\/2023\/06\/4-2.jpg 575w, https:\/\/kopernik.kalisz.pl\/kopernik-ssm\/chor\/wp-content\/uploads\/2023\/06\/4-2-300x224.jpg 300w\" sizes=\"(max-width: 575px) 100vw, 575px\" \/><\/figure>\n\n\n\n<p>\u201eWidma\u201d Stanis\u0142awa Moniuszki; Ko\u015bci\u00f3\u0142 Garnizonowy (2005)<\/p>\n\n\n\n<p>Tradycj\u0105 bo\u017conarodzeniow\u0105 sta\u0142y si\u0119 coroczne koncerty kol\u0119d, pastora\u0142ek i pie\u015bni \u015bwi\u0105tecznych wykonywanych przez ch\u00f3r w Ko\u015bciele Garnizonowym (Ko\u015bci\u00f3\u0142 \u015bw. Wojciecha i \u015bw. Stanis\u0142awa Biskupa) w Kaliszu. W 2002 roku koncert bo\u017conarodzeniowy odbywa\u0142 si\u0119 z udzia\u0142em wielu ch\u00f3r\u00f3w kaliskich i towarzysz\u0105c\u0105 im Orkiestr\u0105 Symfoniczn\u0105 Filharmonii Kaliskiej. Od 2007 roku w widowiskach towarzyszy\u0142 nam Ch\u00f3r Ch\u0142opi\u0119co-M\u0119ski Bazyliki Kaliskiej. Ka\u017cdy z koncert\u00f3w ma inny motyw przewodni wymy\u015blany corocznie przez dyrygent\u00f3w obu ch\u00f3r\u00f3w.<\/p>\n\n\n\n<p>Kolejnym du\u017cym projektem, w jakim mia\u0142 przyjemno\u015b\u0107 wzi\u0105\u0107 udzia\u0142 nasz ch\u00f3r by\u0142 Koncert Muzyki Zygmunta Koniecznego, do udzia\u0142u w kt\u00f3rym zaprosi\u0142 nas kierownik artystyczny, a zarazem dyrygent projektu \u2013 Miko\u0142aj Blajda. Wyst\u0119p mia\u0142 miejsce 12 maja 2013 roku w Teatrze im. Wojciecha Bogus\u0142awskiego w Kaliszu, gdzie mogli\u015bmy towarzyszy\u0107 Orkiestrze Sinfonietta Cracovia oraz solistom: Lidii Bogacz\u00f3wnej, Joannie Lewandowskiej, Dorocie Osi\u0144skiej, Joannie S\u0142owi\u0144siej, Beacie Wojciechowskiej, Leszkowi Hefi Wi\u015bniowskiemu oraz Tadeuszowi Zi\u0119bie. Mieli\u015bmy przyjemno\u015b\u0107 pozna\u0107 r\u00f3wnie\u017c samego kompozytora Zygmunta Koniecznego.<\/p>\n\n\n\n<figure class=\"wp-block-image size-large\"><img loading=\"lazy\" width=\"1024\" height=\"683\" src=\"https:\/\/kopernik.kalisz.pl\/kopernik-ssm\/chor\/wp-content\/uploads\/2023\/06\/5-2.jpg\" alt=\"\" class=\"wp-image-9319\" srcset=\"https:\/\/kopernik.kalisz.pl\/kopernik-ssm\/chor\/wp-content\/uploads\/2023\/06\/5-2.jpg 1024w, https:\/\/kopernik.kalisz.pl\/kopernik-ssm\/chor\/wp-content\/uploads\/2023\/06\/5-2-300x200.jpg 300w, https:\/\/kopernik.kalisz.pl\/kopernik-ssm\/chor\/wp-content\/uploads\/2023\/06\/5-2-768x512.jpg 768w\" sizes=\"(max-width: 1024px) 100vw, 1024px\" \/><\/figure>\n\n\n\n<p>Jego Wysoko\u015b\u0107 dr Ekoka Andrew Molindo wraz z ch\u00f3rzystami w auli III LO (2017)<\/p>\n\n\n\n<p>W 2017 roku z okazji zako\u0144czenia roku Stefana Szolca-Rogozi\u0144skiego w kaliskiej Hali Arena odby\u0142 si\u0119 koncert muzyki afryka\u0144skiej \u201eRichard Bona symfoniczne\u201d. Gwiazd\u0105 wieczoru by\u0142 Richard Bona \u2013 kameru\u0144ski multiinstrumentalista, gitarzysta basowy, perkusista i wokalista. Wraz z innymi ch\u00f3rami kaliskimi i Orkiestr\u0105 Symfoniczn\u0105 Filharmonii Kaliskiej Ch\u00f3r \u201eKopernik\u201d wzi\u0105\u0142 udzia\u0142 w tym wydarzeniu. Poznali\u015bmy wtedy Jego Wysoko\u015b\u0107 dr Ekoka Andrew Molindo \u2013 w\u0142adc\u0119 ludu Mondoli, kt\u00f3ry by\u0142 go\u015bciem III LO.<\/p>\n\n\n\n<p>Od 2022 roku ch\u00f3r uczestniczy w Akcji \u017bonkile, kt\u00f3ra wspomina wybuch powstania w getcie warszawskim, ku pami\u0119ci temu wydarzeniu zesp\u00f3\u0142 przygotowuje i publikuje na mediach spo\u0142eczno\u015bciowych piosenki \u017cydowskie w oryginalnych aran\u017cacjach.<\/p>\n\n\n\n<p><strong>WSP<\/strong><strong>\u00d3\u0141<\/strong><strong>PRACA MI<\/strong><strong>\u0118DZYNARODOWA I ZAGRANICZNE TRASY KONCERTOWE<\/strong><\/p>\n\n\n\n<p>Ch\u00f3r \u201dKopernik\u201d III LO koncertowa\u0142 r\u00f3wnie\u017c poza granicami kraju. Pierwsze koncerty za granic\u0105 ch\u00f3ru da\u0142 na niemieckiej wyspie Norderney w listopadzie 2005 roku. Koncerty te odbi\u0142y si\u0119 szerokim echem w niemieckiej prasie. Drugim wielkim wydarzeniem dla ch\u00f3ru by\u0142o tournee po p\u00f3\u0142nocnych W\u0142oszech (Busnago ko\u0142o Mediolanu oraz Roncello \u2013 koncerty w ko\u015bciele; Lecco, Bergamo, Mediolan \u2013 koncerty plenerowe; Verona, Wenecja \u2013 zwiedzanie) we wrze\u015bniu 2006 roku. Trzeci wyjazd, r\u00f3wnie\u017c do W\u0142och, ch\u00f3r odby\u0142 do Ceccano \u2013 okolice Rzymu, gdzie sp\u0119dzi\u0142 pi\u0119\u0107 cudownych dni we wrze\u015bniu 2015 w towarzystwie ch\u00f3ru m\u0142odzie\u017cowego lokalnej szko\u0142y. Ch\u00f3r zwiedza\u0142 i koncertowa\u0142 w ko\u015bcio\u0142ach i w plenerze w Neapolu, Rzymie, na Monte Cassino i innych, mniejszych miasteczkach: Vallecorsie, Ceccano i Amaseno. Zespo\u0142y ch\u00f3ralne z kraj\u00f3w, w kt\u00f3rych go\u015bci\u0142 ch\u00f3r, przyby\u0142y r\u00f3wnie\u017c do Kalisza z rewizyt\u0105, odpowiednio w 2006, 2007 i 2016 roku. Ch\u00f3r koncertowa\u0142 r\u00f3wnie\u017c dla delegacji z Anglii, Francji, Holandii, Izraela, Szwajcarii, Ukrainy i S\u0142owacji.<\/p>\n\n\n\n<figure class=\"wp-block-image size-large\"><img loading=\"lazy\" width=\"1024\" height=\"593\" src=\"https:\/\/kopernik.kalisz.pl\/kopernik-ssm\/chor\/wp-content\/uploads\/2023\/06\/6-2.jpg\" alt=\"\" class=\"wp-image-9318\" srcset=\"https:\/\/kopernik.kalisz.pl\/kopernik-ssm\/chor\/wp-content\/uploads\/2023\/06\/6-2.jpg 1024w, https:\/\/kopernik.kalisz.pl\/kopernik-ssm\/chor\/wp-content\/uploads\/2023\/06\/6-2-300x174.jpg 300w, https:\/\/kopernik.kalisz.pl\/kopernik-ssm\/chor\/wp-content\/uploads\/2023\/06\/6-2-768x445.jpg 768w\" sizes=\"(max-width: 1024px) 100vw, 1024px\" \/><\/figure>\n\n\n\n<p>Koncert w ko\u015bciele Stella Maris w Norderney (2005)<\/p>\n\n\n\n<p>W styczniu 2021 roku ponad 23 latach prowadzenia ch\u00f3ru i ponad 43 latach pracy zawodowej, pani dyrygent Henryka Iglewska-Mocek odesz\u0142a na zas\u0142u\u017con\u0105 emerytur\u0119. Dorobek artystyczny jaki po sobie pozostawi\u0142a budzi podziw i uznanie. Zaszczepi\u0142a w sercach dziesi\u0105tek m\u0142odych ludzi mi\u0142o\u015b\u0107 do muzyki ch\u00f3ralnej. Nauczy\u0142a ich wysokiego stawiania poprzeczki, wytrwa\u0142o\u015bci w d\u0105\u017ceniu do celu, zalet pracy zespo\u0142owej i czerpania satysfakcji ze swojej pracy.<\/p>\n\n\n\n<p>Nowym dyrygentem Ch\u00f3ru \u201eKopernik\u201d od 18 stycznia 2021 roku zosta\u0142a Maria Szczap. Od razu zyska\u0142a zaufanie i przychylno\u015b\u0107 uczni\u00f3w, zara\u017caj\u0105c ich energi\u0105 i motywacja do pracy. Dzi\u0119ki ogromnemu warsztatowi do\u015bwiadcze\u0144, kt\u00f3rymi Pani dyrygent z ch\u0119ci\u0105 si\u0119 dzieli i przyjaznej atmosferze na pr\u00f3bach, ch\u00f3r zacz\u0105\u0142 si\u0119 rozwija\u0107 w b\u0142yskawicznym tempie, zdobywaj\u0105c znakomite osi\u0105gni\u0119cia.<\/p>\n","protected":false},"excerpt":{"rendered":"<p>DZIA\u0141ALNO\u015a\u0106 CH\u00d3RU Ch\u00f3r \u201dKopernik\u201d III Liceum Og\u00f3lnokszta\u0142c\u0105cego w Kaliszu istnieje od 4 wrze\u015bnia 1997 roku&#8230;<\/p>\n","protected":false},"author":7,"featured_media":0,"parent":0,"menu_order":0,"comment_status":"closed","ping_status":"closed","template":"","meta":[],"_links":{"self":[{"href":"https:\/\/kopernik.kalisz.pl\/kopernik-ssm\/chor\/wp-json\/wp\/v2\/pages\/2825"}],"collection":[{"href":"https:\/\/kopernik.kalisz.pl\/kopernik-ssm\/chor\/wp-json\/wp\/v2\/pages"}],"about":[{"href":"https:\/\/kopernik.kalisz.pl\/kopernik-ssm\/chor\/wp-json\/wp\/v2\/types\/page"}],"author":[{"embeddable":true,"href":"https:\/\/kopernik.kalisz.pl\/kopernik-ssm\/chor\/wp-json\/wp\/v2\/users\/7"}],"replies":[{"embeddable":true,"href":"https:\/\/kopernik.kalisz.pl\/kopernik-ssm\/chor\/wp-json\/wp\/v2\/comments?post=2825"}],"version-history":[{"count":29,"href":"https:\/\/kopernik.kalisz.pl\/kopernik-ssm\/chor\/wp-json\/wp\/v2\/pages\/2825\/revisions"}],"predecessor-version":[{"id":9321,"href":"https:\/\/kopernik.kalisz.pl\/kopernik-ssm\/chor\/wp-json\/wp\/v2\/pages\/2825\/revisions\/9321"}],"wp:attachment":[{"href":"https:\/\/kopernik.kalisz.pl\/kopernik-ssm\/chor\/wp-json\/wp\/v2\/media?parent=2825"}],"curies":[{"name":"wp","href":"https:\/\/api.w.org\/{rel}","templated":true}]}}