{"id":2827,"date":"2018-12-17T11:00:27","date_gmt":"2018-12-17T10:00:27","guid":{"rendered":"https:\/\/n1.kopernik.kalisz.pl\/kopernik-ssm\/chor\/?page_id=2827"},"modified":"2023-06-15T14:30:53","modified_gmt":"2023-06-15T12:30:53","slug":"z-zycia-choru","status":"publish","type":"page","link":"https:\/\/kopernik.kalisz.pl\/kopernik-ssm\/chor\/z-zycia-choru\/","title":{"rendered":"Z \u017cycia ch\u00f3ru"},"content":{"rendered":"\n<p class=\"has-text-align-center\"><strong>Rekrutacja<\/strong><\/p>\n\n\n\n<p>Ch\u00f3rzyst\u0105 mo\u017ce zosta\u0107 ka\u017cdy ucze\u0144 Kopernika. Na pocz\u0105tku roku szkolnego Pani Dyrygent na lekcjach muzyki rozmawia z uczniami na temat ich styczno\u015bci z muzyk\u0105 i zaprasza ch\u0119tnych na pr\u00f3by Ch\u00f3ru. Je\u015bli ucze\u0144 uzna, \u017ce chce do nas do\u0142\u0105czy\u0107, musi nauczy\u0107 si\u0119 kilku ch\u00f3ralnych utwor\u00f3w i przyj\u015b\u0107 na przes\u0142uchanie. Po pomy\u015blnym przej\u015bciu przes\u0142uchania uczniowie do\u0142\u0105czaj\u0105 do naszej grupy na Facebooku i oficjalnie staj\u0105 si\u0119 cz\u0142onkami Ch\u00f3ru \u201eKopernik\u201d. Oczywi\u015bcie bramy ch\u00f3ru s\u0105 zawsze otwarte i uczniowie mog\u0105 do nas do\u0142\u0105czy\u0107 w ka\u017cdej chwili.<\/p>\n\n\n\n<p class=\"has-text-align-center\"><strong>Pr\u00f3by<\/strong><\/p>\n\n\n\n<p>Pr\u00f3by naszego Ch\u00f3ru odbywaj\u0105 si\u0119 codziennie w r\u00f3\u017cnych godzinach, a ch\u00f3rzy\u015bci przychodz\u0105 wtedy, kiedy maj\u0105 czas i sko\u0144czyli ju\u017c lekcje. Wa\u017cne jest jednak, \u017ceby ka\u017cdy by\u0142 przynajmniej na czterech godzinach ch\u00f3ru w tygodniu. Niekt\u00f3rzy, potrafi\u0105 by\u0107 na pr\u00f3bach nawet dziesi\u0119\u0107 godzin tygodniowo, poniewa\u017c nie ma tam nudy.<\/p>\n\n\n\n<p>Zaj\u0119cia zazwyczaj rozpoczyna kr\u00f3tka rozgrzewka zawieraj\u0105ca zar\u00f3wno \u0107wiczenia oddechowe, jak i wokalne. P\u00f3\u017aniej przechodzimy do rozczytywania utwor\u00f3w, a Pani Dyrygent po kolei powtarza z ch\u00f3rzystami partie poszczeg\u00f3lnych g\u0142os\u00f3w. Gdy wszyscy znaj\u0105 ju\u017c swoj\u0105 melodi\u0119, staramy si\u0119 \u015bpiewa\u0107 razem i pracowa\u0107 nad szczeg\u00f3\u0142ami.<\/p>\n\n\n\n<p>Nieco inaczej wygl\u0105daj\u0105 nasze pr\u00f3by przed koncertami. Wtedy musz\u0105 pojawi\u0107 si\u0119 wszyscy ch\u00f3rzy\u015bci, a obowi\u0105zkowa pr\u00f3ba trwa najcz\u0119\u015bciej dwie godziny. Utwory s\u0105 ju\u017c wtedy przygotowane i mo\u017cemy skupi\u0107 si\u0119 na wsp\u00f3lnej interpretacji.<\/p>\n\n\n\n<figure class=\"wp-block-image size-large\"><img loading=\"lazy\" width=\"750\" height=\"780\" src=\"https:\/\/kopernik.kalisz.pl\/kopernik-ssm\/chor\/wp-content\/uploads\/2023\/06\/Zycie-choru-1-1.jpeg\" alt=\"\" class=\"wp-image-9333\" srcset=\"https:\/\/kopernik.kalisz.pl\/kopernik-ssm\/chor\/wp-content\/uploads\/2023\/06\/Zycie-choru-1-1.jpeg 750w, https:\/\/kopernik.kalisz.pl\/kopernik-ssm\/chor\/wp-content\/uploads\/2023\/06\/Zycie-choru-1-1-288x300.jpeg 288w\" sizes=\"(max-width: 750px) 100vw, 750px\" \/><\/figure>\n\n\n\n<p class=\"has-text-align-center\"><strong>Koncerty Poza Szko\u0142\u0105<\/strong><\/p>\n\n\n\n<p>Wa\u017cnym elementem naszej ch\u00f3ralnej spo\u0142eczno\u015bci s\u0105 koncerty poza szko\u0142\u0105. Nios\u0105 one zdecydowanie wi\u0119cej emocji, a wyst\u0119py przed wi\u0119ksz\u0105 publiczno\u015bci\u0105 s\u0105 dla nas bardzo wa\u017cnym do\u015bwiadczeniem. Ka\u017cdy wyjazd czy nawet spacer do nowego miejsca to \u015bwietna okazja na zintegrowanie si\u0119 z innymi ch\u00f3rzystami, a czas sp\u0119dzony na takich koncertach zostaje na d\u0142ugo w naszej pami\u0119ci.<\/p>\n\n\n\n<figure class=\"wp-block-image size-large\"><img loading=\"lazy\" width=\"1024\" height=\"576\" src=\"https:\/\/kopernik.kalisz.pl\/kopernik-ssm\/chor\/wp-content\/uploads\/2023\/06\/Zycie-choru-3-1-1024x576.jpg\" alt=\"\" class=\"wp-image-9334\" srcset=\"https:\/\/kopernik.kalisz.pl\/kopernik-ssm\/chor\/wp-content\/uploads\/2023\/06\/Zycie-choru-3-1-1024x576.jpg 1024w, https:\/\/kopernik.kalisz.pl\/kopernik-ssm\/chor\/wp-content\/uploads\/2023\/06\/Zycie-choru-3-1-300x169.jpg 300w, https:\/\/kopernik.kalisz.pl\/kopernik-ssm\/chor\/wp-content\/uploads\/2023\/06\/Zycie-choru-3-1-768x432.jpg 768w, https:\/\/kopernik.kalisz.pl\/kopernik-ssm\/chor\/wp-content\/uploads\/2023\/06\/Zycie-choru-3-1-1536x864.jpg 1536w, https:\/\/kopernik.kalisz.pl\/kopernik-ssm\/chor\/wp-content\/uploads\/2023\/06\/Zycie-choru-3-1.jpg 2048w\" sizes=\"(max-width: 1024px) 100vw, 1024px\" \/><\/figure>\n\n\n\n<p class=\"has-text-align-center\"><strong>Atmosfera<\/strong><\/p>\n\n\n\n<p>Warto podkre\u015bli\u0107, \u017ce nasz ch\u00f3r to nie tylko pr\u00f3by, koncerty i muzyka, ale r\u00f3wnie\u017c relacje mi\u0119dzy nami i wszystko to co dzieje si\u0119 za drzwiami auli. Nasza ch\u00f3ralna spo\u0142eczno\u015b\u0107 to wa\u017cny element szkolnego \u017cycia ka\u017cdego z nas. Bywaj\u0105 dni kiedy potrafimy rozmawia\u0107 podczas pr\u00f3b na wszystkie tematy, dziel\u0105c si\u0119 ze sob\u0105 szkolnymi dylematami i historyjkami z lekcji. Przyja\u017anie, kt\u00f3re zawieramy w ch\u00f3ralnym gronie, zostaj\u0105 z nami na d\u0142ugi czas i staj\u0105 si\u0119 nieod\u0142\u0105czn\u0105 cz\u0119\u015bci\u0105 naszego codziennego \u017cycia. Ogromnym wsparciem w codzienno\u015bci jest te\u017c oczywi\u015bcie nasza Dyrygentka Maria Szczap. Wszyscy ch\u00f3rzy\u015bci wiedz\u0105, \u017ce zar\u00f3wno gdy maj\u0105 jaki\u015b problem, jak i kiedy po prostu chc\u0105 opowiedzie\u0107 ciekaw\u0105 histori\u0119, zawsze mog\u0105 przyj\u015b\u0107 do auli porozmawia\u0107 z Pani\u0105 Dyrygent.<\/p>\n\n\n\n<figure class=\"wp-block-image size-large\"><img loading=\"lazy\" width=\"750\" height=\"563\" src=\"https:\/\/kopernik.kalisz.pl\/kopernik-ssm\/chor\/wp-content\/uploads\/2023\/06\/Zycie-choru-2-1.jpeg\" alt=\"\" class=\"wp-image-9336\" srcset=\"https:\/\/kopernik.kalisz.pl\/kopernik-ssm\/chor\/wp-content\/uploads\/2023\/06\/Zycie-choru-2-1.jpeg 750w, https:\/\/kopernik.kalisz.pl\/kopernik-ssm\/chor\/wp-content\/uploads\/2023\/06\/Zycie-choru-2-1-300x225.jpeg 300w\" sizes=\"(max-width: 750px) 100vw, 750px\" \/><\/figure>\n\n\n\n<p class=\"has-text-align-center\"><strong>Zespo\u0142y<\/strong><\/p>\n\n\n\n<p>Nieod\u0142\u0105cznymi elementami naszego Ch\u00f3ru s\u0105 zesp\u00f3\u0142 instrumentalny i&nbsp; zesp\u00f3\u0142 smyczkowy. Urozmaicaj\u0105 wyst\u0119py r\u00f3\u017cnymi utworami i stale towarzysz\u0105 naszemu ch\u00f3rowi w koncertach. Dzi\u0119ki temu mo\u017cemy wzbogaci\u0107 nasz repertuar o utwory z akompaniamentem instrument\u00f3w. Muzycy stanowi\u0105 r\u00f3wnie\u017c istotn\u0105 cz\u0119\u015b\u0107 naszej ch\u00f3ralnej spo\u0142eczno\u015bci towarzysz\u0105c nam w wa\u017cnych prze\u017cyciach.<\/p>\n\n\n\n<p><strong>Zesp\u00f3\u0142 instrumentalny:<\/strong><\/p>\n\n\n\n<ul><li>Maciej Rudolf \u2013 gitara<\/li><li>Jakub Hajdo \u2013 perkusja<\/li><li>Leon Jakubek \u2013 pianino<\/li><li>\u0141ukasz Wywrocki \u2013 perkusja<\/li><li>Leon Filipowicz \u2013 bas<\/li><\/ul>\n\n\n\n<p>Zesp\u00f3\u0142 instrumentalny towarzyszy Ch\u00f3rowi w wielu utworach np. \u201eHeal The World\u201d czy \u201eMamy Siebie\u201d. Jednak opr\u00f3cz tego cz\u0119sto maj\u0105 solowe wyst\u0119py, podczas kt\u00f3rych prezentuj\u0105 znane jazzowe utwory takie jak \u201eMercy, mercy\u201d albo \u201eMr. Magic\u201d.<\/p>\n\n\n\n<figure class=\"wp-block-image size-large\"><img loading=\"lazy\" width=\"600\" height=\"750\" src=\"https:\/\/kopernik.kalisz.pl\/kopernik-ssm\/chor\/wp-content\/uploads\/2023\/06\/Zespol-instrumentalny.jpg\" alt=\"\" class=\"wp-image-9355\" srcset=\"https:\/\/kopernik.kalisz.pl\/kopernik-ssm\/chor\/wp-content\/uploads\/2023\/06\/Zespol-instrumentalny.jpg 600w, https:\/\/kopernik.kalisz.pl\/kopernik-ssm\/chor\/wp-content\/uploads\/2023\/06\/Zespol-instrumentalny-240x300.jpg 240w\" sizes=\"(max-width: 600px) 100vw, 600px\" \/><\/figure>\n\n\n\n<p><strong>Zesp\u00f3\u0142 smyczkowy:<\/strong><\/p>\n\n\n\n<ul><li>Julia Gebel<\/li><li>Jagienka Kulczycka<\/li><li>Maja Trybek<\/li><li>Masza Zaczykiewicz<\/li><li>Patrycja Gajewska<\/li><li>Aleksandra \u0141a\u0144duch<\/li><\/ul>\n\n\n\n<p>Dzi\u0119ki skrzypaczkom Ch\u00f3r prezentuje nowe aran\u017cacje wielu utwor\u00f3w, kt\u00f3re zyskuj\u0105 powiew \u015bwie\u017co\u015bci. Sam zesp\u00f3\u0142 przygotowuje solowe utwory z szerokiego repertuaru, graj\u0105c m.in. tango \u201ePor Una Cabeza\u201d znane z filmu \u201eZapach Kobiety\u201d.<\/p>\n\n\n\n<figure class=\"wp-block-image size-large\"><img loading=\"lazy\" width=\"344\" height=\"258\" src=\"https:\/\/kopernik.kalisz.pl\/kopernik-ssm\/chor\/wp-content\/uploads\/2023\/06\/Zespol-smyczkowy.jpg\" alt=\"\" class=\"wp-image-9356\" srcset=\"https:\/\/kopernik.kalisz.pl\/kopernik-ssm\/chor\/wp-content\/uploads\/2023\/06\/Zespol-smyczkowy.jpg 344w, https:\/\/kopernik.kalisz.pl\/kopernik-ssm\/chor\/wp-content\/uploads\/2023\/06\/Zespol-smyczkowy-300x225.jpg 300w\" sizes=\"(max-width: 344px) 100vw, 344px\" \/><\/figure>\n","protected":false},"excerpt":{"rendered":"<p>Rekrutacja Ch\u00f3rzyst\u0105 mo\u017ce zosta\u0107 ka\u017cdy ucze\u0144 Kopernika. Na pocz\u0105tku roku szkolnego Pani Dyrygent na lekcjach&#8230;<\/p>\n","protected":false},"author":12,"featured_media":0,"parent":0,"menu_order":0,"comment_status":"closed","ping_status":"closed","template":"","meta":[],"_links":{"self":[{"href":"https:\/\/kopernik.kalisz.pl\/kopernik-ssm\/chor\/wp-json\/wp\/v2\/pages\/2827"}],"collection":[{"href":"https:\/\/kopernik.kalisz.pl\/kopernik-ssm\/chor\/wp-json\/wp\/v2\/pages"}],"about":[{"href":"https:\/\/kopernik.kalisz.pl\/kopernik-ssm\/chor\/wp-json\/wp\/v2\/types\/page"}],"author":[{"embeddable":true,"href":"https:\/\/kopernik.kalisz.pl\/kopernik-ssm\/chor\/wp-json\/wp\/v2\/users\/12"}],"replies":[{"embeddable":true,"href":"https:\/\/kopernik.kalisz.pl\/kopernik-ssm\/chor\/wp-json\/wp\/v2\/comments?post=2827"}],"version-history":[{"count":15,"href":"https:\/\/kopernik.kalisz.pl\/kopernik-ssm\/chor\/wp-json\/wp\/v2\/pages\/2827\/revisions"}],"predecessor-version":[{"id":9378,"href":"https:\/\/kopernik.kalisz.pl\/kopernik-ssm\/chor\/wp-json\/wp\/v2\/pages\/2827\/revisions\/9378"}],"wp:attachment":[{"href":"https:\/\/kopernik.kalisz.pl\/kopernik-ssm\/chor\/wp-json\/wp\/v2\/media?parent=2827"}],"curies":[{"name":"wp","href":"https:\/\/api.w.org\/{rel}","templated":true}]}}