{"id":2877,"date":"2019-02-21T08:39:25","date_gmt":"2019-02-21T07:39:25","guid":{"rendered":"https:\/\/kopernik.kalisz.pl\/kopernik-ssm\/chor\/?page_id=2877"},"modified":"2023-06-15T15:25:05","modified_gmt":"2023-06-15T13:25:05","slug":"kronika","status":"publish","type":"page","link":"https:\/\/kopernik.kalisz.pl\/kopernik-ssm\/chor\/kronika\/","title":{"rendered":"Kronika"},"content":{"rendered":"<p style=\"text-align: center;\"><strong>Sk\u0142ad Ch\u00f3ru ,,Kopernik&#8221;<\/strong><\/p>\n<p>Wybierz rocznik:<br \/><a href=\"https:\/\/kopernik.kalisz.pl\/kopernik-ssm\/chor\/sklad-choru-kopernik\/\">2022\/2023<\/a><br \/><a href=\"https:\/\/kopernik.kalisz.pl\/kopernik-ssm\/chor\/sklad-choru-kopernik-2021-2022\/\">2021\/2022<\/a><\/p>\n<p>Kronika Ch\u00f3ru \u201eKopernik\u201d to jedyny i niepowtarzalny opis wydarze\u0144, kt\u00f3re mia\u0142y miejsce na przestrzeni wielu lat. Wystarczy jedno klikni\u0119cie, by przenie\u015b\u0107 si\u0119 w tamte miejsca i poczu\u0107 atmosfer\u0119 minionych dni&#8230;<\/p>\n<p>WYBIERZ ROCZNIK:<br \/><a href=\"https:\/\/kopernik.kalisz.pl\/kopernik-ssm\/chor\/kronika\/kronika-2020-2021\">2020\/2021<\/a><br \/><a href=\"https:\/\/kopernik.kalisz.pl\/kopernik-ssm\/chor\/kronika\/kronika-2019-2020\/\">2019\/2020<\/a><br \/><a href=\"https:\/\/kopernik.kalisz.pl\/kopernik-ssm\/chor\/kronika-2018-2019\/\">2018\/2019<\/a><br \/><a href=\"https:\/\/kopernik.kalisz.pl\/kopernik-ssm\/chor\/kronika-2017-2018\/\">2017\/2018<\/a><br \/><a href=\"https:\/\/kopernik.kalisz.pl\/kopernik-ssm\/chor\/kronika\/kronika-2016-2017\/\">2016\/2017<\/a><br \/><a href=\"https:\/\/kopernik.kalisz.pl\/kopernik-ssm\/chor\/kronika-2015-2016\/\">2015\/2016<\/a><br \/><a href=\"https:\/\/kopernik.kalisz.pl\/kopernik-ssm\/chor\/kronika-2014-2015\/\">2014\/2015<\/a><br \/><a href=\"https:\/\/kopernik.kalisz.pl\/kopernik-ssm\/chor\/kronika-2013-2014\/\">2013\/2014<\/a><br \/><a href=\"https:\/\/kopernik.kalisz.pl\/kopernik-ssm\/chor\/kronika-2012-2013\/\">2012\/2013<\/a><br \/><a href=\"https:\/\/kopernik.kalisz.pl\/kopernik-ssm\/chor\/kronika-2011-2012\/\">2011\/2012<\/a><br \/><a href=\"https:\/\/kopernik.kalisz.pl\/kopernik-ssm\/chor\/kronika-2010-2011\/\">2010\/2011<\/a><br \/><a href=\"https:\/\/kopernik.kalisz.pl\/kopernik-ssm\/chor\/kronika-2009-2010\/\">2009\/2010<\/a><br \/><a href=\"https:\/\/kopernik.kalisz.pl\/kopernik-ssm\/chor\/kronika\/kronika-2008-2009\/\">2008\/2009<\/a><br \/><a href=\"https:\/\/kopernik.kalisz.pl\/kopernik-ssm\/chor\/kronika\/kronika-2007-2008\/\">2007\/2008<\/a><br \/><a href=\"https:\/\/kopernik.kalisz.pl\/kopernik-ssm\/chor\/galeria\/gallery\/kronika-2005-2006\/\">2005\/2006<\/a><br \/><a href=\"https:\/\/kopernik.kalisz.pl\/kopernik-ssm\/chor\/galeria\/gallery\/kronika-2004-2005\/\">2004\/2005<\/a><br \/><a href=\"https:\/\/kopernik.kalisz.pl\/kopernik-ssm\/chor\/galeria\/gallery\/kronika-2003-2004\/\">2003\/2004<\/a><br \/><a href=\"https:\/\/kopernik.kalisz.pl\/kopernik-ssm\/chor\/galeria\/gallery\/kronika-2002-2003\/\">2002\/2003<\/a><br \/><a href=\"https:\/\/kopernik.kalisz.pl\/kopernik-ssm\/chor\/galeria\/gallery\/kronika-2001-2002\/\">2001\/2002<\/a><br \/><a href=\"https:\/\/kopernik.kalisz.pl\/kopernik-ssm\/chor\/galeria\/gallery\/kronika-2000-2001\/\">2000\/2001<\/a><br \/><a href=\"https:\/\/kopernik.kalisz.pl\/kopernik-ssm\/chor\/galeria\/gallery\/kronika-1999-2000\/\">1999\/2000<\/a><br \/><a href=\"https:\/\/kopernik.kalisz.pl\/kopernik-ssm\/chor\/galeria\/gallery\/kronika-1998-1999\/\">1998\/1999<\/a><br \/><a href=\"https:\/\/kopernik.kalisz.pl\/kopernik-ssm\/chor\/galeria\/gallery\/kronika-1997-1998\/\">1997\/1998<\/a><\/p>\n<p style=\"text-align: center;\"><a href=\"https:\/\/kopernik.kalisz.pl\/kopernik-ssm\/chor\/artykuly\/\" target=\"_self\" rel=\"noopener\"><strong>POWR\u00d3T\u00a0<\/strong><\/a><\/p>\n\n\n<p><\/p>\n","protected":false},"excerpt":{"rendered":"<p>Sk\u0142ad Ch\u00f3ru ,,Kopernik&#8221; Wybierz rocznik:2022\/20232021\/2022 Kronika Ch\u00f3ru \u201eKopernik\u201d to jedyny i niepowtarzalny opis wydarze\u0144, kt\u00f3re&#8230;<\/p>\n","protected":false},"author":7,"featured_media":0,"parent":0,"menu_order":0,"comment_status":"closed","ping_status":"closed","template":"","meta":[],"_links":{"self":[{"href":"https:\/\/kopernik.kalisz.pl\/kopernik-ssm\/chor\/wp-json\/wp\/v2\/pages\/2877"}],"collection":[{"href":"https:\/\/kopernik.kalisz.pl\/kopernik-ssm\/chor\/wp-json\/wp\/v2\/pages"}],"about":[{"href":"https:\/\/kopernik.kalisz.pl\/kopernik-ssm\/chor\/wp-json\/wp\/v2\/types\/page"}],"author":[{"embeddable":true,"href":"https:\/\/kopernik.kalisz.pl\/kopernik-ssm\/chor\/wp-json\/wp\/v2\/users\/7"}],"replies":[{"embeddable":true,"href":"https:\/\/kopernik.kalisz.pl\/kopernik-ssm\/chor\/wp-json\/wp\/v2\/comments?post=2877"}],"version-history":[{"count":19,"href":"https:\/\/kopernik.kalisz.pl\/kopernik-ssm\/chor\/wp-json\/wp\/v2\/pages\/2877\/revisions"}],"predecessor-version":[{"id":9406,"href":"https:\/\/kopernik.kalisz.pl\/kopernik-ssm\/chor\/wp-json\/wp\/v2\/pages\/2877\/revisions\/9406"}],"wp:attachment":[{"href":"https:\/\/kopernik.kalisz.pl\/kopernik-ssm\/chor\/wp-json\/wp\/v2\/media?parent=2877"}],"curies":[{"name":"wp","href":"https:\/\/api.w.org\/{rel}","templated":true}]}}