{"id":2882,"date":"2019-02-21T08:42:08","date_gmt":"2019-02-21T07:42:08","guid":{"rendered":"https:\/\/kopernik.kalisz.pl\/kopernik-ssm\/chor\/?page_id=2882"},"modified":"2024-01-24T15:49:33","modified_gmt":"2024-01-24T14:49:33","slug":"kalendarium","status":"publish","type":"page","link":"https:\/\/kopernik.kalisz.pl\/kopernik-ssm\/chor\/kalendarium\/","title":{"rendered":"Kalendarium"},"content":{"rendered":"<p>Kalendarium ch\u00f3ru sw\u0105 niepowtarzalno\u015b\u0107 zawdzi\u0119cza temu, i\u017c prowadzono je od pocz\u0105tku dzia\u0142alno\u015bci i jest kompletne. Ilo\u015b\u0107 koncert\u00f3w i ogrom pracy jaki zosta\u0142 w nie w\u0142o\u017cony, naprawd\u0119 robi wra\u017cenie.<\/p>\n<p>WYBIERZ ROCZNIK:<\/p>\n<ul>\n<li><a href=\"https:\/\/kopernik.kalisz.pl\/kopernik-ssm\/chor\/wp-admin\/post.php?post=9564&amp;action=edit\">2023\/2024<\/a><\/li>\n<li><a href=\"https:\/\/kopernik.kalisz.pl\/kopernik-ssm\/chor\/kalendarium\/kalendarium-2022-2023\/\">2022\/2023<\/a><\/li>\n<li><a href=\"https:\/\/kopernik.kalisz.pl\/kopernik-ssm\/chor\/kalendarium\/kalendarium-2021-2022\/\">2021\/2022<\/a><\/li>\n<li><a href=\"https:\/\/kopernik.kalisz.pl\/kopernik-ssm\/chor\/kalendarium-2020-2021\/\">2020\/2021<\/a><\/li>\n<li><a href=\"https:\/\/kopernik.kalisz.pl\/kopernik-ssm\/chor\/kalendarium\/kalendarium-2019-2020\/\">2019\/2020<\/a><\/li>\n<li><a href=\"https:\/\/kopernik.kalisz.pl\/kopernik-ssm\/chor\/kalendarium\/kalendarium-2018-2019\/\">2018\/2019<\/a><\/li>\n<li><a href=\"https:\/\/kopernik.kalisz.pl\/kopernik-ssm\/chor\/kalendarium-2017-2018\/\">2017\/2018<\/a><\/li>\n<li><a href=\"https:\/\/kopernik.kalisz.pl\/kopernik-ssm\/chor\/kalendarium-2016-2017\/\">2016\/2017<\/a><\/li>\n<li><a href=\"https:\/\/kopernik.kalisz.pl\/kopernik-ssm\/chor\/kalendarium-2015-2016\/\">2015\/2016<\/a><\/li>\n<li><a href=\"https:\/\/kopernik.kalisz.pl\/kopernik-ssm\/chor\/kalendarium-2014-2015\/\">2014\/2015<\/a><\/li>\n<li><a href=\"https:\/\/kopernik.kalisz.pl\/kopernik-ssm\/chor\/kalendarium-2013-2014\/\">2013\/2014<\/a><\/li>\n<li><a href=\"https:\/\/kopernik.kalisz.pl\/kopernik-ssm\/chor\/?page_id=2896&amp;preview=true\">2012\/2013<\/a><\/li>\n<li><a href=\"https:\/\/kopernik.kalisz.pl\/kopernik-ssm\/chor\/kalendarium-2011-2012\/\">2011\/2012<\/a><\/li>\n<li><a href=\"https:\/\/kopernik.kalisz.pl\/kopernik-ssm\/chor\/kalendarium-2010-2011\/\">2010\/2011<\/a><\/li>\n<li><a href=\"https:\/\/kopernik.kalisz.pl\/kopernik-ssm\/chor\/kalendarium-2009-2010\/\">2009\/2010<\/a><\/li>\n<li><a href=\"https:\/\/kopernik.kalisz.pl\/kopernik-ssm\/chor\/kalendarium-2008-2009\/\">2008\/2009<\/a><\/li>\n<li><a href=\"https:\/\/kopernik.kalisz.pl\/kopernik-ssm\/chor\/kalendarium-2007-2008\/\">2007\/2008<\/a><\/li>\n<li><a href=\"https:\/\/kopernik.kalisz.pl\/kopernik-ssm\/chor\/kalendarium-2006-2007\/\">2006\/2007<\/a><\/li>\n<li><a href=\"https:\/\/kopernik.kalisz.pl\/kopernik-ssm\/chor\/kalendarium-2005-2006\/\">2005\/2006<\/a><\/li>\n<li><a href=\"https:\/\/kopernik.kalisz.pl\/kopernik-ssm\/chor\/kalendarium-2004-2005\/\">2004\/2005<\/a><\/li>\n<li><a href=\"https:\/\/kopernik.kalisz.pl\/kopernik-ssm\/chor\/kalendarium-2003-2004\/\">2003\/2004<\/a><\/li>\n<li><a href=\"https:\/\/kopernik.kalisz.pl\/kopernik-ssm\/chor\/kalendarium-2002-2003\/\">2002\/2003<\/a><\/li>\n<li><a href=\"https:\/\/kopernik.kalisz.pl\/kopernik-ssm\/chor\/kalendarium-2001-2002\/\">2001\/2002<\/a><\/li>\n<li><a href=\"https:\/\/kopernik.kalisz.pl\/kopernik-ssm\/chor\/kalendarium-2000-2001\/\">2000\/2001<\/a><\/li>\n<li><a href=\"https:\/\/kopernik.kalisz.pl\/kopernik-ssm\/chor\/kalendarium-1999-2000\/\">1999\/2000<\/a><\/li>\n<li><a href=\"https:\/\/kopernik.kalisz.pl\/kopernik-ssm\/chor\/kalendarium-1998-1999\/\">1998\/1999<\/a><\/li>\n<li><a href=\"https:\/\/kopernik.kalisz.pl\/kopernik-ssm\/chor\/kalendarium-1997-1998\/\">1997\/1998<\/a><\/li>\n<\/ul>\n\n\n<p><\/p>\n","protected":false},"excerpt":{"rendered":"<p>Kalendarium ch\u00f3ru sw\u0105 niepowtarzalno\u015b\u0107 zawdzi\u0119cza temu, i\u017c prowadzono je od pocz\u0105tku dzia\u0142alno\u015bci i jest kompletne&#8230;.<\/p>\n","protected":false},"author":7,"featured_media":0,"parent":0,"menu_order":0,"comment_status":"closed","ping_status":"closed","template":"","meta":[],"_links":{"self":[{"href":"https:\/\/kopernik.kalisz.pl\/kopernik-ssm\/chor\/wp-json\/wp\/v2\/pages\/2882"}],"collection":[{"href":"https:\/\/kopernik.kalisz.pl\/kopernik-ssm\/chor\/wp-json\/wp\/v2\/pages"}],"about":[{"href":"https:\/\/kopernik.kalisz.pl\/kopernik-ssm\/chor\/wp-json\/wp\/v2\/types\/page"}],"author":[{"embeddable":true,"href":"https:\/\/kopernik.kalisz.pl\/kopernik-ssm\/chor\/wp-json\/wp\/v2\/users\/7"}],"replies":[{"embeddable":true,"href":"https:\/\/kopernik.kalisz.pl\/kopernik-ssm\/chor\/wp-json\/wp\/v2\/comments?post=2882"}],"version-history":[{"count":15,"href":"https:\/\/kopernik.kalisz.pl\/kopernik-ssm\/chor\/wp-json\/wp\/v2\/pages\/2882\/revisions"}],"predecessor-version":[{"id":9569,"href":"https:\/\/kopernik.kalisz.pl\/kopernik-ssm\/chor\/wp-json\/wp\/v2\/pages\/2882\/revisions\/9569"}],"wp:attachment":[{"href":"https:\/\/kopernik.kalisz.pl\/kopernik-ssm\/chor\/wp-json\/wp\/v2\/media?parent=2882"}],"curies":[{"name":"wp","href":"https:\/\/api.w.org\/{rel}","templated":true}]}}