{"id":2885,"date":"2019-02-21T08:43:20","date_gmt":"2019-02-21T07:43:20","guid":{"rendered":"https:\/\/kopernik.kalisz.pl\/kopernik-ssm\/chor\/?page_id=2885"},"modified":"2019-02-28T09:20:25","modified_gmt":"2019-02-28T08:20:25","slug":"kalendarium-2017-2018","status":"publish","type":"page","link":"https:\/\/kopernik.kalisz.pl\/kopernik-ssm\/chor\/kalendarium\/kalendarium-2017-2018\/","title":{"rendered":"Kalendarium 2017\/2018"},"content":{"rendered":"<h5><strong>ROK SZKOLNY 2017\/2018<\/strong><\/h5>\n<table border=\"1\" cellspacing=\"5\" cellpadding=\"5\">\n<tbody>\n<tr>\n<td align=\"center\" valign=\"middle\" bgcolor=\"#EEEEEE\" width=\"3%\"><strong>Lp.<\/strong><\/td>\n<td align=\"center\" valign=\"middle\" bgcolor=\"#EEEEEE\" width=\"20%\"><strong>Koncerty w szkole<\/strong><\/td>\n<td align=\"center\" valign=\"middle\" bgcolor=\"#EEEEEE\" width=\"7%\"><strong>Data<\/strong><\/td>\n<\/tr>\n<tr>\n<td align=\"center\" valign=\"middle\" bgcolor=\"#EEEEEE\"><em>01.<\/em><\/td>\n<td align=\"center\" valign=\"middle\" bgcolor=\"#ffffff\">Rozpocz\u0119cie roku szkolnego 2017\/2018<\/td>\n<td align=\"center\" valign=\"middle\" bgcolor=\"#EEEEEE\">4 wrze\u015bnia 2017<\/td>\n<\/tr>\n<tr>\n<td align=\"center\" valign=\"middle\" bgcolor=\"#EEEEEE\"><em>02.<\/em><\/td>\n<td align=\"center\" valign=\"middle\" bgcolor=\"#ffffff\">Dzie\u0144 Edukacji Narodowej<\/td>\n<td align=\"center\" valign=\"middle\" bgcolor=\"#EEEEEE\">13 pa\u017adziernika 2017<\/td>\n<\/tr>\n<tr>\n<td align=\"center\" valign=\"middle\" bgcolor=\"#EEEEEE\"><em>03.<\/em><\/td>\n<td align=\"center\" valign=\"middle\" bgcolor=\"#ffffff\">Rozpocz\u0119cie wymiany mi\u0119dzynarodowej<\/td>\n<td align=\"center\" valign=\"middle\" bgcolor=\"#EEEEEE\">16 pa\u017adziernika 2017<\/td>\n<\/tr>\n<tr>\n<td align=\"center\" valign=\"middle\" bgcolor=\"#EEEEEE\"><em>04.<\/em><\/td>\n<td align=\"center\" valign=\"middle\" bgcolor=\"#ffffff\">Koncert dla go\u015bci z Kamerunu i miast partnerskich Kalisza w auli III LO<\/td>\n<td align=\"center\" valign=\"middle\" bgcolor=\"#EEEEEE\">24 listopada 2017<\/td>\n<\/tr>\n<tr>\n<td align=\"center\" valign=\"middle\" bgcolor=\"#EEEEEE\"><em>05.<\/em><\/td>\n<td align=\"center\" valign=\"middle\" bgcolor=\"#ffffff\">\u015awi\u0105teczny koncert kol\u0119d w Auli III LO<\/td>\n<td align=\"center\" valign=\"middle\" bgcolor=\"#EEEEEE\">21 grudnia 2017<\/td>\n<\/tr>\n<tr>\n<td align=\"center\" valign=\"middle\" bgcolor=\"#EEEEEE\"><em>06.<\/em><\/td>\n<td align=\"center\" valign=\"middle\" bgcolor=\"#ffffff\">\u015awi\u0119to patrona szko\u0142y<\/td>\n<td align=\"center\" valign=\"middle\" bgcolor=\"#EEEEEE\">27 lutego 2018<\/td>\n<\/tr>\n<tr>\n<td align=\"center\" valign=\"middle\" bgcolor=\"#EEEEEE\"><em>07.<\/em><\/td>\n<td align=\"center\" valign=\"middle\" bgcolor=\"#ffffff\">Drzwi otwarte szko\u0142y<\/td>\n<td align=\"center\" valign=\"middle\" bgcolor=\"#EEEEEE\">14 kwietnia 2018<\/td>\n<\/tr>\n<tr>\n<td align=\"center\" valign=\"middle\" bgcolor=\"#EEEEEE\"><em>08.<\/em><\/td>\n<td align=\"center\" valign=\"middle\" bgcolor=\"#ffffff\">Zako\u0144czenie roku klas III<\/td>\n<td align=\"center\" valign=\"middle\" bgcolor=\"#EEEEEE\">27 kwietnia 2018<\/td>\n<\/tr>\n<tr>\n<td align=\"center\" valign=\"middle\" bgcolor=\"#EEEEEE\"><em>09.<\/em><\/td>\n<td align=\"center\" valign=\"middle\" bgcolor=\"#ffffff\">Konferencja &#8222;M\u00f3j m\u00f3zg moim warsztatem pracy&#8221;<\/td>\n<td align=\"center\" valign=\"middle\" bgcolor=\"#EEEEEE\">8 czerwca 2018<\/td>\n<\/tr>\n<tr>\n<td align=\"center\" valign=\"middle\" bgcolor=\"#EEEEEE\"><em>10.<\/em><\/td>\n<td align=\"center\" valign=\"middle\" bgcolor=\"#ffffff\">Zako\u0144czenie roku szkolnego 2017\/2018<\/td>\n<td align=\"center\" valign=\"middle\" bgcolor=\"#EEEEEE\">22 czerwca 2018<\/td>\n<\/tr>\n<tr>\n<td align=\"center\" valign=\"middle\" bgcolor=\"#EEEEEE\" width=\"3%\"><strong>Lp.<\/strong><\/td>\n<td align=\"center\" valign=\"middle\" bgcolor=\"#EEEEEE\" width=\"20%\"><strong>Koncerty \u015brodowiskowe<\/strong><\/td>\n<td align=\"center\" valign=\"middle\" bgcolor=\"#EEEEEE\" width=\"7%\"><strong>Data<\/strong><\/td>\n<\/tr>\n<tr>\n<td align=\"center\" valign=\"middle\" bgcolor=\"#EEEEEE\"><em>01.<\/em><\/td>\n<td align=\"center\" valign=\"middle\" bgcolor=\"#ffffff\">Konferencja Dyrektor\u00f3w po\u0142udniowej Wielkopolski w Aulii UAM im. prof. Jerzego Rubi\u0144skiego w Kaliszu<\/td>\n<td align=\"center\" valign=\"middle\" bgcolor=\"#EEEEEE\">24 sierpnia 2017<\/td>\n<\/tr>\n<tr>\n<td align=\"center\" valign=\"middle\" bgcolor=\"#EEEEEE\"><em>02.<\/em><\/td>\n<td align=\"center\" valign=\"middle\" bgcolor=\"#ffffff\">\u015alub Gosi Kocerki (Sopran) i Karola Ka\u017amierczaka (Tenor) w Ko\u015bciele Garnizonowym w Kaliszu<\/td>\n<td align=\"center\" valign=\"middle\" bgcolor=\"#EEEEEE\">26 pa\u017adziernika 2017<\/td>\n<\/tr>\n<tr>\n<td align=\"center\" valign=\"middle\" bgcolor=\"#EEEEEE\"><em>03.<\/em><\/td>\n<td align=\"center\" valign=\"middle\" bgcolor=\"#ffffff\">Msza \u015bw. w ko\u015bciele pod wezwaniem \u015awi\u0119tej Tr\u00f3jcy w Mikstacie<\/td>\n<td align=\"center\" valign=\"middle\" bgcolor=\"#EEEEEE\">27 sierpnia 2017<\/td>\n<\/tr>\n<tr>\n<td align=\"center\" valign=\"middle\" bgcolor=\"#EEEEEE\"><em>04.<\/em><\/td>\n<td align=\"center\" valign=\"middle\" bgcolor=\"#ffffff\">Koncert w ko\u015bciele \u015awi\u0119tej Tr\u00f3jcy w Mikstacie<\/td>\n<td align=\"center\" valign=\"middle\" bgcolor=\"#EEEEEE\">27 sierpnia 2017<\/td>\n<\/tr>\n<tr>\n<td align=\"center\" valign=\"middle\" bgcolor=\"#EEEEEE\"><em>05.<\/em><\/td>\n<td align=\"center\" valign=\"middle\" bgcolor=\"#ffffff\">Msza w intencji ch\u00f3rzyst\u00f3w w Bazylice Kaliskiej<\/td>\n<td align=\"center\" valign=\"middle\" bgcolor=\"#EEEEEE\">23 wrze\u015bnia 2017<\/td>\n<\/tr>\n<tr>\n<td align=\"center\" valign=\"middle\" bgcolor=\"#EEEEEE\"><em>06.<\/em><\/td>\n<td align=\"center\" valign=\"middle\" bgcolor=\"#ffffff\">Jubileuszowy koncert galowy w Pa\u0144stwowej Szkole Muzycznej I i II stopnia im. Henryka Melcera w Kaliszu<\/td>\n<td align=\"center\" valign=\"middle\" bgcolor=\"#EEEEEE\">23 wrze\u015bnia 2017<\/td>\n<\/tr>\n<tr>\n<td align=\"center\" valign=\"middle\" bgcolor=\"#EEEEEE\"><em>07.<\/em><\/td>\n<td align=\"center\" valign=\"middle\" bgcolor=\"#ffffff\">Inauguracja Roku Kulturalnego 2017 w Sali recepcyjnej Ratusza kaliskiego<\/td>\n<td align=\"center\" valign=\"middle\" bgcolor=\"#EEEEEE\">20 pa\u017adziernika 2017<\/td>\n<\/tr>\n<tr>\n<td align=\"center\" valign=\"middle\" bgcolor=\"#EEEEEE\"><em>08.<\/em><\/td>\n<td align=\"center\" valign=\"middle\" bgcolor=\"#ffffff\">Uroczysto\u015b\u0107 wr\u0119czenia nagr\u00f3d Ministra Edukacji Narodowej oraz Wielkopolskiego Kuratora O\u015bwiaty w Sali Czerwonej Pa\u0142acu Dzia\u0142y\u0144skich w Poznaniu<\/td>\n<td align=\"center\" valign=\"middle\" bgcolor=\"#EEEEEE\">26 pa\u017adziernika 2017<\/td>\n<\/tr>\n<tr>\n<td align=\"center\" valign=\"middle\" bgcolor=\"#EEEEEE\"><em>09.<\/em><\/td>\n<td align=\"center\" valign=\"middle\" bgcolor=\"#ffffff\">Koncert \u201eRichard Bona symfonicznie\u201d w Hali Arena Kalisz \u2013 po\u0142\u0105czone ch\u00f3ry kaliskie i Ch\u00f3r Filharmonii Cz\u0119stochowskiej<\/td>\n<td align=\"center\" valign=\"middle\" bgcolor=\"#EEEEEE\">25 listopada 2017<\/td>\n<\/tr>\n<tr>\n<td align=\"center\" valign=\"middle\" bgcolor=\"#EEEEEE\"><em>10.<\/em><\/td>\n<td align=\"center\" valign=\"middle\" bgcolor=\"#ffffff\">Msza \u015awi\u0119ta z okazji rozpocz\u0119cia Nadzwyczajnego Roku \u015awi\u0119tego J\u00f3zefa Kaliskiego z udzia\u0142em Nuncjusza Stolicy Apostolskiej w Polsce &#8211; Celestino Migliore<\/td>\n<td align=\"center\" valign=\"middle\" bgcolor=\"#EEEEEE\">2 grudnia 2017<\/td>\n<\/tr>\n<tr>\n<td align=\"center\" valign=\"middle\" bgcolor=\"#EEEEEE\"><em>11.<\/em><\/td>\n<td align=\"center\" valign=\"middle\" bgcolor=\"#ffffff\">Msza adwentowa w Sanktuarium \u015bw. J\u00f3zefa w Kaliszu<\/td>\n<td align=\"center\" valign=\"middle\" bgcolor=\"#EEEEEE\">17 grudnia 2017<\/td>\n<\/tr>\n<tr>\n<td align=\"center\" valign=\"middle\" bgcolor=\"#EEEEEE\"><em>12.<\/em><\/td>\n<td align=\"center\" valign=\"middle\" bgcolor=\"#ffffff\">Koncert kol\u0119d \u201eKol\u0119dowanie ze \u015bw. J\u00f3zefem\u201d w Sanktuarium \u015bw. J\u00f3zefa w Kaliszu<\/td>\n<td align=\"center\" valign=\"middle\" bgcolor=\"#EEEEEE\">17 grudnia 2017<\/td>\n<\/tr>\n<tr>\n<td align=\"center\" valign=\"middle\" bgcolor=\"#EEEEEE\"><em>13.<\/em><\/td>\n<td align=\"center\" valign=\"middle\" bgcolor=\"#ffffff\">Msza \u015awi\u0119ta w Katedrze Kaliskiej<\/td>\n<td align=\"center\" valign=\"middle\" bgcolor=\"#EEEEEE\">14 stycznia 2018<\/td>\n<\/tr>\n<tr>\n<td align=\"center\" valign=\"middle\" bgcolor=\"#EEEEEE\"><em>14.<\/em><\/td>\n<td align=\"center\" valign=\"middle\" bgcolor=\"#ffffff\">Koncert kol\u0119d w Katedrze Kaliskiej<\/td>\n<td align=\"center\" valign=\"middle\" bgcolor=\"#EEEEEE\">14 stycznia 2018<\/td>\n<\/tr>\n<tr>\n<td align=\"center\" valign=\"middle\" bgcolor=\"#EEEEEE\"><em>15.<\/em><\/td>\n<td align=\"center\" valign=\"middle\" bgcolor=\"#ffffff\">Wielki Plenerowy Koncert Ch\u00f3r\u00f3w i Orkiestr D\u0119tych OSP \u201c\u015apiewamy dla Polski\u201d<\/td>\n<td align=\"center\" valign=\"middle\" bgcolor=\"#EEEEEE\">27 maja 2018<\/td>\n<\/tr>\n<tr>\n<td align=\"center\" valign=\"middle\" bgcolor=\"#EEEEEE\"><em>16.<\/em><\/td>\n<td align=\"center\" valign=\"middle\" bgcolor=\"#ffffff\">Uroczysta Sesja Rady Miasta z okazji \u015awi\u0119ta Miasta Kalisza-koncert ch\u00f3ru inauguruj\u0105cy obchody 100 &#8211; lecia Niepodleg\u0142o\u015bci, aula UAM<\/td>\n<td align=\"center\" valign=\"middle\" bgcolor=\"#EEEEEE\">8 czerwca 2018<\/td>\n<\/tr>\n<tr>\n<td align=\"center\" valign=\"middle\" bgcolor=\"#EEEEEE\"><em>17.<\/em><\/td>\n<td align=\"center\" valign=\"middle\" bgcolor=\"#ffffff\">Koncert z okazji 30- lecia Domu Pomocy Spo\u0142ecznej- sala PWSZ w Kaliszu<\/td>\n<td align=\"center\" valign=\"middle\" bgcolor=\"#EEEEEE\">13 czerwca 2018<\/td>\n<\/tr>\n<tr>\n<td align=\"center\" valign=\"middle\" bgcolor=\"#EEEEEE\"><em>18.<\/em><\/td>\n<td align=\"center\" valign=\"middle\" bgcolor=\"#ffffff\">25- lecie Carmen Sacrum Festival- Wielkopolskie Spotkania Ch\u00f3ralne; Bazylika \u015bw. J\u00f3zefa w Kaliszu<\/td>\n<td align=\"center\" valign=\"middle\" bgcolor=\"#EEEEEE\">17 czerwca 2018<\/td>\n<\/tr>\n<tr>\n<td align=\"center\" valign=\"middle\" bgcolor=\"#EEEEEE\" width=\"3%\"><strong>Lp.<\/strong><\/td>\n<td align=\"center\" valign=\"middle\" bgcolor=\"#EEEEEE\" width=\"20%\"><strong>Festiwale i Konkursy<\/strong><\/td>\n<td align=\"center\" valign=\"middle\" bgcolor=\"#EEEEEE\" width=\"7%\"><strong>Data<\/strong><\/td>\n<\/tr>\n<tr>\n<td align=\"center\" valign=\"middle\" bgcolor=\"#EEEEEE\"><em>01.<\/em><\/td>\n<td align=\"center\" valign=\"middle\" bgcolor=\"#ffffff\">Przegl\u0105d Ch\u00f3r\u00f3w Szkolnych Regionu Wielkopolski Po\u0142udniowej Projektu \u201eAkademia Ch\u00f3ralna \u2013 \u015apiewaj\u0105ca Polska\u201d w Ostrowie Wielkopolskim<\/td>\n<td align=\"center\" valign=\"middle\" bgcolor=\"#EEEEEE\">17 listopada 2017<\/td>\n<\/tr>\n<tr>\n<td align=\"center\" valign=\"middle\" bgcolor=\"#EEEEEE\"><em>02.<\/em><\/td>\n<td align=\"center\" valign=\"middle\" bgcolor=\"#ffffff\">Og\u00f3lnopolski Konkurs Ch\u00f3r\u00f3w Szk\u00f3\u0142 Ponadgimnazjalnych- Kalisz 2018 pod patronatem Mi\u0119dzynarodowego Festiwalu Universitas Cantat Wydzia\u0142u Pedagogiczno- Artystycznego UAM w Kaliszu (Srebrne Pasmo i Nagroda Specjalna dla Najlepszego Ch\u00f3ru z Wielkopolski za kontynuowanie tradycji \u015bpiewaczych Regionu)<\/td>\n<td align=\"center\" valign=\"middle\" bgcolor=\"#EEEEEE\">24 marca 2018<\/td>\n<\/tr>\n<tr>\n<td align=\"center\" valign=\"middle\" bgcolor=\"#EEEEEE\"><em>03.<\/em><\/td>\n<td align=\"center\" valign=\"middle\" bgcolor=\"#ffffff\">Konkurs Ch\u00f3r\u00f3w Szkolnych Regionu Wielkopolski Po\u0142udniowej Projektu \u201cAkademia Ch\u00f3ralna &#8211; \u015apiewaj\u0105ca Polska\u201d w Ostrowie Wielkopolskim (Z\u0142ote Pasmo, najwy\u017csza punktacja)<\/td>\n<td align=\"center\" valign=\"middle\" bgcolor=\"#EEEEEE\">20 kwietnia 2018<\/td>\n<\/tr>\n<\/tbody>\n<\/table>\n","protected":false},"excerpt":{"rendered":"<p>ROK SZKOLNY 2017\/2018 Lp. Koncerty w szkole Data 01. Rozpocz\u0119cie roku szkolnego 2017\/2018 4 wrze\u015bnia&#8230;<\/p>\n","protected":false},"author":7,"featured_media":0,"parent":2882,"menu_order":0,"comment_status":"closed","ping_status":"closed","template":"","meta":[],"_links":{"self":[{"href":"https:\/\/kopernik.kalisz.pl\/kopernik-ssm\/chor\/wp-json\/wp\/v2\/pages\/2885"}],"collection":[{"href":"https:\/\/kopernik.kalisz.pl\/kopernik-ssm\/chor\/wp-json\/wp\/v2\/pages"}],"about":[{"href":"https:\/\/kopernik.kalisz.pl\/kopernik-ssm\/chor\/wp-json\/wp\/v2\/types\/page"}],"author":[{"embeddable":true,"href":"https:\/\/kopernik.kalisz.pl\/kopernik-ssm\/chor\/wp-json\/wp\/v2\/users\/7"}],"replies":[{"embeddable":true,"href":"https:\/\/kopernik.kalisz.pl\/kopernik-ssm\/chor\/wp-json\/wp\/v2\/comments?post=2885"}],"version-history":[{"count":1,"href":"https:\/\/kopernik.kalisz.pl\/kopernik-ssm\/chor\/wp-json\/wp\/v2\/pages\/2885\/revisions"}],"predecessor-version":[{"id":2886,"href":"https:\/\/kopernik.kalisz.pl\/kopernik-ssm\/chor\/wp-json\/wp\/v2\/pages\/2885\/revisions\/2886"}],"up":[{"embeddable":true,"href":"https:\/\/kopernik.kalisz.pl\/kopernik-ssm\/chor\/wp-json\/wp\/v2\/pages\/2882"}],"wp:attachment":[{"href":"https:\/\/kopernik.kalisz.pl\/kopernik-ssm\/chor\/wp-json\/wp\/v2\/media?parent=2885"}],"curies":[{"name":"wp","href":"https:\/\/api.w.org\/{rel}","templated":true}]}}