{"id":2894,"date":"2019-02-21T08:47:11","date_gmt":"2019-02-21T07:47:11","guid":{"rendered":"https:\/\/kopernik.kalisz.pl\/kopernik-ssm\/chor\/?page_id=2894"},"modified":"2019-02-28T09:20:06","modified_gmt":"2019-02-28T08:20:06","slug":"kalendarium-2013-2014","status":"publish","type":"page","link":"https:\/\/kopernik.kalisz.pl\/kopernik-ssm\/chor\/kalendarium\/kalendarium-2013-2014\/","title":{"rendered":"Kalendarium 2013\/2014"},"content":{"rendered":"<h5><strong>ROK SZKOLNY 2013\/2014<\/strong><\/h5>\n<table border=\"1\" cellspacing=\"5\" cellpadding=\"5\">\n<tbody>\n<tr>\n<td align=\"center\" valign=\"middle\" bgcolor=\"#EEEEEE\" width=\"3%\"><strong>Lp.<\/strong><\/td>\n<td align=\"center\" valign=\"middle\" bgcolor=\"#EEEEEE\" width=\"20%\"><strong>Koncerty w szkole<\/strong><\/td>\n<td align=\"center\" valign=\"middle\" bgcolor=\"#EEEEEE\" width=\"7%\"><strong>Data<\/strong><\/td>\n<\/tr>\n<tr>\n<td align=\"center\" valign=\"middle\" bgcolor=\"#EEEEEE\"><em>01.<\/em><\/td>\n<td align=\"center\" valign=\"middle\" bgcolor=\"#ffffff\">Rozpocz\u0119cie roku szkolnego 2013\/2014<\/td>\n<td align=\"center\" valign=\"middle\" bgcolor=\"#EEEEEE\">2 wrze\u015bnia 2013<\/td>\n<\/tr>\n<tr>\n<td align=\"center\" valign=\"middle\" bgcolor=\"#EEEEEE\"><em>02.<\/em><\/td>\n<td align=\"center\" valign=\"middle\" bgcolor=\"#ffffff\">Wywiad\u00f3wka dla rodzic\u00f3w uczni\u00f3w klas pierwszych<\/td>\n<td align=\"center\" valign=\"middle\" bgcolor=\"#EEEEEE\">26 wrze\u015bnia 2013<\/td>\n<\/tr>\n<tr>\n<td align=\"center\" valign=\"middle\" bgcolor=\"#EEEEEE\"><em>03.<\/em><\/td>\n<td align=\"center\" valign=\"middle\" bgcolor=\"#ffffff\">Koncert dla delegacji francuskiej<\/td>\n<td align=\"center\" valign=\"middle\" bgcolor=\"#EEEEEE\">27 wrze\u015bnia 2013<\/td>\n<\/tr>\n<tr>\n<td align=\"center\" valign=\"middle\" bgcolor=\"#EEEEEE\"><em>04.<\/em><\/td>\n<td align=\"center\" valign=\"middle\" bgcolor=\"#ffffff\">Koncert dla m\u0142odzie\u017cy z wymiany<\/td>\n<td align=\"center\" valign=\"middle\" bgcolor=\"#EEEEEE\">15 pa\u017adziernika 2013<\/td>\n<\/tr>\n<tr>\n<td align=\"center\" valign=\"middle\" bgcolor=\"#EEEEEE\"><em>05.<\/em><\/td>\n<td align=\"center\" valign=\"middle\" bgcolor=\"#ffffff\">Inauguracja V Dni Nauki &#8222;Copernicus Science&#8221;<\/td>\n<td align=\"center\" valign=\"middle\" bgcolor=\"#EEEEEE\">27 listopada 2013<\/td>\n<\/tr>\n<tr>\n<td align=\"center\" valign=\"middle\" bgcolor=\"#EEEEEE\"><em>06.<\/em><\/td>\n<td align=\"center\" valign=\"middle\" bgcolor=\"#ffffff\">Wigilijny koncert kol\u0119d &#8211; Aula III LO<\/td>\n<td align=\"center\" valign=\"middle\" bgcolor=\"#EEEEEE\">19 grudnia 2013<\/td>\n<\/tr>\n<tr>\n<td align=\"center\" valign=\"middle\" bgcolor=\"#EEEEEE\"><em>07.<\/em><\/td>\n<td align=\"center\" valign=\"middle\" bgcolor=\"#ffffff\">Koncert kol\u0119d dla rodzic\u00f3w uczni\u00f3w klas trzecich<\/td>\n<td align=\"center\" valign=\"middle\" bgcolor=\"#EEEEEE\">14 stycznia 2014<\/td>\n<\/tr>\n<tr>\n<td align=\"center\" valign=\"middle\" bgcolor=\"#EEEEEE\"><em>08.<\/em><\/td>\n<td align=\"center\" valign=\"middle\" bgcolor=\"#ffffff\">Obchody Dnia Patrona<\/td>\n<td align=\"center\" valign=\"middle\" bgcolor=\"#EEEEEE\">19 lutego 2014<\/td>\n<\/tr>\n<tr>\n<td align=\"center\" valign=\"middle\" bgcolor=\"#EEEEEE\"><em>09.<\/em><\/td>\n<td align=\"center\" valign=\"middle\" bgcolor=\"#ffffff\">Koncert z okazji \u015awiatowego Dnia Tenisa<\/td>\n<td align=\"center\" valign=\"middle\" bgcolor=\"#EEEEEE\">2 marca 2014<\/td>\n<\/tr>\n<tr>\n<td align=\"center\" valign=\"middle\" bgcolor=\"#EEEEEE\"><em>10.<\/em><\/td>\n<td align=\"center\" valign=\"middle\" bgcolor=\"#ffffff\">Drzwi Otwarte w Koperniku<\/td>\n<td align=\"center\" valign=\"middle\" bgcolor=\"#EEEEEE\">5 kwietnia 2014<\/td>\n<\/tr>\n<tr>\n<td align=\"center\" valign=\"middle\" bgcolor=\"#EEEEEE\"><em>11.<\/em><\/td>\n<td align=\"center\" valign=\"middle\" bgcolor=\"#ffffff\">Zako\u0144czenie roku szkolnego maturzyst\u00f3w 2013\/2014<\/td>\n<td align=\"center\" valign=\"middle\" bgcolor=\"#EEEEEE\">25 kwietnia 2014<\/td>\n<\/tr>\n<tr>\n<td align=\"center\" valign=\"middle\" bgcolor=\"#EEEEEE\"><em>12.<\/em><\/td>\n<td align=\"center\" valign=\"middle\" bgcolor=\"#ffffff\">Zako\u0144czenie roku szkolnego 2013\/2014<\/td>\n<td align=\"center\" valign=\"middle\" bgcolor=\"#EEEEEE\">27 czerwca 2014<\/td>\n<\/tr>\n<tr>\n<td align=\"center\" valign=\"middle\" bgcolor=\"#EEEEEE\" width=\"3%\"><strong>Lp.<\/strong><\/td>\n<td align=\"center\" valign=\"middle\" bgcolor=\"#EEEEEE\" width=\"20%\"><strong>Koncerty \u015brodowiskowe<\/strong><\/td>\n<td align=\"center\" valign=\"middle\" bgcolor=\"#EEEEEE\" width=\"7%\"><strong>Data<\/strong><\/td>\n<\/tr>\n<tr>\n<td align=\"center\" valign=\"middle\" bgcolor=\"#EEEEEE\"><em>01.<\/em><\/td>\n<td align=\"center\" valign=\"middle\" bgcolor=\"#ffffff\">Msza \u015bw. w ko\u015bciele pod wezwaniem \u015awi\u0119tej Tr\u00f3jcy w Mikstacie<\/td>\n<td align=\"center\" valign=\"middle\" bgcolor=\"#EEEEEE\">25 sierpnia 2013<\/td>\n<\/tr>\n<tr>\n<td align=\"center\" valign=\"middle\" bgcolor=\"#EEEEEE\"><em>02.<\/em><\/td>\n<td align=\"center\" valign=\"middle\" bgcolor=\"#ffffff\">Koncert w ko\u015bciele \u015awi\u0119tej Tr\u00f3jcy w Mikstacie<\/td>\n<td align=\"center\" valign=\"middle\" bgcolor=\"#EEEEEE\">25 sierpnia 2013<\/td>\n<\/tr>\n<tr>\n<td align=\"center\" valign=\"middle\" bgcolor=\"#EEEEEE\"><em>03.<\/em><\/td>\n<td align=\"center\" valign=\"middle\" bgcolor=\"#ffffff\">100-Lecie M\u0142odzie\u017cowej Orkiestry D\u0119tej w Pruszkowie<\/td>\n<td align=\"center\" valign=\"middle\" bgcolor=\"#EEEEEE\">14 wrze\u015bnia 2013<\/td>\n<\/tr>\n<tr>\n<td align=\"center\" valign=\"middle\" bgcolor=\"#EEEEEE\"><em>04.<\/em><\/td>\n<td align=\"center\" valign=\"middle\" bgcolor=\"#ffffff\">Charytatywny koncert kol\u0119d &#8222;Nie pozw\u00f3l dziewczynce z zapa\u0142akami zasn\u0105\u0107&#8221; w kaliskim ratuszu<\/td>\n<td align=\"center\" valign=\"middle\" bgcolor=\"#EEEEEE\">14 grudnia 2013<\/td>\n<\/tr>\n<tr>\n<td align=\"center\" valign=\"middle\" bgcolor=\"#EEEEEE\"><em>05.<\/em><\/td>\n<td align=\"center\" valign=\"middle\" bgcolor=\"#ffffff\">Koncert kol\u0119d w Bazylice \u015bw. J\u00f3zefa w Kaliszu<\/td>\n<td align=\"center\" valign=\"middle\" bgcolor=\"#EEEEEE\">2 stycznia 2014<\/td>\n<\/tr>\n<tr>\n<td align=\"center\" valign=\"middle\" bgcolor=\"#EEEEEE\"><em>06.<\/em><\/td>\n<td align=\"center\" valign=\"middle\" bgcolor=\"#ffffff\">Msza \u015bwi\u0119ta w intencji Rodzin i obrony \u017cycia pocz\u0119tego w Bazylice \u015bw. J\u00f3zefa w Kaliszu<\/td>\n<td align=\"center\" valign=\"middle\" bgcolor=\"#EEEEEE\">2 stycznia 2014<\/td>\n<\/tr>\n<tr>\n<td align=\"center\" valign=\"middle\" bgcolor=\"#EEEEEE\"><em>07.<\/em><\/td>\n<td align=\"center\" valign=\"middle\" bgcolor=\"#ffffff\">Koncert kol\u0119d i pastora\u0142ek w ko\u015bciele \u015aw. App. Piotra i Paw\u0142a w Kaliszu<\/td>\n<td align=\"center\" valign=\"middle\" bgcolor=\"#EEEEEE\">19 stycznia 2014<\/td>\n<\/tr>\n<tr>\n<td align=\"center\" valign=\"middle\" bgcolor=\"#EEEEEE\"><em>08.<\/em><\/td>\n<td align=\"center\" valign=\"middle\" bgcolor=\"#ffffff\">Msza \u015bwi\u0119ta w ko\u015bciele \u015aw. App. Piotra i Paw\u0142a w Kaliszu<\/td>\n<td align=\"center\" valign=\"middle\" bgcolor=\"#EEEEEE\">19 stycznia 2014<\/td>\n<\/tr>\n<tr>\n<td align=\"center\" valign=\"middle\" bgcolor=\"#EEEEEE\"><em>09.<\/em><\/td>\n<td align=\"center\" valign=\"middle\" bgcolor=\"#ffffff\">I Koncert Galowy Wykonawc\u00f3w Kaliskich &#8211; Aula im. Jerzego Rubi\u0144skiego UAM w Kaliszu<\/td>\n<td align=\"center\" valign=\"middle\" bgcolor=\"#EEEEEE\">22 marca 2014<\/td>\n<\/tr>\n<tr>\n<td align=\"center\" valign=\"middle\" bgcolor=\"#EEEEEE\"><em>10.<\/em><\/td>\n<td align=\"center\" valign=\"middle\" bgcolor=\"#ffffff\">Peregrynacja Krzy\u017ca \u015awiatowych Dni M\u0142odzie\u017cy w Bazylice \u015bw J\u00f3zefa w Kaliszu<\/td>\n<td align=\"center\" valign=\"middle\" bgcolor=\"#EEEEEE\">5 maja 2014<\/td>\n<\/tr>\n<tr>\n<td align=\"center\" valign=\"middle\" bgcolor=\"#EEEEEE\"><em>11.<\/em><\/td>\n<td align=\"center\" valign=\"middle\" bgcolor=\"#ffffff\">Pogrzeb absolwentki ch\u00f3ru Anny Generowicz w ko\u015bciele NMP Kr\u00f3lowej Polski na Majkowie<\/td>\n<td align=\"center\" valign=\"middle\" bgcolor=\"#EEEEEE\">29 maja 2014<\/td>\n<\/tr>\n<tr>\n<td align=\"center\" valign=\"middle\" bgcolor=\"#EEEEEE\"><em>12.<\/em><\/td>\n<td align=\"center\" valign=\"middle\" bgcolor=\"#ffffff\">&#8222;Taki pejza\u017c&#8221; &#8211; Koncert Muzyki Zygmunta Koniecznego w CKiS w Koninie<\/td>\n<td align=\"center\" valign=\"middle\" bgcolor=\"#EEEEEE\">14 czerwca 2014<\/td>\n<\/tr>\n<tr>\n<td align=\"center\" valign=\"middle\" bgcolor=\"#EEEEEE\"><em>13.<\/em><\/td>\n<td align=\"center\" valign=\"middle\" bgcolor=\"#ffffff\">VIII Zjazd Absolwent\u00f3w Szko\u0142y Dwojga Imion &#8211; Koncert w CKiS w Kaliszu<\/td>\n<td align=\"center\" valign=\"middle\" bgcolor=\"#EEEEEE\">21 czerwca 2014<\/td>\n<\/tr>\n<tr>\n<td align=\"center\" valign=\"middle\" bgcolor=\"#EEEEEE\" width=\"3%\"><strong>Lp.<\/strong><\/td>\n<td align=\"center\" valign=\"middle\" bgcolor=\"#EEEEEE\" width=\"20%\"><strong>Festiwale i Konkursy<\/strong><\/td>\n<td align=\"center\" valign=\"middle\" bgcolor=\"#EEEEEE\" width=\"7%\"><strong>Data<\/strong><\/td>\n<\/tr>\n<tr>\n<td align=\"center\" valign=\"middle\" bgcolor=\"#EEEEEE\"><em>01.<\/em><\/td>\n<td align=\"center\" valign=\"middle\" bgcolor=\"#ffffff\">XIX \u015awi\u0119to Pie\u015bni Ch\u00f3ralnej \u2013 SP 14 Kalisz<\/td>\n<td align=\"center\" valign=\"middle\" bgcolor=\"#EEEEEE\">23 listopada 2013<\/td>\n<\/tr>\n<tr>\n<td align=\"center\" valign=\"middle\" bgcolor=\"#EEEEEE\"><em>02.<\/em><\/td>\n<td align=\"center\" valign=\"middle\" bgcolor=\"#ffffff\">I Kaliski Festiwal Ch\u00f3ralny &#8211; Koncert z okazji kanonizacji Jana Paw\u0142a II w ko\u015bciele Katedralnym pw. \u015bw Miko\u0142aja w Kaliszu<\/td>\n<td align=\"center\" valign=\"middle\" bgcolor=\"#EEEEEE\">27 kwietnia 2014<\/td>\n<\/tr>\n<tr>\n<td align=\"center\" valign=\"middle\" bgcolor=\"#EEEEEE\"><em>03.<\/em><\/td>\n<td align=\"center\" valign=\"middle\" bgcolor=\"#ffffff\">VIII Przegl\u0105d Ch\u00f3r\u00f3w &#8222;\u015apiewaj\u0105ca Polska&#8221; w I LO w Ostrowie Wielkopolskim<\/td>\n<td align=\"center\" valign=\"middle\" bgcolor=\"#EEEEEE\">24 maja 2014<\/td>\n<\/tr>\n<\/tbody>\n<\/table>\n","protected":false},"excerpt":{"rendered":"<p>ROK SZKOLNY 2013\/2014 Lp. Koncerty w szkole Data 01. Rozpocz\u0119cie roku szkolnego 2013\/2014 2 wrze\u015bnia&#8230;<\/p>\n","protected":false},"author":7,"featured_media":0,"parent":2882,"menu_order":0,"comment_status":"closed","ping_status":"closed","template":"","meta":[],"_links":{"self":[{"href":"https:\/\/kopernik.kalisz.pl\/kopernik-ssm\/chor\/wp-json\/wp\/v2\/pages\/2894"}],"collection":[{"href":"https:\/\/kopernik.kalisz.pl\/kopernik-ssm\/chor\/wp-json\/wp\/v2\/pages"}],"about":[{"href":"https:\/\/kopernik.kalisz.pl\/kopernik-ssm\/chor\/wp-json\/wp\/v2\/types\/page"}],"author":[{"embeddable":true,"href":"https:\/\/kopernik.kalisz.pl\/kopernik-ssm\/chor\/wp-json\/wp\/v2\/users\/7"}],"replies":[{"embeddable":true,"href":"https:\/\/kopernik.kalisz.pl\/kopernik-ssm\/chor\/wp-json\/wp\/v2\/comments?post=2894"}],"version-history":[{"count":1,"href":"https:\/\/kopernik.kalisz.pl\/kopernik-ssm\/chor\/wp-json\/wp\/v2\/pages\/2894\/revisions"}],"predecessor-version":[{"id":2895,"href":"https:\/\/kopernik.kalisz.pl\/kopernik-ssm\/chor\/wp-json\/wp\/v2\/pages\/2894\/revisions\/2895"}],"up":[{"embeddable":true,"href":"https:\/\/kopernik.kalisz.pl\/kopernik-ssm\/chor\/wp-json\/wp\/v2\/pages\/2882"}],"wp:attachment":[{"href":"https:\/\/kopernik.kalisz.pl\/kopernik-ssm\/chor\/wp-json\/wp\/v2\/media?parent=2894"}],"curies":[{"name":"wp","href":"https:\/\/api.w.org\/{rel}","templated":true}]}}