{"id":2896,"date":"2019-02-21T08:48:33","date_gmt":"2019-02-21T07:48:33","guid":{"rendered":"https:\/\/kopernik.kalisz.pl\/kopernik-ssm\/chor\/?page_id=2896"},"modified":"2019-02-28T09:20:02","modified_gmt":"2019-02-28T08:20:02","slug":"kalendarium-2012-2013","status":"publish","type":"page","link":"https:\/\/kopernik.kalisz.pl\/kopernik-ssm\/chor\/kalendarium\/kalendarium-2012-2013\/","title":{"rendered":"Kalendarium 2012\/2013"},"content":{"rendered":"<h5><strong>ROK SZKOLNY 2012\/2013<\/strong><\/h5>\n<table border=\"1\" cellspacing=\"5\" cellpadding=\"5\">\n<tbody>\n<tr>\n<td align=\"center\" valign=\"middle\" bgcolor=\"#EEEEEE\" width=\"3%\"><strong>Lp.<\/strong><\/td>\n<td align=\"center\" valign=\"middle\" bgcolor=\"#EEEEEE\" width=\"20%\"><strong>Koncerty w szkole<\/strong><\/td>\n<td align=\"center\" valign=\"middle\" bgcolor=\"#EEEEEE\" width=\"7%\"><strong>Data<\/strong><\/td>\n<\/tr>\n<tr>\n<td align=\"center\" valign=\"middle\" bgcolor=\"#EEEEEE\"><em>01.<\/em><\/td>\n<td align=\"center\" valign=\"middle\" bgcolor=\"#ffffff\">Rozpocz\u0119cie roku szkolnego 2012\/2013<\/td>\n<td align=\"center\" valign=\"middle\" bgcolor=\"#EEEEEE\">3 wrze\u015bnia 2012<\/td>\n<\/tr>\n<tr>\n<td align=\"center\" valign=\"middle\" bgcolor=\"#EEEEEE\"><em>02.<\/em><\/td>\n<td align=\"center\" valign=\"middle\" bgcolor=\"#ffffff\">Przekazanie sztandaru Stowarzyszenia &#8222;Rodzina Katy\u0144ska&#8221; w Kaliszu<\/td>\n<td align=\"center\" valign=\"middle\" bgcolor=\"#EEEEEE\">3 wrze\u015bnia 2012<\/td>\n<\/tr>\n<tr>\n<td align=\"center\" valign=\"middle\" bgcolor=\"#EEEEEE\"><em>03.<\/em><\/td>\n<td align=\"center\" valign=\"middle\" bgcolor=\"#ffffff\">Koncert dla rodzic\u00f3w uczni\u00f3w klas pierwszych<\/td>\n<td align=\"center\" valign=\"middle\" bgcolor=\"#EEEEEE\">19 wrze\u015bnia 2012<\/td>\n<\/tr>\n<tr>\n<td align=\"center\" valign=\"middle\" bgcolor=\"#EEEEEE\"><em>04.<\/em><\/td>\n<td align=\"center\" valign=\"middle\" bgcolor=\"#ffffff\">Koncert dla go\u015bci z wymiany mi\u0119dzynarodowej<\/td>\n<td align=\"center\" valign=\"middle\" bgcolor=\"#EEEEEE\">15 pa\u017adziernika 2012<\/td>\n<\/tr>\n<tr>\n<td align=\"center\" valign=\"middle\" bgcolor=\"#EEEEEE\"><em>05.<\/em><\/td>\n<td align=\"center\" valign=\"middle\" bgcolor=\"#ffffff\">Koncert dla rodzic\u00f3w uczni\u00f3w klas trzecich<\/td>\n<td align=\"center\" valign=\"middle\" bgcolor=\"#EEEEEE\">14 listopada 2012<\/td>\n<\/tr>\n<tr>\n<td align=\"center\" valign=\"middle\" bgcolor=\"#EEEEEE\"><em>06.<\/em><\/td>\n<td align=\"center\" valign=\"middle\" bgcolor=\"#ffffff\">Koncert kol\u0119d i pie\u015bni \u015bwi\u0105tecznych &#8211; Aula III LO<\/td>\n<td align=\"center\" valign=\"middle\" bgcolor=\"#EEEEEE\">20 grudnia 2012<\/td>\n<\/tr>\n<tr>\n<td align=\"center\" valign=\"middle\" bgcolor=\"#EEEEEE\"><em>07.<\/em><\/td>\n<td align=\"center\" valign=\"middle\" bgcolor=\"#ffffff\">Koncert kol\u0119d dla rodzic\u00f3w<\/td>\n<td align=\"center\" valign=\"middle\" bgcolor=\"#EEEEEE\">31 stycznia 2013<\/td>\n<\/tr>\n<tr>\n<td align=\"center\" valign=\"middle\" bgcolor=\"#EEEEEE\"><em>08.<\/em><\/td>\n<td align=\"center\" valign=\"middle\" bgcolor=\"#ffffff\">Obchody Dnia Patrona<\/td>\n<td align=\"center\" valign=\"middle\" bgcolor=\"#EEEEEE\">18 lutego 2013<\/td>\n<\/tr>\n<tr>\n<td align=\"center\" valign=\"middle\" bgcolor=\"#EEEEEE\"><em>09.<\/em><\/td>\n<td align=\"center\" valign=\"middle\" bgcolor=\"#ffffff\">Nagrania p\u0142yty kol\u0119dowej<\/td>\n<td align=\"center\" valign=\"middle\" bgcolor=\"#EEEEEE\">28-29 marca 2013<\/td>\n<\/tr>\n<tr>\n<td align=\"center\" valign=\"middle\" bgcolor=\"#EEEEEE\"><em>10.<\/em><\/td>\n<td align=\"center\" valign=\"middle\" bgcolor=\"#ffffff\">Drzwi otwarte szko\u0142y<\/td>\n<td align=\"center\" valign=\"middle\" bgcolor=\"#EEEEEE\">6 kwietnia 2013<\/td>\n<\/tr>\n<tr>\n<td align=\"center\" valign=\"middle\" bgcolor=\"#EEEEEE\"><em>11.<\/em><\/td>\n<td align=\"center\" valign=\"middle\" bgcolor=\"#ffffff\">Zako\u0144czenie roku szkolnego maturzyst\u00f3w 2012\/2013<\/td>\n<td align=\"center\" valign=\"middle\" bgcolor=\"#EEEEEE\">26 kwietnia 2013<\/td>\n<\/tr>\n<tr>\n<td align=\"center\" valign=\"middle\" bgcolor=\"#EEEEEE\"><em>12.<\/em><\/td>\n<td align=\"center\" valign=\"middle\" bgcolor=\"#ffffff\">Zako\u0144czenie roku szkolnego 2012\/2013<\/td>\n<td align=\"center\" valign=\"middle\" bgcolor=\"#EEEEEE\">28 czerwca 2013<\/td>\n<\/tr>\n<tr>\n<td align=\"center\" valign=\"middle\" bgcolor=\"#EEEEEE\" width=\"3%\"><strong>Lp.<\/strong><\/td>\n<td align=\"center\" valign=\"middle\" bgcolor=\"#EEEEEE\" width=\"20%\"><strong>Koncerty \u015brodowiskowe<\/strong><\/td>\n<td align=\"center\" valign=\"middle\" bgcolor=\"#EEEEEE\" width=\"7%\"><strong>Data<\/strong><\/td>\n<\/tr>\n<tr>\n<td align=\"center\" valign=\"middle\" bgcolor=\"#EEEEEE\"><em>01.<\/em><\/td>\n<td align=\"center\" valign=\"middle\" bgcolor=\"#ffffff\">Msza \u015bw. w ko\u015bciele pod wezwaniem \u015awi\u0119tego Rocha w Mikstacie<\/td>\n<td align=\"center\" valign=\"middle\" bgcolor=\"#EEEEEE\">26 sierpnia 2012<\/td>\n<\/tr>\n<tr>\n<td align=\"center\" valign=\"middle\" bgcolor=\"#EEEEEE\"><em>02.<\/em><\/td>\n<td align=\"center\" valign=\"middle\" bgcolor=\"#ffffff\">Wyst\u0119p na festynie z okazji do\u017cynek w Mikstacie<\/td>\n<td align=\"center\" valign=\"middle\" bgcolor=\"#EEEEEE\">26 sierpnia 2012<\/td>\n<\/tr>\n<tr>\n<td align=\"center\" valign=\"middle\" bgcolor=\"#EEEEEE\"><em>03.<\/em><\/td>\n<td align=\"center\" valign=\"middle\" bgcolor=\"#ffffff\">Msza w intencji ch\u00f3rzyst\u00f3w w ko\u015bciele Ojc\u00f3w Franciszkan\u00f3w<\/td>\n<td align=\"center\" valign=\"middle\" bgcolor=\"#EEEEEE\">22 wrze\u015bnia 2012<\/td>\n<\/tr>\n<tr>\n<td align=\"center\" valign=\"middle\" bgcolor=\"#EEEEEE\"><em>04.<\/em><\/td>\n<td align=\"center\" valign=\"middle\" bgcolor=\"#ffffff\">Jubileuszowy koncert galowy w Pa\u0144stwowej Szkole Muzycznej I i II stopnia im. Henryka Melcera w Kaliszu<\/td>\n<td align=\"center\" valign=\"middle\" bgcolor=\"#EEEEEE\">22 wrze\u015bnia 2012<\/td>\n<\/tr>\n<tr>\n<td align=\"center\" valign=\"middle\" bgcolor=\"#EEEEEE\"><em>05.<\/em><\/td>\n<td align=\"center\" valign=\"middle\" bgcolor=\"#ffffff\">Msza za Ojczyzn\u0119 w ko\u015bciele \u015aw. Miko\u0142aja w Kaliszu<\/td>\n<td align=\"center\" valign=\"middle\" bgcolor=\"#EEEEEE\">11 listopada 2012<\/td>\n<\/tr>\n<tr>\n<td align=\"center\" valign=\"middle\" bgcolor=\"#EEEEEE\"><em>06.<\/em><\/td>\n<td align=\"center\" valign=\"middle\" bgcolor=\"#ffffff\">Koncert Bo\u017conarodzeniowy ,,T\u0119skne kol\u0119dowanie polskich emigrant\u00f3w&#8221; w Ko\u015bciele Garnizonowym w Kaliszu<\/td>\n<td align=\"center\" valign=\"middle\" bgcolor=\"#EEEEEE\">22 grudnia 2012<\/td>\n<\/tr>\n<tr>\n<td align=\"center\" valign=\"middle\" bgcolor=\"#EEEEEE\"><em>07.<\/em><\/td>\n<td align=\"center\" valign=\"middle\" bgcolor=\"#ffffff\">Rozdanie stypendium im. Jana Paw\u0142a II<\/td>\n<td align=\"center\" valign=\"middle\" bgcolor=\"#EEEEEE\">5 marca 2013<\/td>\n<\/tr>\n<tr>\n<td align=\"center\" valign=\"middle\" bgcolor=\"#EEEEEE\"><em>08.<\/em><\/td>\n<td align=\"center\" valign=\"middle\" bgcolor=\"#ffffff\">Koncert Muzyki Zygmunta Koniecznego w Teatrze im. Wojciecha Bogus\u0142awskiego w Kaliszu<\/td>\n<td align=\"center\" valign=\"middle\" bgcolor=\"#EEEEEE\">18 maja 2013<\/td>\n<\/tr>\n<tr>\n<td align=\"center\" valign=\"middle\" bgcolor=\"#EEEEEE\"><em>09.<\/em><\/td>\n<td align=\"center\" valign=\"middle\" bgcolor=\"#ffffff\">XX-Lecie Carmen Sacrum Festival<\/td>\n<td align=\"center\" valign=\"middle\" bgcolor=\"#EEEEEE\">22 czerwca 2013<\/td>\n<\/tr>\n<tr>\n<td align=\"center\" valign=\"middle\" bgcolor=\"#EEEEEE\" width=\"3%\"><strong>Lp.<\/strong><\/td>\n<td align=\"center\" valign=\"middle\" bgcolor=\"#EEEEEE\" width=\"20%\"><strong>Festiwale i Konkursy<\/strong><\/td>\n<td align=\"center\" valign=\"middle\" bgcolor=\"#EEEEEE\" width=\"7%\"><strong>Data<\/strong><\/td>\n<\/tr>\n<tr>\n<td align=\"center\" valign=\"middle\" bgcolor=\"#EEEEEE\"><em>01.<\/em><\/td>\n<td align=\"center\" valign=\"middle\" bgcolor=\"#ffffff\">Fina\u0142 XXXII Og\u00f3lnopolskiego Konkursu Ch\u00f3r\u00f3w a Cappella Dzieci i M\u0142odzie\u017cy w Bydgoszczy<\/td>\n<td align=\"center\" valign=\"middle\" bgcolor=\"#EEEEEE\">19-21 pa\u017adziernika 2012<\/td>\n<\/tr>\n<tr>\n<td align=\"center\" valign=\"middle\" bgcolor=\"#EEEEEE\"><em>02.<\/em><\/td>\n<td align=\"center\" valign=\"middle\" bgcolor=\"#ffffff\">XVIII \u015awi\u0119to Pie\u015bni Ch\u00f3ralnej \u2013 Ostr\u00f3w Wielkopolski II LO<\/td>\n<td align=\"center\" valign=\"middle\" bgcolor=\"#EEEEEE\">24 listopada 2012<\/td>\n<\/tr>\n<\/tbody>\n<\/table>\n","protected":false},"excerpt":{"rendered":"<p>ROK SZKOLNY 2012\/2013 Lp. Koncerty w szkole Data 01. Rozpocz\u0119cie roku szkolnego 2012\/2013 3 wrze\u015bnia&#8230;<\/p>\n","protected":false},"author":7,"featured_media":0,"parent":2882,"menu_order":0,"comment_status":"closed","ping_status":"closed","template":"","meta":[],"_links":{"self":[{"href":"https:\/\/kopernik.kalisz.pl\/kopernik-ssm\/chor\/wp-json\/wp\/v2\/pages\/2896"}],"collection":[{"href":"https:\/\/kopernik.kalisz.pl\/kopernik-ssm\/chor\/wp-json\/wp\/v2\/pages"}],"about":[{"href":"https:\/\/kopernik.kalisz.pl\/kopernik-ssm\/chor\/wp-json\/wp\/v2\/types\/page"}],"author":[{"embeddable":true,"href":"https:\/\/kopernik.kalisz.pl\/kopernik-ssm\/chor\/wp-json\/wp\/v2\/users\/7"}],"replies":[{"embeddable":true,"href":"https:\/\/kopernik.kalisz.pl\/kopernik-ssm\/chor\/wp-json\/wp\/v2\/comments?post=2896"}],"version-history":[{"count":1,"href":"https:\/\/kopernik.kalisz.pl\/kopernik-ssm\/chor\/wp-json\/wp\/v2\/pages\/2896\/revisions"}],"predecessor-version":[{"id":2897,"href":"https:\/\/kopernik.kalisz.pl\/kopernik-ssm\/chor\/wp-json\/wp\/v2\/pages\/2896\/revisions\/2897"}],"up":[{"embeddable":true,"href":"https:\/\/kopernik.kalisz.pl\/kopernik-ssm\/chor\/wp-json\/wp\/v2\/pages\/2882"}],"wp:attachment":[{"href":"https:\/\/kopernik.kalisz.pl\/kopernik-ssm\/chor\/wp-json\/wp\/v2\/media?parent=2896"}],"curies":[{"name":"wp","href":"https:\/\/api.w.org\/{rel}","templated":true}]}}