{"id":2899,"date":"2019-02-21T08:50:04","date_gmt":"2019-02-21T07:50:04","guid":{"rendered":"https:\/\/kopernik.kalisz.pl\/kopernik-ssm\/chor\/?page_id=2899"},"modified":"2019-02-28T09:19:57","modified_gmt":"2019-02-28T08:19:57","slug":"kalendarium-2011-2012","status":"publish","type":"page","link":"https:\/\/kopernik.kalisz.pl\/kopernik-ssm\/chor\/kalendarium\/kalendarium-2011-2012\/","title":{"rendered":"Kalendarium 2011\/2012"},"content":{"rendered":"<h5><strong>ROK SZKOLNY 2011\/2012<\/strong><\/h5>\n<table border=\"1\" cellspacing=\"5\" cellpadding=\"5\">\n<tbody>\n<tr>\n<td align=\"center\" valign=\"middle\" bgcolor=\"#EEEEEE\" width=\"3%\"><strong>Lp.<\/strong><\/td>\n<td align=\"center\" valign=\"middle\" bgcolor=\"#EEEEEE\" width=\"20%\"><strong>Koncerty w szkole<\/strong><\/td>\n<td align=\"center\" valign=\"middle\" bgcolor=\"#EEEEEE\" width=\"7%\"><strong>Data<\/strong><\/td>\n<\/tr>\n<tr>\n<td align=\"center\" valign=\"middle\" bgcolor=\"#EEEEEE\"><em>01.<\/em><\/td>\n<td align=\"center\" valign=\"middle\" bgcolor=\"#ffffff\">Rozpocz\u0119cie roku szkolnego 2011\/2012<\/td>\n<td align=\"center\" valign=\"middle\" bgcolor=\"#EEEEEE\">1 wrze\u015bnia 2011<\/td>\n<\/tr>\n<tr>\n<td align=\"center\" valign=\"middle\" bgcolor=\"#EEEEEE\"><em>02.<\/em><\/td>\n<td align=\"center\" valign=\"middle\" bgcolor=\"#ffffff\">Koncert dla rodzic\u00f3w uczni\u00f3w klas pierwszych<\/td>\n<td align=\"center\" valign=\"middle\" bgcolor=\"#EEEEEE\">15 wrze\u015bnia 2011<\/td>\n<\/tr>\n<tr>\n<td align=\"center\" valign=\"middle\" bgcolor=\"#EEEEEE\"><em>03.<\/em><\/td>\n<td align=\"center\" valign=\"middle\" bgcolor=\"#ffffff\">Koncert po\u015bwi\u0119cony pami\u0119ci pani profesor Gra\u017cyny Generowicz<\/td>\n<td align=\"center\" valign=\"middle\" bgcolor=\"#EEEEEE\">22 wrze\u015bnia 2011<\/td>\n<\/tr>\n<tr>\n<td align=\"center\" valign=\"middle\" bgcolor=\"#EEEEEE\"><em>04.<\/em><\/td>\n<td align=\"center\" valign=\"middle\" bgcolor=\"#ffffff\">Koncert dla go\u015bci z wymiany mi\u0119dzynarodowej<\/td>\n<td align=\"center\" valign=\"middle\" bgcolor=\"#EEEEEE\">10 pa\u017adziernika 2011<\/td>\n<\/tr>\n<tr>\n<td align=\"center\" valign=\"middle\" bgcolor=\"#EEEEEE\"><em>05.<\/em><\/td>\n<td align=\"center\" valign=\"middle\" bgcolor=\"#ffffff\">Obchody \u015awi\u0119ta Niepodleg\u0142o\u015bci<\/td>\n<td align=\"center\" valign=\"middle\" bgcolor=\"#EEEEEE\">10 listopada 2011<\/td>\n<\/tr>\n<tr>\n<td align=\"center\" valign=\"middle\" bgcolor=\"#EEEEEE\"><em>06.<\/em><\/td>\n<td align=\"center\" valign=\"middle\" bgcolor=\"#ffffff\">Koncert kol\u0119d i pie\u015bni \u015bwi\u0105tecznych &#8211; Aula III LO<\/td>\n<td align=\"center\" valign=\"middle\" bgcolor=\"#EEEEEE\">21 grudnia 2011<\/td>\n<\/tr>\n<tr>\n<td align=\"center\" valign=\"middle\" bgcolor=\"#EEEEEE\"><em>07.<\/em><\/td>\n<td align=\"center\" valign=\"middle\" bgcolor=\"#ffffff\">Koncert kol\u0119d dla rodzic\u00f3w uczni\u00f3w klas trzecich<\/td>\n<td align=\"center\" valign=\"middle\" bgcolor=\"#EEEEEE\">17 stycznia 2012<\/td>\n<\/tr>\n<tr>\n<td align=\"center\" valign=\"middle\" bgcolor=\"#EEEEEE\"><em>08.<\/em><\/td>\n<td align=\"center\" valign=\"middle\" bgcolor=\"#ffffff\">Koncert Karnawa\u0142owy &#8222;Pod niebem Kopernika&#8221;<\/td>\n<td align=\"center\" valign=\"middle\" bgcolor=\"#EEEEEE\">10 lutego 2012<\/td>\n<\/tr>\n<tr>\n<td align=\"center\" valign=\"middle\" bgcolor=\"#EEEEEE\"><em>09.<\/em><\/td>\n<td align=\"center\" valign=\"middle\" bgcolor=\"#ffffff\">Koncert dla Biskupa Stanis\u0142awa Napiera\u0142y<\/td>\n<td align=\"center\" valign=\"middle\" bgcolor=\"#EEEEEE\">18 kwietnia 2012<\/td>\n<\/tr>\n<tr>\n<td align=\"center\" valign=\"middle\" bgcolor=\"#EEEEEE\"><em>10.<\/em><\/td>\n<td align=\"center\" valign=\"middle\" bgcolor=\"#ffffff\">Drzwi otwarte szko\u0142y<\/td>\n<td align=\"center\" valign=\"middle\" bgcolor=\"#EEEEEE\">21 kwietnia 2012<\/td>\n<\/tr>\n<tr>\n<td align=\"center\" valign=\"middle\" bgcolor=\"#EEEEEE\"><em>11.<\/em><\/td>\n<td align=\"center\" valign=\"middle\" bgcolor=\"#ffffff\">Zako\u0144czenie roku szkolnego maturzyst\u00f3w<\/td>\n<td align=\"center\" valign=\"middle\" bgcolor=\"#EEEEEE\">27 kwietnia 2012<\/td>\n<\/tr>\n<tr>\n<td align=\"center\" valign=\"middle\" bgcolor=\"#EEEEEE\"><em>12.<\/em><\/td>\n<td align=\"center\" valign=\"middle\" bgcolor=\"#ffffff\">Zako\u0144czenie akcji &#8222;Szko\u0142a Promuj\u0105ca Zdrowie&#8221;<\/td>\n<td align=\"center\" valign=\"middle\" bgcolor=\"#EEEEEE\">13 czerwca 2012<\/td>\n<\/tr>\n<tr>\n<td align=\"center\" valign=\"middle\" bgcolor=\"#EEEEEE\"><em>13.<\/em><\/td>\n<td align=\"center\" valign=\"middle\" bgcolor=\"#ffffff\">Zako\u0144czenie roku szkolnego 2011\/2012<\/td>\n<td align=\"center\" valign=\"middle\" bgcolor=\"#EEEEEE\">29 czerwca 2012<\/td>\n<\/tr>\n<tr>\n<td align=\"center\" valign=\"middle\" bgcolor=\"#EEEEEE\" width=\"3%\"><strong>Lp.<\/strong><\/td>\n<td align=\"center\" valign=\"middle\" bgcolor=\"#EEEEEE\" width=\"20%\"><strong>Koncerty \u015brodowiskowe<\/strong><\/td>\n<td align=\"center\" valign=\"middle\" bgcolor=\"#EEEEEE\" width=\"7%\"><strong>Data<\/strong><\/td>\n<\/tr>\n<tr>\n<td align=\"center\" valign=\"middle\" bgcolor=\"#EEEEEE\"><em>01.<\/em><\/td>\n<td align=\"center\" valign=\"middle\" bgcolor=\"#ffffff\">Msza \u015bw. w ko\u015bciele pod wezwaniem \u015awi\u0119tej Tr\u00f3jcy w Mikstacie<\/td>\n<td align=\"center\" valign=\"middle\" bgcolor=\"#EEEEEE\">26 sierpnia 2011<\/td>\n<\/tr>\n<tr>\n<td align=\"center\" valign=\"middle\" bgcolor=\"#EEEEEE\"><em>02.<\/em><\/td>\n<td align=\"center\" valign=\"middle\" bgcolor=\"#ffffff\">Koncert w ko\u015bciele pod wezwaniem \u015awi\u0119tej Tr\u00f3jcy w Mikstacie<\/td>\n<td align=\"center\" valign=\"middle\" bgcolor=\"#EEEEEE\">26 sierpnia 2011<\/td>\n<\/tr>\n<tr>\n<td align=\"center\" valign=\"middle\" bgcolor=\"#EEEEEE\"><em>03.<\/em><\/td>\n<td align=\"center\" valign=\"middle\" bgcolor=\"#ffffff\">\u015alub w ko\u015bciele Matki Boskiej Ostrobramskiej w Antoninie<\/td>\n<td align=\"center\" valign=\"middle\" bgcolor=\"#EEEEEE\">3 wrze\u015bnia 2011<\/td>\n<\/tr>\n<tr>\n<td align=\"center\" valign=\"middle\" bgcolor=\"#EEEEEE\"><em>04.<\/em><\/td>\n<td align=\"center\" valign=\"middle\" bgcolor=\"#ffffff\">\u015alub w ko\u015bciele Naj\u015bwi\u0119tszego Serca Pana Jezusa w Opat\u00f3wku<\/td>\n<td align=\"center\" valign=\"middle\" bgcolor=\"#EEEEEE\">24 wrze\u015bnia 2011<\/td>\n<\/tr>\n<tr>\n<td align=\"center\" valign=\"middle\" bgcolor=\"#EEEEEE\"><em>05.<\/em><\/td>\n<td align=\"center\" valign=\"middle\" bgcolor=\"#ffffff\">Uroczysto\u015b\u0107 rozdania Nagr\u00f3d Prezydenta Miasta Kalisza<\/td>\n<td align=\"center\" valign=\"middle\" bgcolor=\"#EEEEEE\">11 pa\u017adziernika 2011<\/td>\n<\/tr>\n<tr>\n<td align=\"center\" valign=\"middle\" bgcolor=\"#EEEEEE\"><em>06.<\/em><\/td>\n<td align=\"center\" valign=\"middle\" bgcolor=\"#ffffff\">Koncert kol\u0119d w Galerii Ostrovia w Ostrowie Wielkopolskim<\/td>\n<td align=\"center\" valign=\"middle\" bgcolor=\"#EEEEEE\">17 grudnia 2011<\/td>\n<\/tr>\n<tr>\n<td align=\"center\" valign=\"middle\" bgcolor=\"#EEEEEE\"><em>07.<\/em><\/td>\n<td align=\"center\" valign=\"middle\" bgcolor=\"#ffffff\">Koncert Bo\u017conarodzeniowy ,,Od Adwentu do Trzech Kr\u00f3li&#8221; w Ko\u015bciele Garnizonowym w Kaliszu<\/td>\n<td align=\"center\" valign=\"middle\" bgcolor=\"#EEEEEE\">18 grudnia 2011<\/td>\n<\/tr>\n<tr>\n<td align=\"center\" valign=\"middle\" bgcolor=\"#EEEEEE\"><em>08.<\/em><\/td>\n<td align=\"center\" valign=\"middle\" bgcolor=\"#ffffff\">Koncert Bo\u017conarodzeniowy ,,Od Adwentu do Trzech Kr\u00f3li cz. II&#8221; w Bazylice \u015aw. J\u00f3zefa w Kaliszu<\/td>\n<td align=\"center\" valign=\"middle\" bgcolor=\"#EEEEEE\">6 stycznia 2012<\/td>\n<\/tr>\n<tr>\n<td align=\"center\" valign=\"middle\" bgcolor=\"#EEEEEE\"><em>09.<\/em><\/td>\n<td align=\"center\" valign=\"middle\" bgcolor=\"#ffffff\">Koncert kol\u0119d i pie\u015bni \u015bwi\u0105tecznych w Ko\u015bcielnej Wsi<\/td>\n<td align=\"center\" valign=\"middle\" bgcolor=\"#EEEEEE\">29 stycznia 2012<\/td>\n<\/tr>\n<tr>\n<td align=\"center\" valign=\"middle\" bgcolor=\"#EEEEEE\"><em>10.<\/em><\/td>\n<td align=\"center\" valign=\"middle\" bgcolor=\"#ffffff\">Msza Polowa w intencji ofiar II Wojny \u015awiatowej w lesie winiarskim<\/td>\n<td align=\"center\" valign=\"middle\" bgcolor=\"#EEEEEE\">29 kwietnia 2012<\/td>\n<\/tr>\n<tr>\n<td align=\"center\" valign=\"middle\" bgcolor=\"#EEEEEE\"><em>11.<\/em><\/td>\n<td align=\"center\" valign=\"middle\" bgcolor=\"#ffffff\">\u015alub w ko\u015bciele Ojc\u00f3w Franciszkan\u00f3w w Kaliszu<\/td>\n<td align=\"center\" valign=\"middle\" bgcolor=\"#EEEEEE\">26 maja 2012<\/td>\n<\/tr>\n<tr>\n<td align=\"center\" valign=\"middle\" bgcolor=\"#EEEEEE\" width=\"3%\"><strong>Lp.<\/strong><\/td>\n<td align=\"center\" valign=\"middle\" bgcolor=\"#EEEEEE\" width=\"20%\"><strong>Festiwale i Konkursy<\/strong><\/td>\n<td align=\"center\" valign=\"middle\" bgcolor=\"#EEEEEE\" width=\"7%\"><strong>Data<\/strong><\/td>\n<\/tr>\n<tr>\n<td align=\"center\" valign=\"middle\" bgcolor=\"#EEEEEE\"><em>01.<\/em><\/td>\n<td align=\"center\" valign=\"middle\" bgcolor=\"#ffffff\">Fina\u0142 XXXI Og\u00f3lnopolskiego Konkursu Ch\u00f3r\u00f3w a Cappella Dzieci i M\u0142odzie\u017cy w Bydgoszczy<\/td>\n<td align=\"center\" valign=\"middle\" bgcolor=\"#EEEEEE\">21-23 pa\u017adziernika 2011<\/td>\n<\/tr>\n<tr>\n<td align=\"center\" valign=\"middle\" bgcolor=\"#EEEEEE\"><em>02.<\/em><\/td>\n<td align=\"center\" valign=\"middle\" bgcolor=\"#ffffff\">VI Kol\u0119dowy Przegl\u0105d Ch\u00f3r\u00f3w Dzieci\u0119cych i M\u0142odzie\u017cowych \u201e\u015apiewaj\u0105ca Polska\u201d &#8211; Ostr\u00f3w Wielkopolski<\/td>\n<td align=\"center\" valign=\"middle\" bgcolor=\"#EEEEEE\">17 grudnia 2011<\/td>\n<\/tr>\n<tr>\n<td align=\"center\" valign=\"middle\" bgcolor=\"#EEEEEE\"><em>03.<\/em><\/td>\n<td align=\"center\" valign=\"middle\" bgcolor=\"#ffffff\">XXXII Og\u00f3lnopolski konkurs Ch\u00f3r\u00f3w a Cappella Dzieci i M\u0142odzie\u017cy \u2013 etap wojew\u00f3dzki Ostr\u00f3w Wielkopolski<\/td>\n<td align=\"center\" valign=\"middle\" bgcolor=\"#EEEEEE\">25 kwietnia 2012<\/td>\n<\/tr>\n<\/tbody>\n<\/table>\n","protected":false},"excerpt":{"rendered":"<p>ROK SZKOLNY 2011\/2012 Lp. Koncerty w szkole Data 01. Rozpocz\u0119cie roku szkolnego 2011\/2012 1 wrze\u015bnia&#8230;<\/p>\n","protected":false},"author":7,"featured_media":0,"parent":2882,"menu_order":0,"comment_status":"closed","ping_status":"closed","template":"","meta":[],"_links":{"self":[{"href":"https:\/\/kopernik.kalisz.pl\/kopernik-ssm\/chor\/wp-json\/wp\/v2\/pages\/2899"}],"collection":[{"href":"https:\/\/kopernik.kalisz.pl\/kopernik-ssm\/chor\/wp-json\/wp\/v2\/pages"}],"about":[{"href":"https:\/\/kopernik.kalisz.pl\/kopernik-ssm\/chor\/wp-json\/wp\/v2\/types\/page"}],"author":[{"embeddable":true,"href":"https:\/\/kopernik.kalisz.pl\/kopernik-ssm\/chor\/wp-json\/wp\/v2\/users\/7"}],"replies":[{"embeddable":true,"href":"https:\/\/kopernik.kalisz.pl\/kopernik-ssm\/chor\/wp-json\/wp\/v2\/comments?post=2899"}],"version-history":[{"count":1,"href":"https:\/\/kopernik.kalisz.pl\/kopernik-ssm\/chor\/wp-json\/wp\/v2\/pages\/2899\/revisions"}],"predecessor-version":[{"id":2900,"href":"https:\/\/kopernik.kalisz.pl\/kopernik-ssm\/chor\/wp-json\/wp\/v2\/pages\/2899\/revisions\/2900"}],"up":[{"embeddable":true,"href":"https:\/\/kopernik.kalisz.pl\/kopernik-ssm\/chor\/wp-json\/wp\/v2\/pages\/2882"}],"wp:attachment":[{"href":"https:\/\/kopernik.kalisz.pl\/kopernik-ssm\/chor\/wp-json\/wp\/v2\/media?parent=2899"}],"curies":[{"name":"wp","href":"https:\/\/api.w.org\/{rel}","templated":true}]}}