{"id":2903,"date":"2019-02-21T08:52:46","date_gmt":"2019-02-21T07:52:46","guid":{"rendered":"https:\/\/kopernik.kalisz.pl\/kopernik-ssm\/chor\/?page_id=2903"},"modified":"2019-02-28T09:19:49","modified_gmt":"2019-02-28T08:19:49","slug":"kalendarium-2009-2010","status":"publish","type":"page","link":"https:\/\/kopernik.kalisz.pl\/kopernik-ssm\/chor\/kalendarium\/kalendarium-2009-2010\/","title":{"rendered":"Kalendarium 2009\/2010"},"content":{"rendered":"<h5><strong>ROK SZKOLNY 2009\/2010<\/strong><\/h5>\n<table border=\"1\" cellspacing=\"5\" cellpadding=\"5\">\n<tbody>\n<tr>\n<td align=\"center\" valign=\"middle\" bgcolor=\"#EEEEEE\" width=\"3%\"><strong>Lp.<\/strong><\/td>\n<td align=\"center\" valign=\"middle\" bgcolor=\"#EEEEEE\" width=\"20%\"><strong>Koncerty w szkole<\/strong><\/td>\n<td align=\"center\" valign=\"middle\" bgcolor=\"#EEEEEE\" width=\"7%\"><strong>Data<\/strong><\/td>\n<\/tr>\n<tr>\n<td align=\"center\" valign=\"middle\" bgcolor=\"#EEEEEE\"><em>01.<\/em><\/td>\n<td align=\"center\" valign=\"middle\" bgcolor=\"#ffffff\">Rozpocz\u0119cie roku szkolnego 2009\/2010<\/td>\n<td align=\"center\" valign=\"middle\" bgcolor=\"#EEEEEE\">1 wrze\u015bnia 2009<\/td>\n<\/tr>\n<tr>\n<td align=\"center\" valign=\"middle\" bgcolor=\"#EEEEEE\"><em>02.<\/em><\/td>\n<td align=\"center\" valign=\"middle\" bgcolor=\"#ffffff\">VII Zjazd absolwent\u00f3w<\/td>\n<td align=\"center\" valign=\"middle\" bgcolor=\"#EEEEEE\">11-13 wrze\u015bnia 2009<\/td>\n<\/tr>\n<tr>\n<td align=\"center\" valign=\"middle\" bgcolor=\"#EEEEEE\"><em>03.<\/em><\/td>\n<td align=\"center\" valign=\"middle\" bgcolor=\"#ffffff\">Koncert dla rodzic\u00f3w uczni\u00f3w klas pierwszych<\/td>\n<td align=\"center\" valign=\"middle\" bgcolor=\"#EEEEEE\">29 wrze\u015bnia 2009<\/td>\n<\/tr>\n<tr>\n<td align=\"center\" valign=\"middle\" bgcolor=\"#EEEEEE\"><em>04.<\/em><\/td>\n<td align=\"center\" valign=\"middle\" bgcolor=\"#ffffff\">Koncert dla go\u015bci z Holandii Ukrainy i S\u0142owacji<\/td>\n<td align=\"center\" valign=\"middle\" bgcolor=\"#EEEEEE\">12 pa\u017adziernika 2009<\/td>\n<\/tr>\n<tr>\n<td align=\"center\" valign=\"middle\" bgcolor=\"#EEEEEE\"><em>05.<\/em><\/td>\n<td align=\"center\" valign=\"middle\" bgcolor=\"#ffffff\">Koncert Kol\u0119d, Pastora\u0142ek i Pie\u015bni \u015awi\u0105tecznych (Koncert otwarty \u2013 aula III LO)<\/td>\n<td align=\"center\" valign=\"middle\" bgcolor=\"#EEEEEE\">20 grudnia 2009<\/td>\n<\/tr>\n<tr>\n<td align=\"center\" valign=\"middle\" bgcolor=\"#EEEEEE\"><em>06.<\/em><\/td>\n<td align=\"center\" valign=\"middle\" bgcolor=\"#ffffff\">Wigilijny koncert kol\u0119d \u2013 Aula III LO<\/td>\n<td align=\"center\" valign=\"middle\" bgcolor=\"#EEEEEE\">21 grudnia 2009<\/td>\n<\/tr>\n<tr>\n<td align=\"center\" valign=\"middle\" bgcolor=\"#EEEEEE\"><em>07.<\/em><\/td>\n<td align=\"center\" valign=\"middle\" bgcolor=\"#ffffff\">Dzie\u0144 Patrona<\/td>\n<td align=\"center\" valign=\"middle\" bgcolor=\"#EEEEEE\">19 lutego 2010<\/td>\n<\/tr>\n<tr>\n<td align=\"center\" valign=\"middle\" bgcolor=\"#EEEEEE\"><em>08.<\/em><\/td>\n<td align=\"center\" valign=\"middle\" bgcolor=\"#ffffff\">Uroczysty apel poleg\u0142ych w katastrofie samolotu prezydenckiego pod Smole\u0144skiem<\/td>\n<td align=\"center\" valign=\"middle\" bgcolor=\"#EEEEEE\">12 kwietnia 2010<\/td>\n<\/tr>\n<tr>\n<td align=\"center\" valign=\"middle\" bgcolor=\"#EEEEEE\"><em>09.<\/em><\/td>\n<td align=\"center\" valign=\"middle\" bgcolor=\"#ffffff\">Msza \u015awi\u0119ta w intencji absolwent\u00f3w<\/td>\n<td align=\"center\" valign=\"middle\" bgcolor=\"#EEEEEE\">30 kwietnia 2010<\/td>\n<\/tr>\n<tr>\n<td align=\"center\" valign=\"middle\" bgcolor=\"#EEEEEE\"><em>10.<\/em><\/td>\n<td align=\"center\" valign=\"middle\" bgcolor=\"#ffffff\">Zako\u0144czenie roku szkolnego maturzyst\u00f3w<\/td>\n<td align=\"center\" valign=\"middle\" bgcolor=\"#EEEEEE\">30 kwietnia 2010<\/td>\n<\/tr>\n<tr>\n<td align=\"center\" valign=\"middle\" bgcolor=\"#EEEEEE\"><em>11.<\/em><\/td>\n<td align=\"center\" valign=\"middle\" bgcolor=\"#ffffff\">Zako\u0144czenie roku szkolnego 2009\/2010<\/td>\n<td align=\"center\" valign=\"middle\" bgcolor=\"#EEEEEE\">25 czerwca 2010<\/td>\n<\/tr>\n<tr>\n<td align=\"center\" valign=\"middle\" bgcolor=\"#EEEEEE\" width=\"3%\"><strong>Lp.<\/strong><\/td>\n<td align=\"center\" valign=\"middle\" bgcolor=\"#EEEEEE\" width=\"20%\"><strong>Koncerty \u015brodowiskowe<\/strong><\/td>\n<td align=\"center\" valign=\"middle\" bgcolor=\"#EEEEEE\" width=\"7%\"><strong>Data<\/strong><\/td>\n<\/tr>\n<tr>\n<td align=\"center\" valign=\"middle\" bgcolor=\"#EEEEEE\"><em>01.<\/em><\/td>\n<td align=\"center\" valign=\"middle\" bgcolor=\"#ffffff\">Koncert z okazji 70 rocznicy wybuchu II Wojny \u015awiatowej w Ratuszu<\/td>\n<td align=\"center\" valign=\"middle\" bgcolor=\"#EEEEEE\">1 wrze\u015bnia 2009<\/td>\n<\/tr>\n<tr>\n<td align=\"center\" valign=\"middle\" bgcolor=\"#EEEEEE\"><em>02.<\/em><\/td>\n<td align=\"center\" valign=\"middle\" bgcolor=\"#ffffff\">Msza \u015bw. dla \u017co\u0142nierzy Armii Krajowej w Bazylice \u015aw. J\u00f3zefa<\/td>\n<td align=\"center\" valign=\"middle\" bgcolor=\"#EEEEEE\">4 wrze\u015bnia 2009<\/td>\n<\/tr>\n<tr>\n<td align=\"center\" valign=\"middle\" bgcolor=\"#EEEEEE\"><em>03.<\/em><\/td>\n<td align=\"center\" valign=\"middle\" bgcolor=\"#ffffff\">\u015alub absolwenta ch\u00f3ru &#8211; Wojciecha Kubery w Kleczewie<\/td>\n<td align=\"center\" valign=\"middle\" bgcolor=\"#EEEEEE\">28 wrze\u015bnia 2009<\/td>\n<\/tr>\n<tr>\n<td align=\"center\" valign=\"middle\" bgcolor=\"#EEEEEE\"><em>04.<\/em><\/td>\n<td align=\"center\" valign=\"middle\" bgcolor=\"#ffffff\">Msza \u015bwi\u0119ta z okazji rocznicy wyboru Karola Wojty\u0142y na papie\u017ca<\/td>\n<td align=\"center\" valign=\"middle\" bgcolor=\"#EEEEEE\">16 pa\u017adziernika 2009<\/td>\n<\/tr>\n<tr>\n<td align=\"center\" valign=\"middle\" bgcolor=\"#EEEEEE\"><em>05.<\/em><\/td>\n<td align=\"center\" valign=\"middle\" bgcolor=\"#ffffff\">Uroczysto\u015b\u0107 10\u2013lecia PWSZ w Kaliszu<\/td>\n<td align=\"center\" valign=\"middle\" bgcolor=\"#EEEEEE\">19 pa\u017adziernika 2009<\/td>\n<\/tr>\n<tr>\n<td align=\"center\" valign=\"middle\" bgcolor=\"#EEEEEE\"><em>06.<\/em><\/td>\n<td align=\"center\" valign=\"middle\" bgcolor=\"#ffffff\">150-lecie szko\u0142y salezja\u0144skiej w Koninie<\/td>\n<td align=\"center\" valign=\"middle\" bgcolor=\"#EEEEEE\">8 grudnia 2009<\/td>\n<\/tr>\n<tr>\n<td align=\"center\" valign=\"middle\" bgcolor=\"#EEEEEE\"><em>07.<\/em><\/td>\n<td align=\"center\" valign=\"middle\" bgcolor=\"#ffffff\">III Targi Edukacyjne Hala Arena<\/td>\n<td align=\"center\" valign=\"middle\" bgcolor=\"#EEEEEE\">20 marca 2010<\/td>\n<\/tr>\n<tr>\n<td align=\"center\" valign=\"middle\" bgcolor=\"#EEEEEE\"><em>08.<\/em><\/td>\n<td align=\"center\" valign=\"middle\" bgcolor=\"#ffffff\">Uroczysto\u015bci pogrzebowe prof. Tadeusza Pisarskiego w Gutowy pod Poznaniem<\/td>\n<td align=\"center\" valign=\"middle\" bgcolor=\"#EEEEEE\">27 marca 2010<\/td>\n<\/tr>\n<tr>\n<td align=\"center\" valign=\"middle\" bgcolor=\"#EEEEEE\"><em>09.<\/em><\/td>\n<td align=\"center\" valign=\"middle\" bgcolor=\"#ffffff\">Msza Polowa w intencji ofiar II Wojny \u015awiatowej w lesie winiarskim<\/td>\n<td align=\"center\" valign=\"middle\" bgcolor=\"#EEEEEE\">18 kwietnia 2010<\/td>\n<\/tr>\n<tr>\n<td align=\"center\" valign=\"middle\" bgcolor=\"#EEEEEE\"><em>10.<\/em><\/td>\n<td align=\"center\" valign=\"middle\" bgcolor=\"#ffffff\">U\u015bwietnienie uroczysto\u015bci sadzenia D\u0119b\u00f3w Katy\u0144skich<\/td>\n<td align=\"center\" valign=\"middle\" bgcolor=\"#EEEEEE\">23 kwietnia 2010<\/td>\n<\/tr>\n<tr>\n<td align=\"center\" valign=\"middle\" bgcolor=\"#EEEEEE\"><em>11.<\/em><\/td>\n<td align=\"center\" valign=\"middle\" bgcolor=\"#ffffff\">Uroczysto\u015b\u0107 za\u015blubin profesor Ma\u0142gorzaty Krawczyk (nauczyciela III LO) w Bazylice \u015bw. J\u00f3zefa<\/td>\n<td align=\"center\" valign=\"middle\" bgcolor=\"#EEEEEE\">5 czerwca 2010<\/td>\n<\/tr>\n<tr>\n<td align=\"center\" valign=\"middle\" bgcolor=\"#EEEEEE\"><em>12.<\/em><\/td>\n<td align=\"center\" valign=\"middle\" bgcolor=\"#ffffff\">Msza \u015bw. w intencji mieszka\u0144c\u00f3w Miasta Kalisza z okazji 1850-lecia<\/td>\n<td align=\"center\" valign=\"middle\" bgcolor=\"#EEEEEE\">12 czerwca 2010<\/td>\n<\/tr>\n<tr>\n<td align=\"center\" valign=\"middle\" bgcolor=\"#EEEEEE\"><em>13.<\/em><\/td>\n<td align=\"center\" valign=\"middle\" bgcolor=\"#ffffff\">Uroczysto\u015b\u0107 za\u015blubin absolwentki III LO Marty Wcis\u0142ek<\/td>\n<td align=\"center\" valign=\"middle\" bgcolor=\"#EEEEEE\">12 czerwca 2010<\/td>\n<\/tr>\n<tr>\n<td align=\"center\" valign=\"middle\" bgcolor=\"#EEEEEE\"><em>14.<\/em><\/td>\n<td align=\"center\" valign=\"middle\" bgcolor=\"#ffffff\">Absolutorium PWSZ<\/td>\n<td align=\"center\" valign=\"middle\" bgcolor=\"#EEEEEE\">24 czerwca 2010<\/td>\n<\/tr>\n<tr>\n<td align=\"center\" valign=\"middle\" bgcolor=\"#EEEEEE\"><em>15.<\/em><\/td>\n<td align=\"center\" valign=\"middle\" bgcolor=\"#ffffff\">Absolutorium PWSZ<\/td>\n<td align=\"center\" valign=\"middle\" bgcolor=\"#EEEEEE\">25 czerwca 2010<\/td>\n<\/tr>\n<tr>\n<td align=\"center\" valign=\"middle\" bgcolor=\"#EEEEEE\"><em>16.<\/em><\/td>\n<td align=\"center\" valign=\"middle\" bgcolor=\"#ffffff\">Uroczysto\u015b\u0107 za\u015blubin absolwentki ch\u00f3ru &#8211; Moniki Chabierskiej<\/td>\n<td align=\"center\" valign=\"middle\" bgcolor=\"#EEEEEE\">26 czerwca 2010<\/td>\n<\/tr>\n<tr>\n<td align=\"center\" valign=\"middle\" bgcolor=\"#EEEEEE\"><em>17.<\/em><\/td>\n<td align=\"center\" valign=\"middle\" bgcolor=\"#ffffff\">Uroczysto\u015b\u0107 za\u015blubin absolwentki ch\u00f3ru &#8211; Joanny Plichty<\/td>\n<td align=\"center\" valign=\"middle\" bgcolor=\"#EEEEEE\">31 lipca 2010<\/td>\n<\/tr>\n<tr>\n<td align=\"center\" valign=\"middle\" bgcolor=\"#EEEEEE\" width=\"3%\"><strong>Lp.<\/strong><\/td>\n<td align=\"center\" valign=\"middle\" bgcolor=\"#EEEEEE\" width=\"20%\"><strong>Festiwale i Konkursy<\/strong><\/td>\n<td align=\"center\" valign=\"middle\" bgcolor=\"#EEEEEE\" width=\"7%\"><strong>Data<\/strong><\/td>\n<\/tr>\n<tr>\n<td align=\"center\" valign=\"middle\" bgcolor=\"#EEEEEE\"><em>01.<\/em><\/td>\n<td align=\"center\" valign=\"middle\" bgcolor=\"#ffffff\">XV \u015awi\u0119to Pie\u015bni Ch\u00f3ralnej \u2013 Kalisz II LO<\/td>\n<td align=\"center\" valign=\"middle\" bgcolor=\"#EEEEEE\">28 listopada 2009<\/td>\n<\/tr>\n<tr>\n<td align=\"center\" valign=\"middle\" bgcolor=\"#EEEEEE\"><em>02.<\/em><\/td>\n<td align=\"center\" valign=\"middle\" bgcolor=\"#ffffff\">IV Kol\u0119dowy Przegl\u0105d Ch\u00f3r\u00f3w Dzieci\u0119cych i M\u0142odzie\u017cowych \u201e\u015apiewaj\u0105ca Polska\u201d &#8211; Ostr\u00f3w Wielkopolski<\/td>\n<td align=\"center\" valign=\"middle\" bgcolor=\"#EEEEEE\">19 grudnia 2009<\/td>\n<\/tr>\n<tr>\n<td align=\"center\" valign=\"middle\" bgcolor=\"#EEEEEE\"><em>03.<\/em><\/td>\n<td align=\"center\" valign=\"middle\" bgcolor=\"#ffffff\">XXX Og\u00f3lnopolski konkurs Ch\u00f3r\u00f3w a Cappella Dzieci i M\u0142odzie\u017cy \u2013 etap wojew\u00f3dzki Ostr\u00f3w Wielkopolski<\/td>\n<td align=\"center\" valign=\"middle\" bgcolor=\"#EEEEEE\">6 lutego 2010<\/td>\n<\/tr>\n<\/tbody>\n<\/table>\n","protected":false},"excerpt":{"rendered":"<p>ROK SZKOLNY 2009\/2010 Lp. Koncerty w szkole Data 01. Rozpocz\u0119cie roku szkolnego 2009\/2010 1 wrze\u015bnia&#8230;<\/p>\n","protected":false},"author":7,"featured_media":0,"parent":2882,"menu_order":0,"comment_status":"closed","ping_status":"closed","template":"","meta":[],"_links":{"self":[{"href":"https:\/\/kopernik.kalisz.pl\/kopernik-ssm\/chor\/wp-json\/wp\/v2\/pages\/2903"}],"collection":[{"href":"https:\/\/kopernik.kalisz.pl\/kopernik-ssm\/chor\/wp-json\/wp\/v2\/pages"}],"about":[{"href":"https:\/\/kopernik.kalisz.pl\/kopernik-ssm\/chor\/wp-json\/wp\/v2\/types\/page"}],"author":[{"embeddable":true,"href":"https:\/\/kopernik.kalisz.pl\/kopernik-ssm\/chor\/wp-json\/wp\/v2\/users\/7"}],"replies":[{"embeddable":true,"href":"https:\/\/kopernik.kalisz.pl\/kopernik-ssm\/chor\/wp-json\/wp\/v2\/comments?post=2903"}],"version-history":[{"count":1,"href":"https:\/\/kopernik.kalisz.pl\/kopernik-ssm\/chor\/wp-json\/wp\/v2\/pages\/2903\/revisions"}],"predecessor-version":[{"id":2904,"href":"https:\/\/kopernik.kalisz.pl\/kopernik-ssm\/chor\/wp-json\/wp\/v2\/pages\/2903\/revisions\/2904"}],"up":[{"embeddable":true,"href":"https:\/\/kopernik.kalisz.pl\/kopernik-ssm\/chor\/wp-json\/wp\/v2\/pages\/2882"}],"wp:attachment":[{"href":"https:\/\/kopernik.kalisz.pl\/kopernik-ssm\/chor\/wp-json\/wp\/v2\/media?parent=2903"}],"curies":[{"name":"wp","href":"https:\/\/api.w.org\/{rel}","templated":true}]}}