{"id":2911,"date":"2019-02-21T08:55:11","date_gmt":"2019-02-21T07:55:11","guid":{"rendered":"https:\/\/kopernik.kalisz.pl\/kopernik-ssm\/chor\/?page_id=2911"},"modified":"2019-02-28T09:19:31","modified_gmt":"2019-02-28T08:19:31","slug":"kalendarium-2005-2006","status":"publish","type":"page","link":"https:\/\/kopernik.kalisz.pl\/kopernik-ssm\/chor\/kalendarium\/kalendarium-2005-2006\/","title":{"rendered":"Kalendarium 2005\/2006"},"content":{"rendered":"<h5><strong>ROK SZKOLNY 2005\/2006<\/strong><\/h5>\n<table border=\"1\" cellspacing=\"5\" cellpadding=\"5\">\n<tbody>\n<tr>\n<td align=\"center\" valign=\"middle\" bgcolor=\"#EEEEEE\" width=\"3%\"><strong>Lp.<\/strong><\/td>\n<td align=\"center\" valign=\"middle\" bgcolor=\"#EEEEEE\" width=\"20%\"><strong>Koncerty w szkole<\/strong><\/td>\n<td align=\"center\" valign=\"middle\" bgcolor=\"#EEEEEE\" width=\"7%\"><strong>Data<\/strong><\/td>\n<\/tr>\n<tr>\n<td align=\"center\" valign=\"middle\" bgcolor=\"#EEEEEE\"><em>01.<\/em><\/td>\n<td align=\"center\" valign=\"middle\" bgcolor=\"#ffffff\">Rozpocz\u0119cie roku szkolnego 2005\/2006<\/td>\n<td align=\"center\" valign=\"middle\" bgcolor=\"#EEEEEE\">1 wrze\u015bnia 2005<\/td>\n<\/tr>\n<tr>\n<td align=\"center\" valign=\"middle\" bgcolor=\"#EEEEEE\"><em>02.<\/em><\/td>\n<td align=\"center\" valign=\"middle\" bgcolor=\"#ffffff\">Dzie\u0144 Edukacji Narodowej<\/td>\n<td align=\"center\" valign=\"middle\" bgcolor=\"#EEEEEE\">13 pa\u017adziernika 2005<\/td>\n<\/tr>\n<tr>\n<td align=\"center\" valign=\"middle\" bgcolor=\"#EEEEEE\"><em>03.<\/em><\/td>\n<td align=\"center\" valign=\"middle\" bgcolor=\"#ffffff\">Koncert dla Delegacji M\u0142odzie\u017cy z Holandii<\/td>\n<td align=\"center\" valign=\"middle\" bgcolor=\"#EEEEEE\">20 pa\u017adziernika 2005<\/td>\n<\/tr>\n<tr>\n<td align=\"center\" valign=\"middle\" bgcolor=\"#EEEEEE\"><em>04.<\/em><\/td>\n<td align=\"center\" valign=\"middle\" bgcolor=\"#ffffff\">Koncert kol\u0119d i pastora\u0142ek dla Dyrekcji, Grona Pedagogicznego i pracownik\u00f3w szko\u0142y<\/td>\n<td align=\"center\" valign=\"middle\" bgcolor=\"#EEEEEE\">21 grudnia 2005<\/td>\n<\/tr>\n<tr>\n<td align=\"center\" valign=\"middle\" bgcolor=\"#EEEEEE\"><em>05.<\/em><\/td>\n<td align=\"center\" valign=\"middle\" bgcolor=\"#ffffff\">Koncert kol\u0119d i pastora\u0142ek dla Rodzic\u00f3w, Bab\u0107 i Dziadk\u00f3w<\/td>\n<td align=\"center\" valign=\"middle\" bgcolor=\"#EEEEEE\">21 grudnia 2005<\/td>\n<\/tr>\n<tr>\n<td align=\"center\" valign=\"middle\" bgcolor=\"#EEEEEE\"><em>06.<\/em><\/td>\n<td align=\"center\" valign=\"middle\" bgcolor=\"#ffffff\">Apel \u017ca\u0142obny<\/td>\n<td align=\"center\" valign=\"middle\" bgcolor=\"#EEEEEE\">1 lutego 2006<\/td>\n<\/tr>\n<tr>\n<td align=\"center\" valign=\"middle\" bgcolor=\"#EEEEEE\"><em>07.<\/em><\/td>\n<td align=\"center\" valign=\"middle\" bgcolor=\"#ffffff\">Dzie\u0144 Patrona<\/td>\n<td align=\"center\" valign=\"middle\" bgcolor=\"#EEEEEE\">19 lutego 2006<\/td>\n<\/tr>\n<tr>\n<td align=\"center\" valign=\"middle\" bgcolor=\"#EEEEEE\"><em>08.<\/em><\/td>\n<td align=\"center\" valign=\"middle\" bgcolor=\"#ffffff\">Koncert dla nauczycieli III LO<\/td>\n<td align=\"center\" valign=\"middle\" bgcolor=\"#EEEEEE\">16 marca 2006<\/td>\n<\/tr>\n<tr>\n<td align=\"center\" valign=\"middle\" bgcolor=\"#EEEEEE\"><em>09.<\/em><\/td>\n<td align=\"center\" valign=\"middle\" bgcolor=\"#ffffff\">Dni Kultury Rosyjskiej<\/td>\n<td align=\"center\" valign=\"middle\" bgcolor=\"#EEEEEE\">7 kwietnia 2006<\/td>\n<\/tr>\n<tr>\n<td align=\"center\" valign=\"middle\" bgcolor=\"#EEEEEE\"><em>10.<\/em><\/td>\n<td align=\"center\" valign=\"middle\" bgcolor=\"#ffffff\">Drzwi otwarte<\/td>\n<td align=\"center\" valign=\"middle\" bgcolor=\"#EEEEEE\">22 kwietnia 2006<\/td>\n<\/tr>\n<tr>\n<td align=\"center\" valign=\"middle\" bgcolor=\"#EEEEEE\"><em>11.<\/em><\/td>\n<td align=\"center\" valign=\"middle\" bgcolor=\"#ffffff\">Zako\u0144czenie roku szkolnego maturzyst\u00f3w<\/td>\n<td align=\"center\" valign=\"middle\" bgcolor=\"#EEEEEE\">28 kwietnia 2006<\/td>\n<\/tr>\n<tr>\n<td align=\"center\" valign=\"middle\" bgcolor=\"#EEEEEE\"><em>12.<\/em><\/td>\n<td align=\"center\" valign=\"middle\" bgcolor=\"#ffffff\">Zako\u0144czenie roku szkolnego 2005\/2006<\/td>\n<td align=\"center\" valign=\"middle\" bgcolor=\"#EEEEEE\">23 czerwca 2006<\/td>\n<\/tr>\n<tr>\n<td align=\"center\" valign=\"middle\" bgcolor=\"#EEEEEE\" width=\"3%\"><strong>Lp.<\/strong><\/td>\n<td align=\"center\" valign=\"middle\" bgcolor=\"#EEEEEE\" width=\"20%\"><strong>Koncerty \u015brodowiskowe<\/strong><\/td>\n<td align=\"center\" valign=\"middle\" bgcolor=\"#EEEEEE\" width=\"7%\"><strong>Data<\/strong><\/td>\n<\/tr>\n<tr>\n<td align=\"center\" valign=\"middle\" bgcolor=\"#EEEEEE\"><em>01.<\/em><\/td>\n<td align=\"center\" valign=\"middle\" bgcolor=\"#ffffff\">Msza \u015bwi\u0119ta w ko\u015bciele w Mikstacie<\/td>\n<td align=\"center\" valign=\"middle\" bgcolor=\"#EEEEEE\">25 sierpnia 2005<\/td>\n<\/tr>\n<tr>\n<td align=\"center\" valign=\"middle\" bgcolor=\"#EEEEEE\"><em>02.<\/em><\/td>\n<td align=\"center\" valign=\"middle\" bgcolor=\"#ffffff\">Msza \u015bwi\u0119ta w ko\u015bciele pw. B\u0142ogos\u0142awionej Matki Teresy z Kalkuty<\/td>\n<td align=\"center\" valign=\"middle\" bgcolor=\"#EEEEEE\">11 wrze\u015bnia 2005<\/td>\n<\/tr>\n<tr>\n<td align=\"center\" valign=\"middle\" bgcolor=\"#EEEEEE\"><em>03.<\/em><\/td>\n<td align=\"center\" valign=\"middle\" bgcolor=\"#ffffff\">Festyn wyborczy<\/td>\n<td align=\"center\" valign=\"middle\" bgcolor=\"#EEEEEE\">14 wrze\u015bnia 2005<\/td>\n<\/tr>\n<tr>\n<td align=\"center\" valign=\"middle\" bgcolor=\"#EEEEEE\"><em>04.<\/em><\/td>\n<td align=\"center\" valign=\"middle\" bgcolor=\"#ffffff\">Dzie\u0144 Sybiraka<\/td>\n<td align=\"center\" valign=\"middle\" bgcolor=\"#EEEEEE\">17 wrze\u015bnia 2005<\/td>\n<\/tr>\n<tr>\n<td align=\"center\" valign=\"middle\" bgcolor=\"#EEEEEE\"><em>05.<\/em><\/td>\n<td align=\"center\" valign=\"middle\" bgcolor=\"#ffffff\">Mi\u0119dzynarodowy Dzie\u0144 Muzyki \u2013 Wielkopolskie \u015apiewanie<\/td>\n<td align=\"center\" valign=\"middle\" bgcolor=\"#EEEEEE\">1 pa\u017adziernika 2005<\/td>\n<\/tr>\n<tr>\n<td align=\"center\" valign=\"middle\" bgcolor=\"#EEEEEE\"><em>06.<\/em><\/td>\n<td align=\"center\" valign=\"middle\" bgcolor=\"#ffffff\">Inauguracja roku akademickiego oraz nadanie imienia uczelni PWSZ<\/td>\n<td align=\"center\" valign=\"middle\" bgcolor=\"#EEEEEE\">17 pa\u017adziernika 2005<\/td>\n<\/tr>\n<tr>\n<td align=\"center\" valign=\"middle\" bgcolor=\"#EEEEEE\"><em>07.<\/em><\/td>\n<td align=\"center\" valign=\"middle\" bgcolor=\"#ffffff\">Wykonanie kantaty \u201eWidma\u201d Stanis\u0142awa Moniuszki z Filharmoni\u0105 Kalisk\u0105 w ko\u015bciele garnizonowym<\/td>\n<td align=\"center\" valign=\"middle\" bgcolor=\"#EEEEEE\">10 listopada 2005<\/td>\n<\/tr>\n<tr>\n<td align=\"center\" valign=\"middle\" bgcolor=\"#EEEEEE\"><em>08.<\/em><\/td>\n<td align=\"center\" valign=\"middle\" bgcolor=\"#ffffff\">Koncert z ch\u00f3rami z Niemiec w Norderney<\/td>\n<td align=\"center\" valign=\"middle\" bgcolor=\"#EEEEEE\">26 listopada 2005<\/td>\n<\/tr>\n<tr>\n<td align=\"center\" valign=\"middle\" bgcolor=\"#EEEEEE\"><em>09.<\/em><\/td>\n<td align=\"center\" valign=\"middle\" bgcolor=\"#ffffff\">Msza \u015bwi\u0119ta w ko\u015bciele katolickim<\/td>\n<td align=\"center\" valign=\"middle\" bgcolor=\"#EEEEEE\">27 listopada 2005<\/td>\n<\/tr>\n<tr>\n<td align=\"center\" valign=\"middle\" bgcolor=\"#EEEEEE\"><em>10.<\/em><\/td>\n<td align=\"center\" valign=\"middle\" bgcolor=\"#ffffff\">Og\u00f3lnopolski Zjazd M\u0142odych Demokrat\u00f3w<\/td>\n<td align=\"center\" valign=\"middle\" bgcolor=\"#EEEEEE\">25 marca 2006<\/td>\n<\/tr>\n<tr>\n<td align=\"center\" valign=\"middle\" bgcolor=\"#EEEEEE\"><em>11.<\/em><\/td>\n<td align=\"center\" valign=\"middle\" bgcolor=\"#ffffff\">Msza \u015bwi\u0119ta w intencji Ojca \u015awi\u0119tego<\/td>\n<td align=\"center\" valign=\"middle\" bgcolor=\"#EEEEEE\">31 marca 2006<\/td>\n<\/tr>\n<tr>\n<td align=\"center\" valign=\"middle\" bgcolor=\"#EEEEEE\"><em>12.<\/em><\/td>\n<td align=\"center\" valign=\"middle\" bgcolor=\"#ffffff\">50-lecie Zwi\u0105zku W\u0119dkarstwa<\/td>\n<td align=\"center\" valign=\"middle\" bgcolor=\"#EEEEEE\">8 kwietnia 2006<\/td>\n<\/tr>\n<tr>\n<td align=\"center\" valign=\"middle\" bgcolor=\"#EEEEEE\"><em>13.<\/em><\/td>\n<td align=\"center\" valign=\"middle\" bgcolor=\"#ffffff\">Msza \u015bwi\u0119ta w ko\u015bciele o. Franciszkan\u00f3w w intencji maturzyst\u00f3w<\/td>\n<td align=\"center\" valign=\"middle\" bgcolor=\"#EEEEEE\">28 kwietnia 2006<\/td>\n<\/tr>\n<tr>\n<td align=\"center\" valign=\"middle\" bgcolor=\"#EEEEEE\"><em>14.<\/em><\/td>\n<td align=\"center\" valign=\"middle\" bgcolor=\"#ffffff\">Koncert w Ko\u015bciele Garnizonowym<\/td>\n<td align=\"center\" valign=\"middle\" bgcolor=\"#EEEEEE\">3 czerwca 2006<\/td>\n<\/tr>\n<tr>\n<td align=\"center\" valign=\"middle\" bgcolor=\"#EEEEEE\" width=\"3%\"><strong>Lp.<\/strong><\/td>\n<td align=\"center\" valign=\"middle\" bgcolor=\"#EEEEEE\" width=\"20%\"><strong>Festiwale i Konkursy<\/strong><\/td>\n<td align=\"center\" valign=\"middle\" bgcolor=\"#EEEEEE\" width=\"7%\"><strong>Data<\/strong><\/td>\n<\/tr>\n<tr>\n<td align=\"center\" valign=\"middle\" bgcolor=\"#EEEEEE\"><em>01.<\/em><\/td>\n<td align=\"center\" valign=\"middle\" bgcolor=\"#ffffff\">XXVI Og\u00f3lnopolski Konkurs Ch\u00f3r\u00f3w a&#8217;cappella Dzieci i M\u0142odzie\u017cy \u2013 eliminacje wojew\u00f3dzkie Ostr\u00f3w Wielkopolski<\/td>\n<td align=\"center\" valign=\"middle\" bgcolor=\"#EEEEEE\">28 stycznia 2006<\/td>\n<\/tr>\n<\/tbody>\n<\/table>\n","protected":false},"excerpt":{"rendered":"<p>ROK SZKOLNY 2005\/2006 Lp. Koncerty w szkole Data 01. Rozpocz\u0119cie roku szkolnego 2005\/2006 1 wrze\u015bnia&#8230;<\/p>\n","protected":false},"author":7,"featured_media":0,"parent":2882,"menu_order":0,"comment_status":"closed","ping_status":"closed","template":"","meta":[],"_links":{"self":[{"href":"https:\/\/kopernik.kalisz.pl\/kopernik-ssm\/chor\/wp-json\/wp\/v2\/pages\/2911"}],"collection":[{"href":"https:\/\/kopernik.kalisz.pl\/kopernik-ssm\/chor\/wp-json\/wp\/v2\/pages"}],"about":[{"href":"https:\/\/kopernik.kalisz.pl\/kopernik-ssm\/chor\/wp-json\/wp\/v2\/types\/page"}],"author":[{"embeddable":true,"href":"https:\/\/kopernik.kalisz.pl\/kopernik-ssm\/chor\/wp-json\/wp\/v2\/users\/7"}],"replies":[{"embeddable":true,"href":"https:\/\/kopernik.kalisz.pl\/kopernik-ssm\/chor\/wp-json\/wp\/v2\/comments?post=2911"}],"version-history":[{"count":1,"href":"https:\/\/kopernik.kalisz.pl\/kopernik-ssm\/chor\/wp-json\/wp\/v2\/pages\/2911\/revisions"}],"predecessor-version":[{"id":2912,"href":"https:\/\/kopernik.kalisz.pl\/kopernik-ssm\/chor\/wp-json\/wp\/v2\/pages\/2911\/revisions\/2912"}],"up":[{"embeddable":true,"href":"https:\/\/kopernik.kalisz.pl\/kopernik-ssm\/chor\/wp-json\/wp\/v2\/pages\/2882"}],"wp:attachment":[{"href":"https:\/\/kopernik.kalisz.pl\/kopernik-ssm\/chor\/wp-json\/wp\/v2\/media?parent=2911"}],"curies":[{"name":"wp","href":"https:\/\/api.w.org\/{rel}","templated":true}]}}