{"id":2918,"date":"2019-02-21T08:56:56","date_gmt":"2019-02-21T07:56:56","guid":{"rendered":"https:\/\/kopernik.kalisz.pl\/kopernik-ssm\/chor\/?page_id=2918"},"modified":"2019-02-28T09:19:14","modified_gmt":"2019-02-28T08:19:14","slug":"kalendarium-2002-2003","status":"publish","type":"page","link":"https:\/\/kopernik.kalisz.pl\/kopernik-ssm\/chor\/kalendarium\/kalendarium-2002-2003\/","title":{"rendered":"Kalendarium 2002\/2003"},"content":{"rendered":"<h5><strong>ROK SZKOLNY 2002\/2003<\/strong><\/h5>\n<table border=\"1\" cellspacing=\"5\" cellpadding=\"5\">\n<tbody>\n<tr>\n<td align=\"center\" valign=\"middle\" bgcolor=\"#EEEEEE\" width=\"3%\"><strong>Lp.<\/strong><\/td>\n<td align=\"center\" valign=\"middle\" bgcolor=\"#EEEEEE\" width=\"20%\"><strong>Koncerty w szkole<\/strong><\/td>\n<td align=\"center\" valign=\"middle\" bgcolor=\"#EEEEEE\" width=\"7%\"><strong>Data<\/strong><\/td>\n<\/tr>\n<tr>\n<td align=\"center\" valign=\"middle\" bgcolor=\"#EEEEEE\"><em>01.<\/em><\/td>\n<td align=\"center\" valign=\"middle\" bgcolor=\"#ffffff\">Rozpocz\u0119cie roku szkolnego 2002\/2003<\/td>\n<td align=\"center\" valign=\"middle\" bgcolor=\"#EEEEEE\">2 wrze\u015bnia 2002<\/td>\n<\/tr>\n<tr>\n<td align=\"center\" valign=\"middle\" bgcolor=\"#EEEEEE\"><em>02.<\/em><\/td>\n<td align=\"center\" valign=\"middle\" bgcolor=\"#ffffff\">Koncert dla delegacji m\u0142odzie\u017cy z Izraela<\/td>\n<td align=\"center\" valign=\"middle\" bgcolor=\"#EEEEEE\">10 pa\u017adziernika 2002<\/td>\n<\/tr>\n<tr>\n<td align=\"center\" valign=\"middle\" bgcolor=\"#EEEEEE\"><em>03.<\/em><\/td>\n<td align=\"center\" valign=\"middle\" bgcolor=\"#ffffff\">Akademia z okazji Dnia Nauczyciela<\/td>\n<td align=\"center\" valign=\"middle\" bgcolor=\"#EEEEEE\">16 pa\u017adziernika 2002<\/td>\n<\/tr>\n<tr>\n<td align=\"center\" valign=\"middle\" bgcolor=\"#EEEEEE\"><em>04.<\/em><\/td>\n<td align=\"center\" valign=\"middle\" bgcolor=\"#ffffff\">Akademia z okazji 84. rocznicy Odzyskania Niepodleg\u0142o\u015bci<\/td>\n<td align=\"center\" valign=\"middle\" bgcolor=\"#EEEEEE\">13 listopada 2002<\/td>\n<\/tr>\n<tr>\n<td align=\"center\" valign=\"middle\" bgcolor=\"#EEEEEE\"><em>05.<\/em><\/td>\n<td align=\"center\" valign=\"middle\" bgcolor=\"#ffffff\">Jase\u0142ka szkolne<\/td>\n<td align=\"center\" valign=\"middle\" bgcolor=\"#EEEEEE\">19 grudnia 2002<\/td>\n<\/tr>\n<tr>\n<td align=\"center\" valign=\"middle\" bgcolor=\"#EEEEEE\"><em>06.<\/em><\/td>\n<td align=\"center\" valign=\"middle\" bgcolor=\"#ffffff\">Jase\u0142ka dla dyrekcji, grona pedagogicznego i pracownik\u00f3w szko\u0142y<\/td>\n<td align=\"center\" valign=\"middle\" bgcolor=\"#EEEEEE\">20 grudnia 2002<\/td>\n<\/tr>\n<tr>\n<td align=\"center\" valign=\"middle\" bgcolor=\"#EEEEEE\"><em>07.<\/em><\/td>\n<td align=\"center\" valign=\"middle\" bgcolor=\"#ffffff\">Dzie\u0144 Patrona<\/td>\n<td align=\"center\" valign=\"middle\" bgcolor=\"#EEEEEE\">19 lutego 2003<\/td>\n<\/tr>\n<tr>\n<td align=\"center\" valign=\"middle\" bgcolor=\"#EEEEEE\"><em>08.<\/em><\/td>\n<td align=\"center\" valign=\"middle\" bgcolor=\"#ffffff\">Drzwi otwarte szko\u0142y<\/td>\n<td align=\"center\" valign=\"middle\" bgcolor=\"#EEEEEE\">22 marca 2003<\/td>\n<\/tr>\n<tr>\n<td align=\"center\" valign=\"middle\" bgcolor=\"#EEEEEE\"><em>09.<\/em><\/td>\n<td align=\"center\" valign=\"middle\" bgcolor=\"#ffffff\">Drzwi otwarte szko\u0142y II<\/td>\n<td align=\"center\" valign=\"middle\" bgcolor=\"#EEEEEE\">12 kwietnia 2003<\/td>\n<\/tr>\n<tr>\n<td align=\"center\" valign=\"middle\" bgcolor=\"#EEEEEE\"><em>10.<\/em><\/td>\n<td align=\"center\" valign=\"middle\" bgcolor=\"#ffffff\">Uroczysta akademia z okazji Konstytucji 3 Maja<\/td>\n<td align=\"center\" valign=\"middle\" bgcolor=\"#EEEEEE\">30 kwietnia 2003<\/td>\n<\/tr>\n<tr>\n<td align=\"center\" valign=\"middle\" bgcolor=\"#EEEEEE\"><em>11.<\/em><\/td>\n<td align=\"center\" valign=\"middle\" bgcolor=\"#ffffff\">Uroczyste po\u017cegnanie maturzyst\u00f3w<\/td>\n<td align=\"center\" valign=\"middle\" bgcolor=\"#EEEEEE\">6 czerwca 2003<\/td>\n<\/tr>\n<tr>\n<td align=\"center\" valign=\"middle\" bgcolor=\"#EEEEEE\"><em>12.<\/em><\/td>\n<td align=\"center\" valign=\"middle\" bgcolor=\"#ffffff\">Uroczyste po\u017cegnanie maturzyst\u00f3w z liceum dla doros\u0142ych<\/td>\n<td align=\"center\" valign=\"middle\" bgcolor=\"#EEEEEE\">9 czerwca 2003<\/td>\n<\/tr>\n<tr>\n<td align=\"center\" valign=\"middle\" bgcolor=\"#EEEEEE\"><em>13.<\/em><\/td>\n<td align=\"center\" valign=\"middle\" bgcolor=\"#ffffff\">Koncert dla Rodzic\u00f3w z okazji Dnia Matki i Ojca<\/td>\n<td align=\"center\" valign=\"middle\" bgcolor=\"#EEEEEE\">16 czerwca 2003<\/td>\n<\/tr>\n<tr>\n<td align=\"center\" valign=\"middle\" bgcolor=\"#EEEEEE\"><em>14.<\/em><\/td>\n<td align=\"center\" valign=\"middle\" bgcolor=\"#ffffff\">Zako\u0144czenie roku szkolnego 2002\/2003<\/td>\n<td align=\"center\" valign=\"middle\" bgcolor=\"#EEEEEE\">18 czerwca 2003<\/td>\n<\/tr>\n<tr>\n<td align=\"center\" valign=\"middle\" bgcolor=\"#EEEEEE\" width=\"3%\"><strong>Lp.<\/strong><\/td>\n<td align=\"center\" valign=\"middle\" bgcolor=\"#EEEEEE\" width=\"20%\"><strong>Koncerty \u015brodowiskowe<\/strong><\/td>\n<td align=\"center\" valign=\"middle\" bgcolor=\"#EEEEEE\" width=\"7%\"><strong>Data<\/strong><\/td>\n<\/tr>\n<tr>\n<td align=\"center\" valign=\"middle\" bgcolor=\"#EEEEEE\"><em>01.<\/em><\/td>\n<td align=\"center\" valign=\"middle\" bgcolor=\"#ffffff\">Msza \u015bwi\u0119ta w Kobylej G\u00f3rze<\/td>\n<td align=\"center\" valign=\"middle\" bgcolor=\"#EEEEEE\">25 sierpnia 2002<\/td>\n<\/tr>\n<tr>\n<td align=\"center\" valign=\"middle\" bgcolor=\"#EEEEEE\"><em>02.<\/em><\/td>\n<td align=\"center\" valign=\"middle\" bgcolor=\"#ffffff\">Msza \u015bwi\u0119ta z okazji \u015awi\u0119ta Podwy\u017cszenia Krzy\u017ca \u2013 G\u00f3ra Krzy\u017ca Jubileuszowego<\/td>\n<td align=\"center\" valign=\"middle\" bgcolor=\"#EEEEEE\">15 wrze\u015bnia 2002<\/td>\n<\/tr>\n<tr>\n<td align=\"center\" valign=\"middle\" bgcolor=\"#EEEEEE\"><em>03.<\/em><\/td>\n<td align=\"center\" valign=\"middle\" bgcolor=\"#ffffff\">Msza w Ogr\u00f3jcu o. Jezuit\u00f3w z okazji Dnia Sybiraka w 63. rocznic\u0119 napa\u015bci wojsk radziecki na Polsk\u0119<\/td>\n<td align=\"center\" valign=\"middle\" bgcolor=\"#EEEEEE\">17 wrze\u015bnia 2002<\/td>\n<\/tr>\n<tr>\n<td align=\"center\" valign=\"middle\" bgcolor=\"#EEEEEE\"><em>04.<\/em><\/td>\n<td align=\"center\" valign=\"middle\" bgcolor=\"#ffffff\">Spotkanie z Ministrem Edukacji Narodowej<\/td>\n<td align=\"center\" valign=\"middle\" bgcolor=\"#EEEEEE\">5 pa\u017adziernika 2002<\/td>\n<\/tr>\n<tr>\n<td align=\"center\" valign=\"middle\" bgcolor=\"#EEEEEE\"><em>05.<\/em><\/td>\n<td align=\"center\" valign=\"middle\" bgcolor=\"#ffffff\">Wyst\u0119p na rzecz akcji profilaktycznej \u201eKacper \u2013 dziecko bezpieczne na drodze\u201d<\/td>\n<td align=\"center\" valign=\"middle\" bgcolor=\"#EEEEEE\">17 pa\u017adziernika 2002<\/td>\n<\/tr>\n<tr>\n<td align=\"center\" valign=\"middle\" bgcolor=\"#EEEEEE\"><em>06.<\/em><\/td>\n<td align=\"center\" valign=\"middle\" bgcolor=\"#ffffff\">Koncert kol\u0119d z Filharmoni\u0105 Kalisk\u0105<\/td>\n<td align=\"center\" valign=\"middle\" bgcolor=\"#EEEEEE\">12 grudnia 2002<\/td>\n<\/tr>\n<tr>\n<td align=\"center\" valign=\"middle\" bgcolor=\"#EEEEEE\"><em>07.<\/em><\/td>\n<td align=\"center\" valign=\"middle\" bgcolor=\"#ffffff\">Absolutorium Politechniki Pozna\u0144skiej<\/td>\n<td align=\"center\" valign=\"middle\" bgcolor=\"#EEEEEE\">21 lutego 2003<\/td>\n<\/tr>\n<tr>\n<td align=\"center\" valign=\"middle\" bgcolor=\"#EEEEEE\"><em>08.<\/em><\/td>\n<td align=\"center\" valign=\"middle\" bgcolor=\"#ffffff\">Spotkanie dyrektor\u00f3w z w\u0142adzami kuratoryjnymi i o\u015bwiatowymi<\/td>\n<td align=\"center\" valign=\"middle\" bgcolor=\"#EEEEEE\">26 lutego 2003<\/td>\n<\/tr>\n<tr>\n<td align=\"center\" valign=\"middle\" bgcolor=\"#EEEEEE\"><em>09.<\/em><\/td>\n<td align=\"center\" valign=\"middle\" bgcolor=\"#ffffff\">Koncert dla student\u00f3w<\/td>\n<td align=\"center\" valign=\"middle\" bgcolor=\"#EEEEEE\">6 marca 2003<\/td>\n<\/tr>\n<tr>\n<td align=\"center\" valign=\"middle\" bgcolor=\"#EEEEEE\"><em>10.<\/em><\/td>\n<td align=\"center\" valign=\"middle\" bgcolor=\"#ffffff\">Absolutorium Instytutu Elektroenergetyki i Instytutu Technologii Maszyn<\/td>\n<td align=\"center\" valign=\"middle\" bgcolor=\"#EEEEEE\">25 kwietnia 2003<\/td>\n<\/tr>\n<tr>\n<td align=\"center\" valign=\"middle\" bgcolor=\"#EEEEEE\"><em>11.<\/em><\/td>\n<td align=\"center\" valign=\"middle\" bgcolor=\"#ffffff\">Koncert w Inkubatorze Przedsi\u0119biorczo\u015bci<\/td>\n<td align=\"center\" valign=\"middle\" bgcolor=\"#EEEEEE\">27 kwietnia 2003<\/td>\n<\/tr>\n<tr>\n<td align=\"center\" valign=\"middle\" bgcolor=\"#EEEEEE\"><em>12.<\/em><\/td>\n<td align=\"center\" valign=\"middle\" bgcolor=\"#ffffff\">Festyn Szkolnych Klub\u00f3w Europejskich w OSiRze<\/td>\n<td align=\"center\" valign=\"middle\" bgcolor=\"#EEEEEE\">27 kwietnia 2003<\/td>\n<\/tr>\n<tr>\n<td align=\"center\" valign=\"middle\" bgcolor=\"#EEEEEE\"><em>13.<\/em><\/td>\n<td align=\"center\" valign=\"middle\" bgcolor=\"#ffffff\">Koncert w ko\u015bciele w Kobylej G\u00f3rze<\/td>\n<td align=\"center\" valign=\"middle\" bgcolor=\"#EEEEEE\">3 maja 2003<\/td>\n<\/tr>\n<tr>\n<td align=\"center\" valign=\"middle\" bgcolor=\"#EEEEEE\"><em>14.<\/em><\/td>\n<td align=\"center\" valign=\"middle\" bgcolor=\"#ffffff\">Msza \u015bwi\u0119ta w Kobylej G\u00f3rze<\/td>\n<td align=\"center\" valign=\"middle\" bgcolor=\"#EEEEEE\">4 maja 2003<\/td>\n<\/tr>\n<tr>\n<td align=\"center\" valign=\"middle\" bgcolor=\"#EEEEEE\"><em>15.<\/em><\/td>\n<td align=\"center\" valign=\"middle\" bgcolor=\"#ffffff\">Przyjazd prezydenta R.P. Aleksandra Kwa\u015bniewskiego<\/td>\n<td align=\"center\" valign=\"middle\" bgcolor=\"#EEEEEE\">7 maja 2003<\/td>\n<\/tr>\n<tr>\n<td align=\"center\" valign=\"middle\" bgcolor=\"#EEEEEE\"><em>16.<\/em><\/td>\n<td align=\"center\" valign=\"middle\" bgcolor=\"#ffffff\">Dzie\u0144 Dziecka w Liskowie<\/td>\n<td align=\"center\" valign=\"middle\" bgcolor=\"#EEEEEE\">30 maja 2003<\/td>\n<\/tr>\n<tr>\n<td align=\"center\" valign=\"middle\" bgcolor=\"#EEEEEE\"><em>17.<\/em><\/td>\n<td align=\"center\" valign=\"middle\" bgcolor=\"#ffffff\">Msza \u015bwi\u0119ta w Ko\u015bciele o. Franciszkan\u00f3w<\/td>\n<td align=\"center\" valign=\"middle\" bgcolor=\"#EEEEEE\">6 czerwca 2003<\/td>\n<\/tr>\n<tr>\n<td align=\"center\" valign=\"middle\" bgcolor=\"#EEEEEE\"><em>18.<\/em><\/td>\n<td align=\"center\" valign=\"middle\" bgcolor=\"#ffffff\">Koncert w Muzeum Historii Przemys\u0142u w Opat\u00f3wku<\/td>\n<td align=\"center\" valign=\"middle\" bgcolor=\"#EEEEEE\">9 czerwca 2003<\/td>\n<\/tr>\n<tr>\n<td align=\"center\" valign=\"middle\" bgcolor=\"#EEEEEE\" width=\"3%\"><strong>Lp.<\/strong><\/td>\n<td align=\"center\" valign=\"middle\" bgcolor=\"#EEEEEE\" width=\"20%\"><strong>Festiwale i Konkursy<\/strong><\/td>\n<td align=\"center\" valign=\"middle\" bgcolor=\"#EEEEEE\" width=\"7%\"><strong>Data<\/strong><\/td>\n<\/tr>\n<tr>\n<td align=\"center\" valign=\"middle\" bgcolor=\"#EEEEEE\"><em>01.<\/em><\/td>\n<td align=\"center\" valign=\"middle\" bgcolor=\"#ffffff\">VIII \u015awi\u0119to Pie\u015bni Ch\u00f3ralnej &#8211; Kalisz<\/td>\n<td align=\"center\" valign=\"middle\" bgcolor=\"#EEEEEE\">23 listopada 2002<\/td>\n<\/tr>\n<tr>\n<td align=\"center\" valign=\"middle\" bgcolor=\"#EEEEEE\"><em>02.<\/em><\/td>\n<td align=\"center\" valign=\"middle\" bgcolor=\"#ffffff\">XXI Og\u00f3lnopolski Konkurs Ch\u00f3r\u00f3w a&#8217;cappella Dzieci i M\u0142odzie\u017cy \u2013 eliminacje wojew\u00f3dzkie Ostr\u00f3w Wielkopolski<\/td>\n<td align=\"center\" valign=\"middle\" bgcolor=\"#EEEEEE\">25 stycznia 2003<\/td>\n<\/tr>\n<\/tbody>\n<\/table>\n","protected":false},"excerpt":{"rendered":"<p>ROK SZKOLNY 2002\/2003 Lp. Koncerty w szkole Data 01. Rozpocz\u0119cie roku szkolnego 2002\/2003 2 wrze\u015bnia&#8230;<\/p>\n","protected":false},"author":7,"featured_media":0,"parent":2882,"menu_order":0,"comment_status":"closed","ping_status":"closed","template":"","meta":[],"_links":{"self":[{"href":"https:\/\/kopernik.kalisz.pl\/kopernik-ssm\/chor\/wp-json\/wp\/v2\/pages\/2918"}],"collection":[{"href":"https:\/\/kopernik.kalisz.pl\/kopernik-ssm\/chor\/wp-json\/wp\/v2\/pages"}],"about":[{"href":"https:\/\/kopernik.kalisz.pl\/kopernik-ssm\/chor\/wp-json\/wp\/v2\/types\/page"}],"author":[{"embeddable":true,"href":"https:\/\/kopernik.kalisz.pl\/kopernik-ssm\/chor\/wp-json\/wp\/v2\/users\/7"}],"replies":[{"embeddable":true,"href":"https:\/\/kopernik.kalisz.pl\/kopernik-ssm\/chor\/wp-json\/wp\/v2\/comments?post=2918"}],"version-history":[{"count":1,"href":"https:\/\/kopernik.kalisz.pl\/kopernik-ssm\/chor\/wp-json\/wp\/v2\/pages\/2918\/revisions"}],"predecessor-version":[{"id":2919,"href":"https:\/\/kopernik.kalisz.pl\/kopernik-ssm\/chor\/wp-json\/wp\/v2\/pages\/2918\/revisions\/2919"}],"up":[{"embeddable":true,"href":"https:\/\/kopernik.kalisz.pl\/kopernik-ssm\/chor\/wp-json\/wp\/v2\/pages\/2882"}],"wp:attachment":[{"href":"https:\/\/kopernik.kalisz.pl\/kopernik-ssm\/chor\/wp-json\/wp\/v2\/media?parent=2918"}],"curies":[{"name":"wp","href":"https:\/\/api.w.org\/{rel}","templated":true}]}}