{"id":2920,"date":"2019-02-21T08:57:52","date_gmt":"2019-02-21T07:57:52","guid":{"rendered":"https:\/\/kopernik.kalisz.pl\/kopernik-ssm\/chor\/?page_id=2920"},"modified":"2019-02-28T09:19:08","modified_gmt":"2019-02-28T08:19:08","slug":"kalendarium-2001-2002","status":"publish","type":"page","link":"https:\/\/kopernik.kalisz.pl\/kopernik-ssm\/chor\/kalendarium\/kalendarium-2001-2002\/","title":{"rendered":"Kalendarium 2001\/2002"},"content":{"rendered":"<h5><strong>ROK SZKOLNY 2001\/2002<\/strong><\/h5>\n<table border=\"1\" cellspacing=\"5\" cellpadding=\"5\">\n<tbody>\n<tr>\n<td align=\"center\" valign=\"middle\" bgcolor=\"#EEEEEE\" width=\"3%\"><strong>Lp.<\/strong><\/td>\n<td align=\"center\" valign=\"middle\" bgcolor=\"#EEEEEE\" width=\"20%\"><strong>Koncerty w szkole<\/strong><\/td>\n<td align=\"center\" valign=\"middle\" bgcolor=\"#EEEEEE\" width=\"7%\"><strong>Data<\/strong><\/td>\n<\/tr>\n<tr>\n<td align=\"center\" valign=\"middle\" bgcolor=\"#EEEEEE\"><em>01.<\/em><\/td>\n<td align=\"center\" valign=\"middle\" bgcolor=\"#ffffff\">Rozpocz\u0119cie roku szkolnego 2001\/2002<\/td>\n<td align=\"center\" valign=\"middle\" bgcolor=\"#EEEEEE\">3 wrze\u015bnia 2001<\/td>\n<\/tr>\n<tr>\n<td align=\"center\" valign=\"middle\" bgcolor=\"#EEEEEE\"><em>02.<\/em><\/td>\n<td align=\"center\" valign=\"middle\" bgcolor=\"#ffffff\">Koncert dla delegacji ze Szwajcarii<\/td>\n<td align=\"center\" valign=\"middle\" bgcolor=\"#EEEEEE\">13 wrze\u015bnia 2001<\/td>\n<\/tr>\n<tr>\n<td align=\"center\" valign=\"middle\" bgcolor=\"#EEEEEE\"><em>03.<\/em><\/td>\n<td align=\"center\" valign=\"middle\" bgcolor=\"#ffffff\">Koncert dla go\u015bci z Holandii<\/td>\n<td align=\"center\" valign=\"middle\" bgcolor=\"#EEEEEE\">8 pa\u017adziernika 2001<\/td>\n<\/tr>\n<tr>\n<td align=\"center\" valign=\"middle\" bgcolor=\"#EEEEEE\"><em>04.<\/em><\/td>\n<td align=\"center\" valign=\"middle\" bgcolor=\"#ffffff\">Akademia z okazji Dnia Edukacji Narodowej<\/td>\n<td align=\"center\" valign=\"middle\" bgcolor=\"#EEEEEE\">15 pa\u017adziernika 2001<\/td>\n<\/tr>\n<tr>\n<td align=\"center\" valign=\"middle\" bgcolor=\"#EEEEEE\"><em>05.<\/em><\/td>\n<td align=\"center\" valign=\"middle\" bgcolor=\"#ffffff\">Dzie\u0144 Odzyskania Niepodleg\u0142o\u015bci<\/td>\n<td align=\"center\" valign=\"middle\" bgcolor=\"#EEEEEE\">12 listopada 2001<\/td>\n<\/tr>\n<tr>\n<td align=\"center\" valign=\"middle\" bgcolor=\"#EEEEEE\"><em>06.<\/em><\/td>\n<td align=\"center\" valign=\"middle\" bgcolor=\"#ffffff\">Koncert kol\u0119d, pastora\u0142ek i piosenek \u015bwi\u0105tecznych w auli III LO<\/td>\n<td align=\"center\" valign=\"middle\" bgcolor=\"#EEEEEE\">21 grudnia 2001<\/td>\n<\/tr>\n<tr>\n<td align=\"center\" valign=\"middle\" bgcolor=\"#EEEEEE\"><em>07.<\/em><\/td>\n<td align=\"center\" valign=\"middle\" bgcolor=\"#ffffff\">Koncert kol\u0119d, pastora\u0142ek i piosenek \u015bwi\u0105tecznych dla Rodzic\u00f3w<\/td>\n<td align=\"center\" valign=\"middle\" bgcolor=\"#EEEEEE\">17 stycznia 2002<\/td>\n<\/tr>\n<tr>\n<td align=\"center\" valign=\"middle\" bgcolor=\"#EEEEEE\"><em>08.<\/em><\/td>\n<td align=\"center\" valign=\"middle\" bgcolor=\"#ffffff\">Dzie\u0144 Patrona<\/td>\n<td align=\"center\" valign=\"middle\" bgcolor=\"#EEEEEE\">19 lutego 2002<\/td>\n<\/tr>\n<tr>\n<td align=\"center\" valign=\"middle\" bgcolor=\"#EEEEEE\"><em>09.<\/em><\/td>\n<td align=\"center\" valign=\"middle\" bgcolor=\"#ffffff\">Rozdanie nagr\u00f3d nauczycielom<\/td>\n<td align=\"center\" valign=\"middle\" bgcolor=\"#EEEEEE\">28 lutego 2002<\/td>\n<\/tr>\n<tr>\n<td align=\"center\" valign=\"middle\" bgcolor=\"#EEEEEE\"><em>10.<\/em><\/td>\n<td align=\"center\" valign=\"middle\" bgcolor=\"#ffffff\">Lekcja otwarta i koncert dla student\u00f3w<\/td>\n<td align=\"center\" valign=\"middle\" bgcolor=\"#EEEEEE\">7 marca 2002<\/td>\n<\/tr>\n<tr>\n<td align=\"center\" valign=\"middle\" bgcolor=\"#EEEEEE\"><em>11.<\/em><\/td>\n<td align=\"center\" valign=\"middle\" bgcolor=\"#ffffff\">Drzwi otwarte III LO w Kaliszu<\/td>\n<td align=\"center\" valign=\"middle\" bgcolor=\"#EEEEEE\">9 marca 2002<\/td>\n<\/tr>\n<tr>\n<td align=\"center\" valign=\"middle\" bgcolor=\"#EEEEEE\"><em>12.<\/em><\/td>\n<td align=\"center\" valign=\"middle\" bgcolor=\"#ffffff\">Koncert dla kuratora Apolinarego Koszlajdy<\/td>\n<td align=\"center\" valign=\"middle\" bgcolor=\"#EEEEEE\">26 marca 2002<\/td>\n<\/tr>\n<tr>\n<td align=\"center\" valign=\"middle\" bgcolor=\"#EEEEEE\"><em>13.<\/em><\/td>\n<td align=\"center\" valign=\"middle\" bgcolor=\"#ffffff\">Zebranie sprawozdawczo-wyborcze Kombatant\u00f3w<\/td>\n<td align=\"center\" valign=\"middle\" bgcolor=\"#EEEEEE\">14 kwietnia 2002<\/td>\n<\/tr>\n<tr>\n<td align=\"center\" valign=\"middle\" bgcolor=\"#EEEEEE\"><em>14.<\/em><\/td>\n<td align=\"center\" valign=\"middle\" bgcolor=\"#ffffff\">\u015awi\u0119to Konstytucji 3 Maja<\/td>\n<td align=\"center\" valign=\"middle\" bgcolor=\"#EEEEEE\">6 maja 2002<\/td>\n<\/tr>\n<tr>\n<td align=\"center\" valign=\"middle\" bgcolor=\"#EEEEEE\"><em>15.<\/em><\/td>\n<td align=\"center\" valign=\"middle\" bgcolor=\"#ffffff\">Koncert dla Rodzic\u00f3w z okazji Dnia Matki i Ojca<\/td>\n<td align=\"center\" valign=\"middle\" bgcolor=\"#EEEEEE\">31 maja 2002<\/td>\n<\/tr>\n<tr>\n<td align=\"center\" valign=\"middle\" bgcolor=\"#EEEEEE\"><em>16.<\/em><\/td>\n<td align=\"center\" valign=\"middle\" bgcolor=\"#ffffff\">Uroczyste po\u017cegnanie maturzyst\u00f3w<\/td>\n<td align=\"center\" valign=\"middle\" bgcolor=\"#EEEEEE\">12 czerwca 2002<\/td>\n<\/tr>\n<tr>\n<td align=\"center\" valign=\"middle\" bgcolor=\"#EEEEEE\"><em>17.<\/em><\/td>\n<td align=\"center\" valign=\"middle\" bgcolor=\"#ffffff\">Zako\u0144czenie roku szkolnego 2001\/2002<\/td>\n<td align=\"center\" valign=\"middle\" bgcolor=\"#EEEEEE\">21 czerwca 2002<\/td>\n<\/tr>\n<tr>\n<td align=\"center\" valign=\"middle\" bgcolor=\"#EEEEEE\" width=\"3%\"><strong>Lp.<\/strong><\/td>\n<td align=\"center\" valign=\"middle\" bgcolor=\"#EEEEEE\" width=\"20%\"><strong>Koncerty \u015brodowiskowe<\/strong><\/td>\n<td align=\"center\" valign=\"middle\" bgcolor=\"#EEEEEE\" width=\"7%\"><strong>Data<\/strong><\/td>\n<\/tr>\n<tr>\n<td align=\"center\" valign=\"middle\" bgcolor=\"#EEEEEE\"><em>01.<\/em><\/td>\n<td align=\"center\" valign=\"middle\" bgcolor=\"#ffffff\">Koncert na rzecz honorowego krwiodawstwa<\/td>\n<td align=\"center\" valign=\"middle\" bgcolor=\"#EEEEEE\">15 wrze\u015bnia 2001<\/td>\n<\/tr>\n<tr>\n<td align=\"center\" valign=\"middle\" bgcolor=\"#EEEEEE\"><em>02.<\/em><\/td>\n<td align=\"center\" valign=\"middle\" bgcolor=\"#ffffff\">Koncert w Ogr\u00f3jcu O. Jezuit\u00f3w z okazji 82. rocznicy napa\u015bci wojsk sowieckich na Polsk\u0119<\/td>\n<td align=\"center\" valign=\"middle\" bgcolor=\"#EEEEEE\">17 wrze\u015bnia 2001<\/td>\n<\/tr>\n<tr>\n<td align=\"center\" valign=\"middle\" bgcolor=\"#EEEEEE\"><em>03.<\/em><\/td>\n<td align=\"center\" valign=\"middle\" bgcolor=\"#ffffff\">Po\u017cegnanie kustosza Bazyliki Kaliskiej<\/td>\n<td align=\"center\" valign=\"middle\" bgcolor=\"#EEEEEE\">17 wrze\u015bnia 2001<\/td>\n<\/tr>\n<tr>\n<td align=\"center\" valign=\"middle\" bgcolor=\"#EEEEEE\"><em>04.<\/em><\/td>\n<td align=\"center\" valign=\"middle\" bgcolor=\"#ffffff\">Uroczyste rozdanie stypendi\u00f3w Prezesa Rady Ministr\u00f3w \u2013 sala PWSZ<\/td>\n<td align=\"center\" valign=\"middle\" bgcolor=\"#EEEEEE\">20 wrze\u015bnia 2001<\/td>\n<\/tr>\n<tr>\n<td align=\"center\" valign=\"middle\" bgcolor=\"#EEEEEE\"><em>05.<\/em><\/td>\n<td align=\"center\" valign=\"middle\" bgcolor=\"#ffffff\">Uroczysta msza \u015bwi\u0119ta w Ko\u015bciele \u015aw. Miko\u0142aja<\/td>\n<td align=\"center\" valign=\"middle\" bgcolor=\"#EEEEEE\">7 pa\u017adziernika 2001<\/td>\n<\/tr>\n<tr>\n<td align=\"center\" valign=\"middle\" bgcolor=\"#EEEEEE\"><em>06.<\/em><\/td>\n<td align=\"center\" valign=\"middle\" bgcolor=\"#ffffff\">Inauguracja roku akademickiego Politechniki Pozna\u0144skiej<\/td>\n<td align=\"center\" valign=\"middle\" bgcolor=\"#EEEEEE\">13 pa\u017adziernika 2001<\/td>\n<\/tr>\n<tr>\n<td align=\"center\" valign=\"middle\" bgcolor=\"#EEEEEE\"><em>07.<\/em><\/td>\n<td align=\"center\" valign=\"middle\" bgcolor=\"#ffffff\">Rozdanie Nagr\u00f3d Prezydenta Miasta Kalisza<\/td>\n<td align=\"center\" valign=\"middle\" bgcolor=\"#EEEEEE\">16 pa\u017adziernika 2001<\/td>\n<\/tr>\n<tr>\n<td align=\"center\" valign=\"middle\" bgcolor=\"#EEEEEE\"><em>08.<\/em><\/td>\n<td align=\"center\" valign=\"middle\" bgcolor=\"#ffffff\">25-lecie istnienia Mi\u0142o\u015bnik\u00f3w Miasta Kalisza<\/td>\n<td align=\"center\" valign=\"middle\" bgcolor=\"#EEEEEE\">26 pa\u017adziernika 2001<\/td>\n<\/tr>\n<tr>\n<td align=\"center\" valign=\"middle\" bgcolor=\"#EEEEEE\"><em>09.<\/em><\/td>\n<td align=\"center\" valign=\"middle\" bgcolor=\"#ffffff\">83. rocznica Odzyskania Niepodleg\u0142o\u015bci &#8211; Ratusz<\/td>\n<td align=\"center\" valign=\"middle\" bgcolor=\"#EEEEEE\">10 listopada 2001<\/td>\n<\/tr>\n<tr>\n<td align=\"center\" valign=\"middle\" bgcolor=\"#EEEEEE\"><em>10.<\/em><\/td>\n<td align=\"center\" valign=\"middle\" bgcolor=\"#ffffff\">Absolutorium Politechniki Pozna\u0144skiej<\/td>\n<td align=\"center\" valign=\"middle\" bgcolor=\"#EEEEEE\">8 marca 2002<\/td>\n<\/tr>\n<tr>\n<td align=\"center\" valign=\"middle\" bgcolor=\"#EEEEEE\"><em>11.<\/em><\/td>\n<td align=\"center\" valign=\"middle\" bgcolor=\"#ffffff\">Uroczysta msza \u015bwi\u0119ta z okazji 62. rocznicy Zbrodni Katy\u0144skiej \u2013 Ko\u015bci\u00f3\u0142 O. Jezuit\u00f3w<\/td>\n<td align=\"center\" valign=\"middle\" bgcolor=\"#EEEEEE\">14 kwietnia 2002<\/td>\n<\/tr>\n<tr>\n<td align=\"center\" valign=\"middle\" bgcolor=\"#EEEEEE\"><em>12.<\/em><\/td>\n<td align=\"center\" valign=\"middle\" bgcolor=\"#ffffff\">Uroczysta msza \u015bwi\u0119ta z okazji 83. rocznicy powstania Zwi\u0105zku Inwalid\u00f3w Wojennych \u2013 Ko\u015bci\u00f3\u0142 Garnizonowy<\/td>\n<td align=\"center\" valign=\"middle\" bgcolor=\"#EEEEEE\">21 kwietnia 2002<\/td>\n<\/tr>\n<tr>\n<td align=\"center\" valign=\"middle\" bgcolor=\"#EEEEEE\"><em>13.<\/em><\/td>\n<td align=\"center\" valign=\"middle\" bgcolor=\"#ffffff\">\u015awi\u0119to Konstytucji 3 Maja<\/td>\n<td align=\"center\" valign=\"middle\" bgcolor=\"#EEEEEE\">3 maja 2002<\/td>\n<\/tr>\n<tr>\n<td align=\"center\" valign=\"middle\" bgcolor=\"#EEEEEE\"><em>14.<\/em><\/td>\n<td align=\"center\" valign=\"middle\" bgcolor=\"#ffffff\">Pogrzeb p. prof. Bo\u017ceny Gaw\u0142owskiej<\/td>\n<td align=\"center\" valign=\"middle\" bgcolor=\"#EEEEEE\">8 maja 2002<\/td>\n<\/tr>\n<tr>\n<td align=\"center\" valign=\"middle\" bgcolor=\"#EEEEEE\"><em>15.<\/em><\/td>\n<td align=\"center\" valign=\"middle\" bgcolor=\"#ffffff\">Ods\u0142oni\u0119cie Pomnika Pami\u0119ci WORLD TRADE CENTER w Godzieszach<\/td>\n<td align=\"center\" valign=\"middle\" bgcolor=\"#EEEEEE\">15 maja 2002<\/td>\n<\/tr>\n<tr>\n<td align=\"center\" valign=\"middle\" bgcolor=\"#EEEEEE\"><em>16.<\/em><\/td>\n<td align=\"center\" valign=\"middle\" bgcolor=\"#ffffff\">\u015alub p. prof. Moniki Miko\u0142ajczyk i p. prof. Jakuba Cholajdy<\/td>\n<td align=\"center\" valign=\"middle\" bgcolor=\"#EEEEEE\">1 czerwca 2002<\/td>\n<\/tr>\n<tr>\n<td align=\"center\" valign=\"middle\" bgcolor=\"#EEEEEE\"><em>17.<\/em><\/td>\n<td align=\"center\" valign=\"middle\" bgcolor=\"#ffffff\">Uroczysta msza \u015bwi\u0119ta w Ko\u015bciele o. Franciszkan\u00f3w dla maturzyst\u00f3w<\/td>\n<td align=\"center\" valign=\"middle\" bgcolor=\"#EEEEEE\">12 czerwca 2002<\/td>\n<\/tr>\n<tr>\n<td align=\"center\" valign=\"middle\" bgcolor=\"#EEEEEE\"><em>18.<\/em><\/td>\n<td align=\"center\" valign=\"middle\" bgcolor=\"#ffffff\">Rozdanie patent\u00f3w oficerskich Kombatantom<\/td>\n<td align=\"center\" valign=\"middle\" bgcolor=\"#EEEEEE\">19 czerwca 2002<\/td>\n<\/tr>\n<tr>\n<td align=\"center\" valign=\"middle\" bgcolor=\"#EEEEEE\" width=\"3%\"><strong>Lp.<\/strong><\/td>\n<td align=\"center\" valign=\"middle\" bgcolor=\"#EEEEEE\" width=\"20%\"><strong>Festiwale i Konkursy<\/strong><\/td>\n<td align=\"center\" valign=\"middle\" bgcolor=\"#EEEEEE\" width=\"7%\"><strong>Data<\/strong><\/td>\n<\/tr>\n<tr>\n<td align=\"center\" valign=\"middle\" bgcolor=\"#EEEEEE\"><em>01.<\/em><\/td>\n<td align=\"center\" valign=\"middle\" bgcolor=\"#ffffff\">VII \u015awi\u0119to Pie\u015bni Ch\u00f3ralnej w Krotoszynie<\/td>\n<td align=\"center\" valign=\"middle\" bgcolor=\"#EEEEEE\">17 listopada 2001<\/td>\n<\/tr>\n<tr>\n<td align=\"center\" valign=\"middle\" bgcolor=\"#EEEEEE\"><em>02.<\/em><\/td>\n<td align=\"center\" valign=\"middle\" bgcolor=\"#ffffff\">XXI Og\u00f3lnopolski Konkurs Ch\u00f3r\u00f3w a&#8217;cappella Dzieci i M\u0142odzie\u017cy \u2013 eliminacje rejonowe Ostr\u00f3w Wielkopolski<\/td>\n<td align=\"center\" valign=\"middle\" bgcolor=\"#EEEEEE\">19 stycznia 2002<\/td>\n<\/tr>\n<tr>\n<td align=\"center\" valign=\"middle\" bgcolor=\"#EEEEEE\"><em>03.<\/em><\/td>\n<td align=\"center\" valign=\"middle\" bgcolor=\"#ffffff\">XXII Og\u00f3lnopolski Konkurs Ch\u00f3r\u00f3w a&#8217;cappella Dzieci i M\u0142odzie\u017cy \u2013 eliminacje wojew\u00f3dzkie Pozna\u0144<\/td>\n<td align=\"center\" valign=\"middle\" bgcolor=\"#EEEEEE\">16 lutego 2002<\/td>\n<\/tr>\n<tr>\n<td align=\"center\" valign=\"middle\" bgcolor=\"#EEEEEE\"><em>04.<\/em><\/td>\n<td align=\"center\" valign=\"middle\" bgcolor=\"#ffffff\">Konkurs na piosenk\u0119 o Kaliszu<\/td>\n<td align=\"center\" valign=\"middle\" bgcolor=\"#EEEEEE\">9 czerwca 2002<\/td>\n<\/tr>\n<\/tbody>\n<\/table>\n<p>&nbsp;<\/p>\n","protected":false},"excerpt":{"rendered":"<p>ROK SZKOLNY 2001\/2002 Lp. Koncerty w szkole Data 01. Rozpocz\u0119cie roku szkolnego 2001\/2002 3 wrze\u015bnia&#8230;<\/p>\n","protected":false},"author":7,"featured_media":0,"parent":2882,"menu_order":0,"comment_status":"closed","ping_status":"closed","template":"","meta":[],"_links":{"self":[{"href":"https:\/\/kopernik.kalisz.pl\/kopernik-ssm\/chor\/wp-json\/wp\/v2\/pages\/2920"}],"collection":[{"href":"https:\/\/kopernik.kalisz.pl\/kopernik-ssm\/chor\/wp-json\/wp\/v2\/pages"}],"about":[{"href":"https:\/\/kopernik.kalisz.pl\/kopernik-ssm\/chor\/wp-json\/wp\/v2\/types\/page"}],"author":[{"embeddable":true,"href":"https:\/\/kopernik.kalisz.pl\/kopernik-ssm\/chor\/wp-json\/wp\/v2\/users\/7"}],"replies":[{"embeddable":true,"href":"https:\/\/kopernik.kalisz.pl\/kopernik-ssm\/chor\/wp-json\/wp\/v2\/comments?post=2920"}],"version-history":[{"count":1,"href":"https:\/\/kopernik.kalisz.pl\/kopernik-ssm\/chor\/wp-json\/wp\/v2\/pages\/2920\/revisions"}],"predecessor-version":[{"id":2921,"href":"https:\/\/kopernik.kalisz.pl\/kopernik-ssm\/chor\/wp-json\/wp\/v2\/pages\/2920\/revisions\/2921"}],"up":[{"embeddable":true,"href":"https:\/\/kopernik.kalisz.pl\/kopernik-ssm\/chor\/wp-json\/wp\/v2\/pages\/2882"}],"wp:attachment":[{"href":"https:\/\/kopernik.kalisz.pl\/kopernik-ssm\/chor\/wp-json\/wp\/v2\/media?parent=2920"}],"curies":[{"name":"wp","href":"https:\/\/api.w.org\/{rel}","templated":true}]}}