{"id":2922,"date":"2019-02-21T08:58:24","date_gmt":"2019-02-21T07:58:24","guid":{"rendered":"https:\/\/kopernik.kalisz.pl\/kopernik-ssm\/chor\/?page_id=2922"},"modified":"2019-02-28T09:19:03","modified_gmt":"2019-02-28T08:19:03","slug":"kalendarium-2000-2001","status":"publish","type":"page","link":"https:\/\/kopernik.kalisz.pl\/kopernik-ssm\/chor\/kalendarium\/kalendarium-2000-2001\/","title":{"rendered":"Kalendarium 2000\/2001"},"content":{"rendered":"<h5><strong>ROK SZKOLNY 2000\/2001<\/strong><\/h5>\n<table border=\"1\" cellspacing=\"5\" cellpadding=\"5\">\n<tbody>\n<tr>\n<td align=\"center\" valign=\"middle\" bgcolor=\"#EEEEEE\" width=\"3%\"><strong>Lp.<\/strong><\/td>\n<td align=\"center\" valign=\"middle\" bgcolor=\"#EEEEEE\" width=\"20%\"><strong>Koncerty w szkole<\/strong><\/td>\n<td align=\"center\" valign=\"middle\" bgcolor=\"#EEEEEE\" width=\"7%\"><strong>Data<\/strong><\/td>\n<\/tr>\n<tr>\n<td align=\"center\" valign=\"middle\" bgcolor=\"#EEEEEE\"><em>01.<\/em><\/td>\n<td align=\"center\" valign=\"middle\" bgcolor=\"#ffffff\">Rozpocz\u0119cie roku szkolnego 2000\/2001<\/td>\n<td align=\"center\" valign=\"middle\" bgcolor=\"#EEEEEE\">1 wrze\u015bnia 2000<\/td>\n<\/tr>\n<tr>\n<td align=\"center\" valign=\"middle\" bgcolor=\"#EEEEEE\"><em>02.<\/em><\/td>\n<td align=\"center\" valign=\"middle\" bgcolor=\"#ffffff\">Uroczyste \u015blubowanie klas I<\/td>\n<td align=\"center\" valign=\"middle\" bgcolor=\"#EEEEEE\">8 wrze\u015bnia 2000<\/td>\n<\/tr>\n<tr>\n<td align=\"center\" valign=\"middle\" bgcolor=\"#EEEEEE\"><em>03.<\/em><\/td>\n<td align=\"center\" valign=\"middle\" bgcolor=\"#ffffff\">Koncert dla delegacji Francji<\/td>\n<td align=\"center\" valign=\"middle\" bgcolor=\"#EEEEEE\">30 pa\u017adziernika 2000<\/td>\n<\/tr>\n<tr>\n<td align=\"center\" valign=\"middle\" bgcolor=\"#EEEEEE\"><em>04.<\/em><\/td>\n<td align=\"center\" valign=\"middle\" bgcolor=\"#ffffff\">\u015awi\u0119to Odzyskania Niepodleg\u0142o\u015bci<\/td>\n<td align=\"center\" valign=\"middle\" bgcolor=\"#EEEEEE\">13 listopada 2000<\/td>\n<\/tr>\n<tr>\n<td align=\"center\" valign=\"middle\" bgcolor=\"#EEEEEE\"><em>05.<\/em><\/td>\n<td align=\"center\" valign=\"middle\" bgcolor=\"#ffffff\">Koncert kol\u0119d i pastora\u0142ek \u2013 Aula III LO<\/td>\n<td align=\"center\" valign=\"middle\" bgcolor=\"#EEEEEE\">21 grudnia 2000<\/td>\n<\/tr>\n<tr>\n<td align=\"center\" valign=\"middle\" bgcolor=\"#EEEEEE\"><em>06.<\/em><\/td>\n<td align=\"center\" valign=\"middle\" bgcolor=\"#ffffff\">Dzie\u0144 Patrona<\/td>\n<td align=\"center\" valign=\"middle\" bgcolor=\"#EEEEEE\">16 lutego 2001<\/td>\n<\/tr>\n<tr>\n<td align=\"center\" valign=\"middle\" bgcolor=\"#EEEEEE\"><em>07.<\/em><\/td>\n<td align=\"center\" valign=\"middle\" bgcolor=\"#ffffff\">Rozdanie nagr\u00f3d nauczycielom<\/td>\n<td align=\"center\" valign=\"middle\" bgcolor=\"#EEEEEE\">14 marca 2001<\/td>\n<\/tr>\n<tr>\n<td align=\"center\" valign=\"middle\" bgcolor=\"#EEEEEE\"><em>08.<\/em><\/td>\n<td align=\"center\" valign=\"middle\" bgcolor=\"#ffffff\">Koncert dla go\u015bci z Holandii<\/td>\n<td align=\"center\" valign=\"middle\" bgcolor=\"#EEEEEE\">26 marca 2001<\/td>\n<\/tr>\n<tr>\n<td align=\"center\" valign=\"middle\" bgcolor=\"#EEEEEE\"><em>09.<\/em><\/td>\n<td align=\"center\" valign=\"middle\" bgcolor=\"#ffffff\">Uroczysta akademia z okazji \u015awi\u0119ta Konstytucji 3 Maja<\/td>\n<td align=\"center\" valign=\"middle\" bgcolor=\"#EEEEEE\">30 kwietnia 2001<\/td>\n<\/tr>\n<tr>\n<td align=\"center\" valign=\"middle\" bgcolor=\"#EEEEEE\"><em>10.<\/em><\/td>\n<td align=\"center\" valign=\"middle\" bgcolor=\"#ffffff\">Nadanie odznacze\u0144 i stopni oficerskich weteranom II Wojny \u015awiatowej<\/td>\n<td align=\"center\" valign=\"middle\" bgcolor=\"#EEEEEE\">10 maja 2001<\/td>\n<\/tr>\n<tr>\n<td align=\"center\" valign=\"middle\" bgcolor=\"#EEEEEE\"><em>11.<\/em><\/td>\n<td align=\"center\" valign=\"middle\" bgcolor=\"#ffffff\">Dzie\u0144 j\u0119zyka francuskiego<\/td>\n<td align=\"center\" valign=\"middle\" bgcolor=\"#EEEEEE\">6 czerwca 2001<\/td>\n<\/tr>\n<tr>\n<td align=\"center\" valign=\"middle\" bgcolor=\"#EEEEEE\"><em>12.<\/em><\/td>\n<td align=\"center\" valign=\"middle\" bgcolor=\"#ffffff\">Uroczyste po\u017cegnanie maturzyst\u00f3w liceum dziennego<\/td>\n<td align=\"center\" valign=\"middle\" bgcolor=\"#EEEEEE\">8 czerwca 2001<\/td>\n<\/tr>\n<tr>\n<td align=\"center\" valign=\"middle\" bgcolor=\"#EEEEEE\"><em>13.<\/em><\/td>\n<td align=\"center\" valign=\"middle\" bgcolor=\"#ffffff\">Uroczyste po\u017cegnanie maturzyst\u00f3w liceum zaocznego<\/td>\n<td align=\"center\" valign=\"middle\" bgcolor=\"#EEEEEE\">13 czerwca 2001<\/td>\n<\/tr>\n<tr>\n<td align=\"center\" valign=\"middle\" bgcolor=\"#EEEEEE\"><em>14.<\/em><\/td>\n<td align=\"center\" valign=\"middle\" bgcolor=\"#ffffff\">Uroczyste zako\u0144czenie roku szkolnego 2000\/2001<\/td>\n<td align=\"center\" valign=\"middle\" bgcolor=\"#EEEEEE\">22 czerwca 2001<\/td>\n<\/tr>\n<tr>\n<td align=\"center\" valign=\"middle\" bgcolor=\"#EEEEEE\" width=\"3%\"><strong>Lp.<\/strong><\/td>\n<td align=\"center\" valign=\"middle\" bgcolor=\"#EEEEEE\" width=\"20%\"><strong>Koncerty \u015brodowiskowe<\/strong><\/td>\n<td align=\"center\" valign=\"middle\" bgcolor=\"#EEEEEE\" width=\"7%\"><strong>Data<\/strong><\/td>\n<\/tr>\n<tr>\n<td align=\"center\" valign=\"middle\" bgcolor=\"#EEEEEE\"><em>01.<\/em><\/td>\n<td align=\"center\" valign=\"middle\" bgcolor=\"#ffffff\">Sesja Wolnego Zjazdu \u201eSolidarno\u015bci\u201d w Centrum Kultury i Sztuki w Kaliszu<\/td>\n<td align=\"center\" valign=\"middle\" bgcolor=\"#EEEEEE\">25 sierpnia 2000<\/td>\n<\/tr>\n<tr>\n<td align=\"center\" valign=\"middle\" bgcolor=\"#EEEEEE\"><em>02.<\/em><\/td>\n<td align=\"center\" valign=\"middle\" bgcolor=\"#ffffff\">61. rocznica napa\u015bci wojsk radzieckich na Polsk\u0119 \u2013 ko\u015bci\u00f3\u0142 O. Jezuit\u00f3w<\/td>\n<td align=\"center\" valign=\"middle\" bgcolor=\"#EEEEEE\">17 wrze\u015bnia 2000<\/td>\n<\/tr>\n<tr>\n<td align=\"center\" valign=\"middle\" bgcolor=\"#EEEEEE\"><em>03.<\/em><\/td>\n<td align=\"center\" valign=\"middle\" bgcolor=\"#ffffff\">82. rocznica Odzyskania Niepodleg\u0142o\u015bci \u2013 Ratusz<\/td>\n<td align=\"center\" valign=\"middle\" bgcolor=\"#EEEEEE\">10 listopada 2000<\/td>\n<\/tr>\n<tr>\n<td align=\"center\" valign=\"middle\" bgcolor=\"#EEEEEE\"><em>04.<\/em><\/td>\n<td align=\"center\" valign=\"middle\" bgcolor=\"#ffffff\">Po\u017cegnanie nauczyciela j. rosyjskiego III LO w Kaliszu<\/td>\n<td align=\"center\" valign=\"middle\" bgcolor=\"#EEEEEE\">20 listopada 2000<\/td>\n<\/tr>\n<tr>\n<td align=\"center\" valign=\"middle\" bgcolor=\"#EEEEEE\"><em>05.<\/em><\/td>\n<td align=\"center\" valign=\"middle\" bgcolor=\"#ffffff\">Koncert kol\u0119d i pastora\u0142ek w ko\u015bciele \u015bw. Miko\u0142aja w Kaliszu<\/td>\n<td align=\"center\" valign=\"middle\" bgcolor=\"#EEEEEE\">6 stycznia 2001<\/td>\n<\/tr>\n<tr>\n<td align=\"center\" valign=\"middle\" bgcolor=\"#EEEEEE\"><em>06.<\/em><\/td>\n<td align=\"center\" valign=\"middle\" bgcolor=\"#ffffff\">Koncert charytatywny na rzecz Mariusza Pop\u0142awskiego w CKiS w Kaliszu<\/td>\n<td align=\"center\" valign=\"middle\" bgcolor=\"#EEEEEE\">23 lutego 2001<\/td>\n<\/tr>\n<tr>\n<td align=\"center\" valign=\"middle\" bgcolor=\"#EEEEEE\"><em>07.<\/em><\/td>\n<td align=\"center\" valign=\"middle\" bgcolor=\"#ffffff\">Msza \u015awi\u0119ta w ko\u015bciele na Winiarach<\/td>\n<td align=\"center\" valign=\"middle\" bgcolor=\"#EEEEEE\">18 marca 2001<\/td>\n<\/tr>\n<tr>\n<td align=\"center\" valign=\"middle\" bgcolor=\"#EEEEEE\"><em>08.<\/em><\/td>\n<td align=\"center\" valign=\"middle\" bgcolor=\"#ffffff\">Uroczysta msza \u015bwi\u0119ta w Ko\u015bciele Garnizonowym z okazji 82. rocznicy powstania Zwi\u0105zku Inwalid\u00f3w Wojennych<\/td>\n<td align=\"center\" valign=\"middle\" bgcolor=\"#EEEEEE\">22 kwietnia 2001<\/td>\n<\/tr>\n<tr>\n<td align=\"center\" valign=\"middle\" bgcolor=\"#EEEEEE\"><em>09.<\/em><\/td>\n<td align=\"center\" valign=\"middle\" bgcolor=\"#ffffff\">Uroczysto\u015b\u0107 z okazji 82. rocznicy powstania Zwi\u0105zku Inwalid\u00f3w Wojennych \u2013 Ratusz<\/td>\n<td align=\"center\" valign=\"middle\" bgcolor=\"#EEEEEE\">25 kwietnia 2001<\/td>\n<\/tr>\n<tr>\n<td align=\"center\" valign=\"middle\" bgcolor=\"#EEEEEE\"><em>10.<\/em><\/td>\n<td align=\"center\" valign=\"middle\" bgcolor=\"#ffffff\">VI Pielgrzymka Robotnik\u00f3w do \u015aw. J\u00f3zefa \u2013 uroczysta msza \u015bwi\u0119ta<\/td>\n<td align=\"center\" valign=\"middle\" bgcolor=\"#EEEEEE\">1 maja 2001<\/td>\n<\/tr>\n<tr>\n<td align=\"center\" valign=\"middle\" bgcolor=\"#EEEEEE\"><em>11.<\/em><\/td>\n<td align=\"center\" valign=\"middle\" bgcolor=\"#ffffff\">Uroczysta msza \u015bwi\u0119ta z intencji absolwent\u00f3w w Ostrzeszowie<\/td>\n<td align=\"center\" valign=\"middle\" bgcolor=\"#EEEEEE\">6 maja 2001<\/td>\n<\/tr>\n<tr>\n<td align=\"center\" valign=\"middle\" bgcolor=\"#EEEEEE\"><em>12.<\/em><\/td>\n<td align=\"center\" valign=\"middle\" bgcolor=\"#ffffff\">Po\u017cegnalny koncert w o\u015brodku leczniczo-wypoczynkowym \u201ePolonia\u201d w Szklarce My\u015blniewskiej dla wczasowicz\u00f3w i personelu o\u015brodka<\/td>\n<td align=\"center\" valign=\"middle\" bgcolor=\"#EEEEEE\">9 maja 2001<\/td>\n<\/tr>\n<tr>\n<td align=\"center\" valign=\"middle\" bgcolor=\"#EEEEEE\"><em>13.<\/em><\/td>\n<td align=\"center\" valign=\"middle\" bgcolor=\"#ffffff\">Wyst\u0119p w Muzeum Historii i Przemys\u0142y w Opat\u00f3wku<\/td>\n<td align=\"center\" valign=\"middle\" bgcolor=\"#EEEEEE\">21 maja 2001<\/td>\n<\/tr>\n<tr>\n<td align=\"center\" valign=\"middle\" bgcolor=\"#EEEEEE\"><em>14.<\/em><\/td>\n<td align=\"center\" valign=\"middle\" bgcolor=\"#ffffff\">Absolutorium Politechniki Pozna\u0144skiej<\/td>\n<td align=\"center\" valign=\"middle\" bgcolor=\"#EEEEEE\">1 czerwca 2001<\/td>\n<\/tr>\n<tr>\n<td align=\"center\" valign=\"middle\" bgcolor=\"#EEEEEE\"><em>15.<\/em><\/td>\n<td align=\"center\" valign=\"middle\" bgcolor=\"#ffffff\">V Zjazd Absolwent\u00f3w w \u201eWanat\u00f3wce\u201d<\/td>\n<td align=\"center\" valign=\"middle\" bgcolor=\"#EEEEEE\">16 czerwca 2001<\/td>\n<\/tr>\n<tr>\n<td align=\"center\" valign=\"middle\" bgcolor=\"#EEEEEE\" width=\"3%\"><strong>Lp.<\/strong><\/td>\n<td align=\"center\" valign=\"middle\" bgcolor=\"#EEEEEE\" width=\"20%\"><strong>Festiwale i Konkursy<\/strong><\/td>\n<td align=\"center\" valign=\"middle\" bgcolor=\"#EEEEEE\" width=\"7%\"><strong>Data<\/strong><\/td>\n<\/tr>\n<tr>\n<td align=\"center\" valign=\"middle\" bgcolor=\"#EEEEEE\"><em>01.<\/em><\/td>\n<td align=\"center\" valign=\"middle\" bgcolor=\"#ffffff\">VI \u015awi\u0119to Pie\u015bni Ch\u00f3ralnej \u2013 Kalisz III LO<\/td>\n<td align=\"center\" valign=\"middle\" bgcolor=\"#EEEEEE\">25 listopada 2000<\/td>\n<\/tr>\n<tr>\n<td align=\"center\" valign=\"middle\" bgcolor=\"#EEEEEE\"><em>02.<\/em><\/td>\n<td align=\"center\" valign=\"middle\" bgcolor=\"#ffffff\">XXI Og\u00f3lnopolski Konkurs Ch\u00f3r\u00f3w a&#8217;cappella Dzieci i M\u0142odzie\u017cy \u2013 eliminacje rejonowe Ostr\u00f3w Wielkopolski<\/td>\n<td align=\"center\" valign=\"middle\" bgcolor=\"#EEEEEE\">20 stycznia 2001<\/td>\n<\/tr>\n<tr>\n<td align=\"center\" valign=\"middle\" bgcolor=\"#EEEEEE\"><em>03.<\/em><\/td>\n<td align=\"center\" valign=\"middle\" bgcolor=\"#ffffff\">XXI Og\u00f3lnopolski Konkurs Ch\u00f3r\u00f3w a&#8217;cappella Dzieci i M\u0142odzie\u017cy \u2013 eliminacje wojew\u00f3dzkie Pozna\u0144<\/td>\n<td align=\"center\" valign=\"middle\" bgcolor=\"#EEEEEE\">17 lutego 2001<\/td>\n<\/tr>\n<\/tbody>\n<\/table>\n","protected":false},"excerpt":{"rendered":"<p>ROK SZKOLNY 2000\/2001 Lp. Koncerty w szkole Data 01. Rozpocz\u0119cie roku szkolnego 2000\/2001 1 wrze\u015bnia&#8230;<\/p>\n","protected":false},"author":7,"featured_media":0,"parent":2882,"menu_order":0,"comment_status":"closed","ping_status":"closed","template":"","meta":[],"_links":{"self":[{"href":"https:\/\/kopernik.kalisz.pl\/kopernik-ssm\/chor\/wp-json\/wp\/v2\/pages\/2922"}],"collection":[{"href":"https:\/\/kopernik.kalisz.pl\/kopernik-ssm\/chor\/wp-json\/wp\/v2\/pages"}],"about":[{"href":"https:\/\/kopernik.kalisz.pl\/kopernik-ssm\/chor\/wp-json\/wp\/v2\/types\/page"}],"author":[{"embeddable":true,"href":"https:\/\/kopernik.kalisz.pl\/kopernik-ssm\/chor\/wp-json\/wp\/v2\/users\/7"}],"replies":[{"embeddable":true,"href":"https:\/\/kopernik.kalisz.pl\/kopernik-ssm\/chor\/wp-json\/wp\/v2\/comments?post=2922"}],"version-history":[{"count":1,"href":"https:\/\/kopernik.kalisz.pl\/kopernik-ssm\/chor\/wp-json\/wp\/v2\/pages\/2922\/revisions"}],"predecessor-version":[{"id":2923,"href":"https:\/\/kopernik.kalisz.pl\/kopernik-ssm\/chor\/wp-json\/wp\/v2\/pages\/2922\/revisions\/2923"}],"up":[{"embeddable":true,"href":"https:\/\/kopernik.kalisz.pl\/kopernik-ssm\/chor\/wp-json\/wp\/v2\/pages\/2882"}],"wp:attachment":[{"href":"https:\/\/kopernik.kalisz.pl\/kopernik-ssm\/chor\/wp-json\/wp\/v2\/media?parent=2922"}],"curies":[{"name":"wp","href":"https:\/\/api.w.org\/{rel}","templated":true}]}}