{"id":2937,"date":"2019-02-21T09:21:26","date_gmt":"2019-02-21T08:21:26","guid":{"rendered":"https:\/\/kopernik.kalisz.pl\/kopernik-ssm\/chor\/?page_id=2937"},"modified":"2019-02-28T09:26:42","modified_gmt":"2019-02-28T08:26:42","slug":"sklad-choru-kopernik-2017-2018","status":"publish","type":"page","link":"https:\/\/kopernik.kalisz.pl\/kopernik-ssm\/chor\/sklad\/sklad-choru-kopernik-2017-2018\/","title":{"rendered":"Sk\u0142ad Ch\u00f3ru &#8222;Kopernik&#8221; 2017\/2018"},"content":{"rendered":"<p style=\"text-align: center;\"><em>Prezes:\u00a0<\/em>Klamka Miko\u0142aj (III B\u00b9)<br \/>\n<em>Gospodarz:\u00a0<\/em>Kami\u0144ski Wiktor (III B\u00b9)<br \/>\n<em>Skarbnik:<\/em> Kurowska Agata (III A)<br \/>\n<em>Kronikarz:<\/em> Oliwia Nowicka<br \/>\nWolda\u0144ska Weronika (III D\u00b3) &amp; Bartosz Pasternak (I F)<\/p>\n<p style=\"text-align: center;\"><strong>KLASY PIERWSZE<\/strong><\/p>\n<p style=\"text-align: center;\">001. Durman Micha\u0142 (I A)<br \/>\n002. Pawlak Laura (I A)<br \/>\n003. Sobecka Julia (I A)<br \/>\n004. Goszcz Kamila (I B\u00b9)<br \/>\n005.Kryszta\u0142 Joanna (I B\u00b9)<br \/>\n006. Machaj Mateusz (I B\u00b9)<br \/>\n007. J\u0119drzejak Urszula (I B\u00b2)<br \/>\n008. Male\u0144czyk Sara (I B\u00b2)<br \/>\n009. Wo\u017aniak Agata(I B\u00b2)<br \/>\n010. Mikurenda Julia (I D\u00b9)<br \/>\n011. Juszczak Natalia (I D\u00b2)<br \/>\n012. Przyby\u0142 Filip (I D\u00b2)<br \/>\n013. Kaczmarek Aleksandra (I D\u00b3)<br \/>\n014. P\u0142ugowska Magdalena (I D\u00b3)<br \/>\n015. Skarupa Aleksandra (I D\u00b3)<br \/>\n016. Wywijas Dominika (I D\u00b3)<br \/>\n017. Gieszczy\u0144ska Wiktoria (I F)<br \/>\n018. Koli\u0144ka Kacper (I F)<br \/>\n019. Pasternak Bartosz (I F)<br \/>\n020. Trz\u0119sowski Adam (I F)<br \/>\n021. Bobi\u0144ska Katarzyna (I G)<br \/>\n022. Wojciechowska Liwia (I G)<\/p>\n<p style=\"text-align: center;\"><strong>KLASY DRUGIE<\/strong><\/p>\n<p style=\"text-align: center;\">023. B\u0142aszczyk Adrian (II A)<br \/>\n024. Kurkowska Agata (II A)<br \/>\n025. Sieradzki Marcin (II A)<br \/>\n026. Kempa Wiktoria (II B\u00b9)<br \/>\n027. Raczyk Wiktor (II B\u00b9)<br \/>\n028. Rak Miko\u0142aj (II B\u00b9)<br \/>\n029. R\u00f3\u017ca\u0144ski Pawe\u0142 (II B\u00b9)<br \/>\n030. Sobczak Adrian (II B\u00b9)<br \/>\n031. Szymczak Bartosz (II B\u00b9)<br \/>\n032. Wroczy\u0144ski Tymoteusz (II B\u00b9)<br \/>\n033. Duleba Emilia (II B\u00b2)<br \/>\n034. Kwiatkowska Dominika (II B\u00b2)<br \/>\n035. Malisz Natalia (II D\u00b9)<br \/>\n036. Niewiecka Julia (II D\u00b9)<br \/>\n037. Piwo\u0144ska Ma\u0142gorzata (II D\u00b9)<br \/>\n038. Balcerzyk Martyna (II D\u00b2)<br \/>\n039. Jab\u0142o\u0144ska Monika (II D\u00b2)<br \/>\n040. Karkoszka Aleksandra (II D\u00b2)<br \/>\n041. Kowalczyk Klaudia (II D\u00b2)<br \/>\n042. Ku\u015bwik Maciej (II D\u00b2)<br \/>\n043. Wawrzyniak Jakub (II D\u00b2)<br \/>\n044. Kryjom Julia (II D\u00b3)<br \/>\n045. Pera Joanna (II D\u00b3)<br \/>\n046. Bartosik Filip (II F)<br \/>\n047. P\u0119chorzewska Maja (II F)<br \/>\n048. Furmaniak Gabriela (II G)<br \/>\n049. Zatorska Zuzanna (II G)<\/p>\n<p style=\"text-align: center;\"><strong>KLASY TRZECIE<\/strong><\/p>\n<p style=\"text-align: center;\">050. Chojnacka Anna (III B\u00b9)<br \/>\n051. Kami\u0144ski Wiktor (III B\u00b9)<br \/>\n052. Klamka Miko\u0142aj (III B\u00b9)<br \/>\n053. Raszewska Aleksandra (III B\u00b9)<br \/>\n054. Zdyb Jakub (III B\u00b9)<br \/>\n055. Kasprzak Honorata (III B\u00b2)<br \/>\n056. Bartosik \u0141ukasz (III D\u00b9)<br \/>\n057. Bielan Tomasz (III D\u00b9)<br \/>\n058. Gu\u017aniczak Mateusz (III D\u00b2)<br \/>\n059. Jenerowicz Agata (III D\u00b2)<br \/>\n060. Klimaszewska Katarzyna (III D\u00b2)<br \/>\n061. Wolda\u0144ska Weronika (III D\u00b3)<br \/>\n062. Wojewoda Anna (III F)<br \/>\n063. Ignaszak Paulina (III G)<\/p>\n","protected":false},"excerpt":{"rendered":"<p>Prezes:\u00a0Klamka Miko\u0142aj (III B\u00b9) Gospodarz:\u00a0Kami\u0144ski Wiktor (III B\u00b9) Skarbnik: Kurowska Agata (III A) Kronikarz: Oliwia&#8230;<\/p>\n","protected":false},"author":7,"featured_media":0,"parent":2960,"menu_order":0,"comment_status":"closed","ping_status":"closed","template":"","meta":[],"_links":{"self":[{"href":"https:\/\/kopernik.kalisz.pl\/kopernik-ssm\/chor\/wp-json\/wp\/v2\/pages\/2937"}],"collection":[{"href":"https:\/\/kopernik.kalisz.pl\/kopernik-ssm\/chor\/wp-json\/wp\/v2\/pages"}],"about":[{"href":"https:\/\/kopernik.kalisz.pl\/kopernik-ssm\/chor\/wp-json\/wp\/v2\/types\/page"}],"author":[{"embeddable":true,"href":"https:\/\/kopernik.kalisz.pl\/kopernik-ssm\/chor\/wp-json\/wp\/v2\/users\/7"}],"replies":[{"embeddable":true,"href":"https:\/\/kopernik.kalisz.pl\/kopernik-ssm\/chor\/wp-json\/wp\/v2\/comments?post=2937"}],"version-history":[{"count":2,"href":"https:\/\/kopernik.kalisz.pl\/kopernik-ssm\/chor\/wp-json\/wp\/v2\/pages\/2937\/revisions"}],"predecessor-version":[{"id":2941,"href":"https:\/\/kopernik.kalisz.pl\/kopernik-ssm\/chor\/wp-json\/wp\/v2\/pages\/2937\/revisions\/2941"}],"up":[{"embeddable":true,"href":"https:\/\/kopernik.kalisz.pl\/kopernik-ssm\/chor\/wp-json\/wp\/v2\/pages\/2960"}],"wp:attachment":[{"href":"https:\/\/kopernik.kalisz.pl\/kopernik-ssm\/chor\/wp-json\/wp\/v2\/media?parent=2937"}],"curies":[{"name":"wp","href":"https:\/\/api.w.org\/{rel}","templated":true}]}}