{"id":2963,"date":"2019-02-28T09:27:29","date_gmt":"2019-02-28T08:27:29","guid":{"rendered":"https:\/\/kopernik.kalisz.pl\/kopernik-ssm\/chor\/?page_id=2963"},"modified":"2019-02-28T09:27:36","modified_gmt":"2019-02-28T08:27:36","slug":"sklad-choru-kopernik-2016-2017","status":"publish","type":"page","link":"https:\/\/kopernik.kalisz.pl\/kopernik-ssm\/chor\/sklad\/sklad-choru-kopernik-2016-2017\/","title":{"rendered":"Sk\u0142ad Ch\u00f3ru &#8222;Kopernik&#8221; 2016\/2017"},"content":{"rendered":"<p><center><i>Prezes:<\/i>\u00a0Klamka Miko\u0142aj (II B\u00b9)<br \/>\n<i>Gospodarz:<\/i>\u00a0Kami\u0144ski Wiktor (II B\u00b9)<br \/>\n<i>Skarbnik:<\/i> Kurowska Agata (I A)<br \/>\n<i>Kronikarz:<\/i>\u00a0Oliwia Nowicka<br \/>\nWolda\u0144ska Weronika (II D\u00b3) &amp; Zatorska Zuzanna (I G)<\/center><\/p>\n<p style=\"text-align: center;\"><strong>KLASY PIERWSZE<\/strong><\/p>\n<p style=\"text-align: center;\">001. B\u0142aszczyk Adrian (I A)<br \/>\n002. Kurkowska Agata (I A)<br \/>\n003. Kwa\u015bniewski Andrzej (I A)<br \/>\n004. Sieradzki Marcin (I A)<br \/>\n005. Janiak Karolina (I B\u00b9)<br \/>\n006. Kempa Wiktoria (I B\u00b9)<br \/>\n007. Raczyk Wiktor (I B\u00b9)<br \/>\n008. Rak Miko\u0142aj (I B\u00b9)<br \/>\n009. R\u00f3\u017ca\u0144ski Pawe\u0142 (I B\u00b9)<br \/>\n010. Sobczak Adrian (I B\u00b9)<br \/>\n011. Stasiak Cezary (I B\u00b9)<br \/>\n012. Szymczak Bartosz (I B\u00b9)<br \/>\n013. Wroczy\u0144ski Tymoteusz (I B\u00b9)<br \/>\n014. Wrona Kacper (I B\u00b9)<br \/>\n015. Chlebowski Piotr (I B\u00b2)<br \/>\n016. Duleba Emilia (I B\u00b2)<br \/>\n017. Kwiatkowska Dominika (I B\u00b2)<br \/>\n018. Antoniak Szymon (I D\u00b9)<br \/>\n019. Malisz Natalia (I D\u00b9)<br \/>\n020. Niewiecka Julia (I D\u00b9)<br \/>\n021. Piwo\u0144ska Ma\u0142gorzata (I D\u00b9)<br \/>\n022. Balcerzyk Martyna (I D\u00b2)<br \/>\n023. Grzelaczyk Natalia (I D\u00b2)<br \/>\n024. Jab\u0142o\u0144ska Monika (I D\u00b2)<br \/>\n025. Karkoszka Aleksandra (I D\u00b2)<br \/>\n026. Kowalczyk Klaudia (I D\u00b2)<br \/>\n027. Ku\u015bwik Maciej (I D\u00b2)<br \/>\n028. Wawrzyniak Jakub (I D\u00b2)<br \/>\n029. Kryjom Julia (I D\u00b3)<br \/>\n030. Pera Joanna (I D\u00b3)<br \/>\n031. Bartosik Filip (I F)<br \/>\n032. P\u0119chorzewska Maja (I F)<br \/>\n033. Furmaniak Gabriela (I G)<br \/>\n034. Zatorska Zuzanna (I G)<\/p>\n<p style=\"text-align: center;\"><strong>KLASY DRUGIE<\/strong><\/p>\n<p style=\"text-align: center;\">035. Chojnacka Anna (II B\u00b9)<br \/>\n036. Kami\u0144ski Wiktor (II B\u00b9)<br \/>\n037. Klamka Miko\u0142aj (II B\u00b9)<br \/>\n038. Raszewska Aleksandra (I B\u00b9)<br \/>\n039. Kasprzak Honorata (II B\u00b2)<br \/>\n040. Marek Iga (II B\u00b2)<br \/>\n041. Sobczak Weronika (II B\u00b2)<br \/>\n042. Bartosik \u0141ukasz (II D\u00b9)<br \/>\n043. Bielan Tomasz (II D\u00b9)<br \/>\n044. Cero\u0144 Dominik (II D\u00b9)<br \/>\n045. Pichiewicz Paulina (II D\u00b9)<br \/>\n046. Gu\u017aniczak Mateusz (II D\u00b2)<br \/>\n047. Grabarczyk Damian (II D\u00b2)<br \/>\n048. Jenerowicz Agata (II D\u00b2)<br \/>\n049. Klimaszewska Katarzyna (II D\u00b2)<br \/>\n050. Wolda\u0144ska Weronika (II D\u00b3)<br \/>\n051. Wojewoda Anna (II F)<br \/>\n052. Bobi\u0144ski Micha\u0142 (II G)<br \/>\n053. Ignaczak Paulina (II G)<\/p>\n<p style=\"text-align: center;\"><strong>KLASY TRZECIE<\/strong><\/p>\n<p style=\"text-align: center;\">054. Konopi\u0144ski Jakub (III A)<br \/>\n055. \u015amieja Maciej (III A)<br \/>\n056. \u015amieja Marcin (III A)<br \/>\n057. Wajgelt Paula (III A)<br \/>\n058. G\u0105sior Karolina (III B\u00b9)<br \/>\n059. Kaczmarek Jakub (III B\u00b9)<br \/>\n060. Krzysiak Dominik (III B\u00b9)<br \/>\n061. R\u00f3\u017ca\u0144ska Anna (III B\u00b9)<br \/>\n062. Kwiatkowska Magdalena (III B\u00b2)<br \/>\n063. Walkowiak Aleksandra (III B\u00b2)<br \/>\n064. Wuttke Krzysztof (III B\u00b2)<br \/>\n065. Starczynowska Kaja (III C)<br \/>\n066. Lewandowska Justyna (III D\u00b2)<br \/>\n067. Nijak Natalia (III D\u00b2)<br \/>\n068. Pisula Olga (III D\u00b2)<br \/>\n069. P\u0142odzie\u0144 Justyna (III F)<br \/>\n070. Ka\u017amierczak Micha\u0142 (III G)<br \/>\n071. Kleczewska Gabriela (III G)<\/p>\n<p style=\"text-align: center;\">\n","protected":false},"excerpt":{"rendered":"<p>Prezes:\u00a0Klamka Miko\u0142aj (II B\u00b9) Gospodarz:\u00a0Kami\u0144ski Wiktor (II B\u00b9) Skarbnik: Kurowska Agata (I A) Kronikarz:\u00a0Oliwia Nowicka&#8230;<\/p>\n","protected":false},"author":7,"featured_media":0,"parent":2960,"menu_order":0,"comment_status":"closed","ping_status":"closed","template":"","meta":[],"_links":{"self":[{"href":"https:\/\/kopernik.kalisz.pl\/kopernik-ssm\/chor\/wp-json\/wp\/v2\/pages\/2963"}],"collection":[{"href":"https:\/\/kopernik.kalisz.pl\/kopernik-ssm\/chor\/wp-json\/wp\/v2\/pages"}],"about":[{"href":"https:\/\/kopernik.kalisz.pl\/kopernik-ssm\/chor\/wp-json\/wp\/v2\/types\/page"}],"author":[{"embeddable":true,"href":"https:\/\/kopernik.kalisz.pl\/kopernik-ssm\/chor\/wp-json\/wp\/v2\/users\/7"}],"replies":[{"embeddable":true,"href":"https:\/\/kopernik.kalisz.pl\/kopernik-ssm\/chor\/wp-json\/wp\/v2\/comments?post=2963"}],"version-history":[{"count":1,"href":"https:\/\/kopernik.kalisz.pl\/kopernik-ssm\/chor\/wp-json\/wp\/v2\/pages\/2963\/revisions"}],"predecessor-version":[{"id":2964,"href":"https:\/\/kopernik.kalisz.pl\/kopernik-ssm\/chor\/wp-json\/wp\/v2\/pages\/2963\/revisions\/2964"}],"up":[{"embeddable":true,"href":"https:\/\/kopernik.kalisz.pl\/kopernik-ssm\/chor\/wp-json\/wp\/v2\/pages\/2960"}],"wp:attachment":[{"href":"https:\/\/kopernik.kalisz.pl\/kopernik-ssm\/chor\/wp-json\/wp\/v2\/media?parent=2963"}],"curies":[{"name":"wp","href":"https:\/\/api.w.org\/{rel}","templated":true}]}}