{"id":3340,"date":"2019-08-16T21:32:26","date_gmt":"2019-08-16T19:32:26","guid":{"rendered":"https:\/\/kopernik.kalisz.pl\/kopernik-ssm\/chor\/?page_id=3340"},"modified":"2019-08-16T21:32:26","modified_gmt":"2019-08-16T19:32:26","slug":"sklad-choru-kopernik-2008-2009","status":"publish","type":"page","link":"https:\/\/kopernik.kalisz.pl\/kopernik-ssm\/chor\/sklad\/sklad-choru-kopernik-2008-2009\/","title":{"rendered":"Sk\u0142ad Ch\u00f3ru &#8222;Kopernik&#8221; 2008\/2009"},"content":{"rendered":"<h5 style=\"text-align: center;\"><strong>SK\u0141AD CH\u00d3RU \u201eKOPERNIK\u201d 2008\/2009<\/strong><\/h5>\n<p>&nbsp;<\/p>\n<p style=\"text-align: center;\"><i>Prezes:<\/i> Justyna Zaj\u0105c (III D)<br \/>\n<i>Wiceprezes:<\/i> Marcin Pawelec (II G)<br \/>\n<i>Kronikarz:<\/i> Magdalena Jakubowska (I G)\n<\/p>\n<p><strong>KLASY PIERWSZE<\/strong><\/p>\n<p style=\"text-align: left; margin-left: 240px;\">01. Hofman Adam (I A\u00b9)<br \/>\n02. Kope\u0107 Krzysztof (I A\u00b9)<br \/>\n03. Lisiecka Agnieszka (I A\u00b9)<br \/>\n04. Joanna Sibrecht (I A\u00b9)<br \/>\n05. Ka\u017amierczak Agnieszka (I A\u00b2)<br \/>\n06. Krawa Ma\u0142gorzata (I A\u00b2)<br \/>\n07. Kwiatkowska Dominika (I A\u00b2)<br \/>\n08. Spychalski Damian (I A\u00b2)<br \/>\n09. Wawrzyniak Katarzyna (I A\u00b2)<br \/>\n10. Jurek Adrian (I A\u00b2)<br \/>\n11. Ka\u017amierczak Adam (I B\u00b9)<br \/>\n12. Wawrzyniak Szymon (I B\u00b9)<br \/>\n13. Wieczorek Paulina (I B\u00b9)<br \/>\n14. Wojciechowska Katarzyna (I B\u00b9)<br \/>\n15. Tobiasz Owczaruk (I B\u00b9)<br \/>\n16. Ewa Zar\u0119ba (I B\u00b9)<br \/>\n17. Ka\u017amierczak Karol (I B\u00b2)<br \/>\n18. Stasiak Krystian (I B\u00b2)<br \/>\n19. Zmy\u015blona Emilia (I B\u00b2)<br \/>\n20. Cieszewska Natalia (I C)<br \/>\n21. Marcinkowska Aleksandra (I C)<br \/>\n22. R\u00f3\u017ca\u0144ska Aleksandra (I C)<br \/>\n23. Simi\u0144ska Anastazja (I C)<br \/>\n24. Twardowska Agnieszka (I C)<br \/>\n25. Wypych Barbara (I C)<br \/>\n26. Adamczewska Kaja (I D)<br \/>\n27. Juszczak Bogumi\u0142a (I D)<br \/>\n28. K\u0142\u0119bokowska Angelika (I D)<br \/>\n29. Konopi\u0144ska Kamila (I D)<br \/>\n30. Molka Karolina (I D)<br \/>\n31. Siarkiewicz Ewa (I D)<br \/>\n32. St\u0119pniak Aleksandra (I D)<br \/>\n33. Jopek Katarzyna (I F)<br \/>\n34. Kry\u015bk\u00f3w Ma\u0142gorzata (I F)<br \/>\n35. Rze\u017aniczak Justyna (I F)<br \/>\n36. Bardowska Monika (I G)<br \/>\n37. Czarnecki Jaros\u0142aw (I G)<br \/>\n38. Jakubowska Anna (I G)<br \/>\n39. Jakubowska Magdalena (I G)<br \/>\n40. Machowicz Pawe\u0142 (I G)<br \/>\n41. Ma\u0142olepszy Krzysztof (I G)<br \/>\n42. Zalewicz Aleksandra (I G)<\/p>\n<p style=\"text-align: left; margin-left: 240px;\">\n<p><strong>KLASY DRUGIE<\/strong><\/p>\n<p style=\"text-align: left; margin-left: 240px;\">43. Chabierska Monika (II A\u00b9)<br \/>\n44. Rutkowski Damian (II A\u00b9)<br \/>\n45. Sk\u0105pska Tatiana (II A\u00b9)<br \/>\n46. Zawada Krzysztof (II A\u00b9)<br \/>\n47. Bukowski Sebastian (II A\u00b2)<br \/>\n48. Miko\u0142ajczyk Micha\u0142 (II A\u00b2)<br \/>\n49. Mizgiro Weronika (II A\u00b3)<br \/>\n50. Kami\u0144ska Marta (II B)<br \/>\n51. Pi\u0105tkowski Mi\u0142osz (II B)<br \/>\n52. Tomczyk Anna (II B)<br \/>\n53. Warszewska Paulina (II B)<br \/>\n54. Wo\u017any Anna (II B)<br \/>\n55. Kupaj Agnieszka (II C)<br \/>\n56. Kryszta\u0142 Jakub (II C)<br \/>\n57. Piasecka Beata (II C)<br \/>\n58. Wasilewska Patrycja (II C)<br \/>\n59. Baranowski Robert (II F)<br \/>\n60. Machowicz Karolina (II F)<br \/>\n61. Majtas Bart\u0142omiej (II F)<br \/>\n62. Sztandera Sebastian (II F)<br \/>\n63. \u015awinarska Ma\u0142gorzata (II F)<br \/>\n64. Wdowczyk Szymon (II F)<br \/>\n65. Wojtczak Jakub (II F)<br \/>\n66. Grabowska Karolina (II G)<br \/>\n67. K\u0119szycka Wiktoria (II G)<br \/>\n68. Pawelec Marcin (II G)\n<\/p>\n<p><strong>KLASY TRZECIE<\/strong><\/p>\n<p style=\"text-align: left; margin-left: 240px;\">69. Lisiecka Marta (III A)<br \/>\n70. Ukleja Katarzyna (III A)<br \/>\n71. Bartczak Jagoda (III B)<br \/>\n72. Bertrand Agnieszka (III B)<br \/>\n73. Dejneka Katarzyna (III B)<br \/>\n74. Ka\u017amierska Zuzanna (III B)<br \/>\n75. Pajor Mateusz (III B)<br \/>\n76. Wierzbicka Karolina (III B)<br \/>\n77. Ga\u0142ecka Marta (III C)<br \/>\n78. Kaleta Ma\u0142gorzata (III C)<br \/>\n79. Kruczek Victoria (III C)<br \/>\n80. Rogacka Katarzyna (III C)<br \/>\n81. \u015awiec Anna (III C)<br \/>\n82. D\u0105browska Ewa (III D)<br \/>\n83. J\u00f3\u017awik Marta (III D)<br \/>\n84. Radziemska Aleksandra (III D)<br \/>\n85. Sobczyk Honorata (III D)<br \/>\n86. Zaj\u0105c Justyna (III D)<br \/>\n87. Drobnik Ewa (III F)<br \/>\n88. Szewczyk Agnieszka (III F)<br \/>\n89. Ka\u0142u\u017cny Jan (III G)<br \/>\n90. Gruszka Justyna (III G)<\/p>\n","protected":false},"excerpt":{"rendered":"<p>SK\u0141AD CH\u00d3RU \u201eKOPERNIK\u201d 2008\/2009 &nbsp; Prezes: Justyna Zaj\u0105c (III D) Wiceprezes: Marcin Pawelec (II G)&#8230;<\/p>\n","protected":false},"author":7,"featured_media":0,"parent":2960,"menu_order":0,"comment_status":"closed","ping_status":"closed","template":"","meta":[],"_links":{"self":[{"href":"https:\/\/kopernik.kalisz.pl\/kopernik-ssm\/chor\/wp-json\/wp\/v2\/pages\/3340"}],"collection":[{"href":"https:\/\/kopernik.kalisz.pl\/kopernik-ssm\/chor\/wp-json\/wp\/v2\/pages"}],"about":[{"href":"https:\/\/kopernik.kalisz.pl\/kopernik-ssm\/chor\/wp-json\/wp\/v2\/types\/page"}],"author":[{"embeddable":true,"href":"https:\/\/kopernik.kalisz.pl\/kopernik-ssm\/chor\/wp-json\/wp\/v2\/users\/7"}],"replies":[{"embeddable":true,"href":"https:\/\/kopernik.kalisz.pl\/kopernik-ssm\/chor\/wp-json\/wp\/v2\/comments?post=3340"}],"version-history":[{"count":2,"href":"https:\/\/kopernik.kalisz.pl\/kopernik-ssm\/chor\/wp-json\/wp\/v2\/pages\/3340\/revisions"}],"predecessor-version":[{"id":6985,"href":"https:\/\/kopernik.kalisz.pl\/kopernik-ssm\/chor\/wp-json\/wp\/v2\/pages\/3340\/revisions\/6985"}],"up":[{"embeddable":true,"href":"https:\/\/kopernik.kalisz.pl\/kopernik-ssm\/chor\/wp-json\/wp\/v2\/pages\/2960"}],"wp:attachment":[{"href":"https:\/\/kopernik.kalisz.pl\/kopernik-ssm\/chor\/wp-json\/wp\/v2\/media?parent=3340"}],"curies":[{"name":"wp","href":"https:\/\/api.w.org\/{rel}","templated":true}]}}