{"id":6995,"date":"2020-04-12T20:19:42","date_gmt":"2020-04-12T18:19:42","guid":{"rendered":"https:\/\/kopernik.kalisz.pl\/kopernik-ssm\/chor\/?page_id=6995"},"modified":"2020-04-12T20:45:39","modified_gmt":"2020-04-12T18:45:39","slug":"sklad-choru-kopernik-2009-2010","status":"publish","type":"page","link":"https:\/\/kopernik.kalisz.pl\/kopernik-ssm\/chor\/sklad\/sklad-choru-kopernik-2009-2010\/","title":{"rendered":"Sk\u0142ad Ch\u00f3ru \u201eKopernik\u201d 2009\/2010"},"content":{"rendered":"<h5 style=\"text-align: center;\">\n\t<strong>SK\u0141AD CH\u00d3RU \u201eKOPERNIK\u201d 2009\/2010<\/strong><\/h5>\n<p><center><\/p>\n<p style=\"text-align: center\">\n\t\t<i>Prezes:<\/i> Justyna Rze\u017aniczak (II F)<br \/>\n<i>Wiceprezes:<\/i> Marcin Pawelec (III G)<br \/>\n<i>Gospodyni:<\/i> Emilia Zmy\u015blona (II B\u00b2)<br \/>\n<i>Kronikarz:<\/i> Magdalena Jakubowska (II G)<br \/>\n&nbsp;<\/p>\n<p>\t\t<strong>KLASY PIERWSZE<\/strong><\/p>\n<p style=\"text-align: left; margin-left: 240px\">\n\t\t01. Goli\u0144ski Tomasz (I A\u00b9)<br \/>\n02. Koz\u0142owska Sylwia (I A\u00b9)<br \/>\n03. So\u0142tysiak Katarzyna (I A\u00b9)<br \/>\n04. Gniediuk Dominik (I A\u00b2)<br \/>\n05. Humieja Franciszek (I A\u00b2)<br \/>\n06. Janiszuk Maja (I A\u00b2)<br \/>\n07. Stacherzak Pawe\u0142 (I A\u00b2)<br \/>\n08. Stroiw\u0105s Kacper (I A\u00b2)<br \/>\n09. Generowicz Anna (I B\u00b9)<br \/>\n10. Ka\u0142u\u017cna Patrycja (I B\u00b9)<br \/>\n11. Lis Maja (I B\u00b9)<br \/>\n12. Pazo\u0142a Magdalena (I B\u00b9)<br \/>\n13. Perz Anna (I B\u00b9)<br \/>\n14. Witczak Kamila (I B\u00b9)<br \/>\n15. Wodzi\u0144ska Aleksandra (I B\u00b9)<br \/>\n16. Kupajczyk Szymon (I B\u00b2)<br \/>\n17. Pajor Agnieszka (I B\u00b2)<br \/>\n18. Weirauch Katarzyna (I B\u00b2)<br \/>\n19. Cierniak Aleksandra (I C)<br \/>\n20. Kocerka Ma\u0142gorzata (I C)<br \/>\n21. Michalak Martyna (I C)<br \/>\n22. Olczak Joanna (I C)<br \/>\n23. Szymczak Olga (I C)<br \/>\n24. Wi\u015bniewska Magdalena (I C)<br \/>\n25. Drazyk Emilia (I D)<br \/>\n26. Konopi\u0144ski B\u0142a\u017cej (I D)<br \/>\n27. Konopi\u0144ski Mateusz (I D)<br \/>\n28. Kupaj Anna (I D)<br \/>\n29. Kupaj Magdalena (I D)<br \/>\n30. Orlicka Agnieszka (I D)<br \/>\n31. Sobolewska Martyna (I D)<br \/>\n32. Adamkiewicz Sylwia (I F)<br \/>\n33. Dutkiewicz Agnieszka (I F)<br \/>\n34. Olejnik Joanna (I G)<br \/>\n35. Piwo\u0144ski Micha\u0142 (I G)<br \/>\n36. Zimna Agnieszka (I G)<\/p>\n<p style=\"text-align: left; margin-left: 240px\">\n\t\t&nbsp;<\/p>\n<p>\t\t<strong>KLASY DRUGIE<\/strong><\/p>\n<p style=\"text-align: left; margin-left: 240px\">\n\t\t37. Kope\u0107 Krzysztof (II A\u00b9)<br \/>\n38. Krawa Ma\u0142gorzata (II A\u00b2)<br \/>\n39. Kwiatkowska Dominika (II A\u00b2)<br \/>\n40. Spychalski Damian (II A\u00b2)<br \/>\n41. Wawrzyniak Katarzyna (II A\u00b2)<br \/>\n42. Wawrzyniak Szymon (II B\u00b9)<br \/>\n43. Ka\u017amierczak Karol (II B\u00b2)<br \/>\n44. Zmy\u015blona Emilia (II B\u00b2)<br \/>\n45. Simi\u0144ska Anastazja (IIC)<br \/>\n46. Wypych Barbara (IIC)<br \/>\n47. Karolak Natalia (II F)<br \/>\n48. Kry\u015bk\u00f3w Ma\u0142gorzata (II F)<br \/>\n49. Rze\u017aniczak Justyna (II F)<br \/>\n50. Bardowska Monika (II G)<br \/>\n51. Czarnecki Jaros\u0142aw (II G)<br \/>\n52. Jakubowska Magdalena (II G)<br \/>\n53. Machowicz Pawe\u0142 (II G)<br \/>\n54. Ma\u0142olepszy Krzysztof (II G)<br \/>\n&nbsp;<\/p>\n<p>\t\t<strong>KLASY TRZECIE<\/strong><\/p>\n<p style=\"text-align: left; margin-left: 240px\">\n\t\t55. Chabierska Monika (III A\u00b9)<br \/>\n56. Rutkowski Damian (III A\u00b9)<br \/>\n57. Zawada Krzysztof (III A\u00b9)<br \/>\n58. Bukowski Sebastian (III A\u00b2)<br \/>\n59. Miko\u0142ajczyk Micha\u0142 (III A\u00b2)<br \/>\n60. Mizgiro Weronika (III A\u00b3)<br \/>\n61. Pi\u0105tkowski Mi\u0142osz (III B)<br \/>\n62. Wo\u017any Anna (III B)<br \/>\n63. Kryszta\u0142 Jakub (III C)<br \/>\n64. Kupaj Agnieszka (III C)<br \/>\n65. Majtas Bart\u0142omiej (III F)<br \/>\n66. Sztandera Sebastian (III F)<br \/>\n67. Wdowczyk Szymon (III F)<br \/>\n68. Grabowska Karolina (III G)<br \/>\n69. Pawelec Marcin (III G)<\/p>\n<p><\/center><\/p>\n<p style=\"text-align: center;\">\n\t<a href=\"http:\/\/www.kopernik.kalisz.pl\/index.php\/kronika-chor\/17-chor\/295-kronika2009-chor\"><strong>POWR\u00d3T<\/strong><\/a><\/p>\n","protected":false},"excerpt":{"rendered":"<p>SK\u0141AD CH\u00d3RU \u201eKOPERNIK\u201d 2009\/2010 Prezes: Justyna Rze\u017aniczak (II F) Wiceprezes: Marcin Pawelec (III G) Gospodyni:&#8230;<\/p>\n","protected":false},"author":7,"featured_media":0,"parent":2960,"menu_order":0,"comment_status":"closed","ping_status":"closed","template":"","meta":[],"_links":{"self":[{"href":"https:\/\/kopernik.kalisz.pl\/kopernik-ssm\/chor\/wp-json\/wp\/v2\/pages\/6995"}],"collection":[{"href":"https:\/\/kopernik.kalisz.pl\/kopernik-ssm\/chor\/wp-json\/wp\/v2\/pages"}],"about":[{"href":"https:\/\/kopernik.kalisz.pl\/kopernik-ssm\/chor\/wp-json\/wp\/v2\/types\/page"}],"author":[{"embeddable":true,"href":"https:\/\/kopernik.kalisz.pl\/kopernik-ssm\/chor\/wp-json\/wp\/v2\/users\/7"}],"replies":[{"embeddable":true,"href":"https:\/\/kopernik.kalisz.pl\/kopernik-ssm\/chor\/wp-json\/wp\/v2\/comments?post=6995"}],"version-history":[{"count":2,"href":"https:\/\/kopernik.kalisz.pl\/kopernik-ssm\/chor\/wp-json\/wp\/v2\/pages\/6995\/revisions"}],"predecessor-version":[{"id":7055,"href":"https:\/\/kopernik.kalisz.pl\/kopernik-ssm\/chor\/wp-json\/wp\/v2\/pages\/6995\/revisions\/7055"}],"up":[{"embeddable":true,"href":"https:\/\/kopernik.kalisz.pl\/kopernik-ssm\/chor\/wp-json\/wp\/v2\/pages\/2960"}],"wp:attachment":[{"href":"https:\/\/kopernik.kalisz.pl\/kopernik-ssm\/chor\/wp-json\/wp\/v2\/media?parent=6995"}],"curies":[{"name":"wp","href":"https:\/\/api.w.org\/{rel}","templated":true}]}}