{"id":6997,"date":"2020-04-12T20:20:19","date_gmt":"2020-04-12T18:20:19","guid":{"rendered":"https:\/\/kopernik.kalisz.pl\/kopernik-ssm\/chor\/?page_id=6997"},"modified":"2020-04-12T20:45:37","modified_gmt":"2020-04-12T18:45:37","slug":"sklad-choru-kopernik-20010-2011","status":"publish","type":"page","link":"https:\/\/kopernik.kalisz.pl\/kopernik-ssm\/chor\/sklad\/sklad-choru-kopernik-20010-2011\/","title":{"rendered":"Sk\u0142ad Ch\u00f3ru \u201eKopernik\u201d 2010\/2011"},"content":{"rendered":"<h5 style=\"text-align: center;\">\n\t<strong>SK\u0141AD CH\u00d3RU \u201eKOPERNIK\u201d 2010\/2011<\/strong><\/h5>\n<p><center><\/p>\n<p style=\"text-align: center\">\n\t\t<i>Prezes:<\/i> Piwo\u0144ski Micha\u0142 (II G)<br \/>\n<i>Wiceprezes:<\/i> Martyna Sobolewska (II D)<br \/>\n<i>Gospodyni:<\/i> Martyna Michalak (II C)<br \/>\n<i>Kronikarki:<\/i> Maja Lis (II B\u00b9) &amp; Oliwia Nowicka (I A\u00b9)<br \/>\n&nbsp;<\/p>\n<p>\t\t<strong>KLASY PIERWSZE<\/strong><\/p>\n<p style=\"text-align: left; margin-left: 240px\">\n\t\t01. Miring Anita (I A\u00b9)<br \/>\n02. Nowicka Oliwia (I A\u00b9)<br \/>\n03. Polak Julia (I A\u00b9)<br \/>\n04. Polus Paulina (I A\u00b9)<br \/>\n05. Spychalska Katarzyna (I A\u00b9)<br \/>\n06. Bartosik Adam (I A\u00b2)<br \/>\n07. Ca\u0142a Kamil (I A\u00b2)<br \/>\n08. \u0141uczak Micha\u0142 (I A\u00b2)<br \/>\n09. Sobczak Bartosz (I A\u00b2)<br \/>\n10. Sobczak Miko\u0142aj (I A\u00b2)<br \/>\n11. Strachowski Marcin (I A\u00b2)<br \/>\n12. Strachowski Rafa\u0142 (I A\u00b2)<br \/>\n13. Boguszewski Norbert (I B\u00b9)<br \/>\n14. Fedor\u00f3w Zofia (I B\u00b9)<br \/>\n15. Gu\u017aniczak \u0141ukasz (I B\u00b9)<br \/>\n16. Kwa\u015bna Natalia (I B\u00b9)<br \/>\n17. Markowski Piotr (I B\u00b9)<br \/>\n18. Matuszewski Bartosz (I B\u00b9)<br \/>\n19. Sowa Joanna (I B\u00b9)<br \/>\n20. Baldach Tomasz (I B\u00b2)<br \/>\n21. Dolaci\u0144ska Kamila (I B\u00b2)<br \/>\n22. Drobnik Karolina (I B\u00b2)<br \/>\n23. Felisiak Ma\u0142gorzata (I B\u00b2)<br \/>\n24. Ka\u017amierczak Marek (I B\u00b2)<br \/>\n25. Pitis Aleksandru (I B\u00b2)<br \/>\n26. Braun Maria (I C)<br \/>\n27. Ga\u0142\u0119zka Natalia (I C)<br \/>\n28. Kr\u00f3lak Sylwia (I C)<br \/>\n29. \u0141\u0105czek Magdalena (I C)<br \/>\n30. Marcinkowski Karol (I C)<br \/>\n31. Marek Agata (I C)<br \/>\n32. Rogowska Marta (I C)<br \/>\n33. Wawrzyniak Agata (I C)<br \/>\n34. Wo\u017any Maria (I C)<br \/>\n35. Bieniasiewicz Agata (I D)<br \/>\n36. Dejneka Weronika (I D)<br \/>\n37. Kalinowska Anita (I D)<br \/>\n38. K\u0119szycka Dorota (I D)<br \/>\n39. Miko\u0142ajczyk Joanna (I D)<br \/>\n40. Maczasek Olga (I F)<br \/>\n41. Marek Mi\u0142osz (I F)<br \/>\n42. Nawrocka Magdalena (I F)<br \/>\n43. Tacza\u0142a Bartosz (I F)<br \/>\n44. Wenerska Anna (I F)<br \/>\n45. Zgorzelak Aniela (I F)<br \/>\n46. Banasiak Adam (I G)<br \/>\n47. Kaciczak Justyna (I G)<br \/>\n48. Wojewoda Aleksander (I G)<\/p>\n<p style=\"text-align: left; margin-left: 240px\">\n\t\t&nbsp;<\/p>\n<p>\t\t<strong>KLASY DRUGIE<\/strong><\/p>\n<p style=\"text-align: left; margin-left: 240px\">\n\t\t49. Gniediuk Dominik (II A\u00b2)<br \/>\n50. Humieja Franciszek (II A\u00b2)<br \/>\n51. Stroiw\u0105s Kacper (II A\u00b2)<br \/>\n52. Generowicz Anna (II B\u00b9)<br \/>\n53. Ka\u0142u\u017cna Patrycja (II B\u00b9)<br \/>\n54. Lis Maja (II B\u00b9)<br \/>\n55. Witczak Kamila (II B\u00b9)<br \/>\n56. Kupajczyk Szymon (II B\u00b2)<br \/>\n57. Pajor Agnieszka (II B\u00b2)<br \/>\n58. Weirauch Katarzyna (II B\u00b2)<br \/>\n59. Cierniak Aleksandra (II C)<br \/>\n60. Kocerka Ma\u0142gorzata (II C)<br \/>\n61. Michalak Martyna (II C)<br \/>\n62. Olczak Joanna (II C)<br \/>\n63. Szymczak Olga (II C)<br \/>\n64. Drazyk Emilia (II D)<br \/>\n65. Konopi\u0144ski B\u0142a\u017cej (II D)<br \/>\n66. Konopi\u0144ski Mateusz (II D)<br \/>\n67. Kupaj Anna (II D)<br \/>\n68. Kupaj Magdalena (II D)<br \/>\n69. Orlicka Agnieszka (II D)<br \/>\n70. Wi\u015bniewska Magdalena (II D)<br \/>\n71. Sobolewska Martyna (II D)<br \/>\n72. Adamkiewicz Sylwia (II F)<br \/>\n73. Dutkiewicz Agnieszka (II F)<br \/>\n74. Piwo\u0144ski Micha\u0142 (II G)<br \/>\n&nbsp;<\/p>\n<p>\t\t<strong>KLASY TRZECIE<\/strong><\/p>\n<p style=\"text-align: left; margin-left: 240px\">\n\t\t75. Kope\u0107 Krzysztof (III A\u00b9)<br \/>\n76. Krawa Ma\u0142gorzata (III A\u00b2)<br \/>\n77. Kwiatkowska Dominika (III A\u00b2)<br \/>\n78. Spychalski Damian (III A\u00b2)<br \/>\n79. Wawrzyniak Katarzyna (III A\u00b2)<br \/>\n80. Ka\u017amierczak Karol (III B\u00b2)<br \/>\n81. Zmy\u015blona Emilia (III B\u00b2)<br \/>\n82. Simi\u0144ska Anastazja (III C)<br \/>\n83. Wypych Barbara (III C)<br \/>\n84. Karolak Natalia (III F)<br \/>\n85. Kry\u015bk\u00f3w Ma\u0142gorzata (III F)<br \/>\n86. Rze\u017aniczak Justyna (III F)<br \/>\n87. Bardowska Monika (III G)<br \/>\n88. Czarnecki Jaros\u0142aw (III G)<br \/>\n89. Jakubowska Magdalena (III G)<br \/>\n90. Machowicz Pawe\u0142 (III G)<br \/>\n91. Ma\u0142olepszy Krzysztof (III G)<\/p>\n<p><\/center><\/p>\n<p style=\"text-align: center;\">\n\t<a href=\"http:\/\/www.kopernik.kalisz.pl\/index.php\/kronika-chor\/17-chor\/296-kronika2010-chor\"><strong>POWR\u00d3T<\/strong><\/a><\/p>\n","protected":false},"excerpt":{"rendered":"<p>SK\u0141AD CH\u00d3RU \u201eKOPERNIK\u201d 2010\/2011 Prezes: Piwo\u0144ski Micha\u0142 (II G) Wiceprezes: Martyna Sobolewska (II D) Gospodyni:&#8230;<\/p>\n","protected":false},"author":7,"featured_media":0,"parent":2960,"menu_order":0,"comment_status":"closed","ping_status":"closed","template":"","meta":[],"_links":{"self":[{"href":"https:\/\/kopernik.kalisz.pl\/kopernik-ssm\/chor\/wp-json\/wp\/v2\/pages\/6997"}],"collection":[{"href":"https:\/\/kopernik.kalisz.pl\/kopernik-ssm\/chor\/wp-json\/wp\/v2\/pages"}],"about":[{"href":"https:\/\/kopernik.kalisz.pl\/kopernik-ssm\/chor\/wp-json\/wp\/v2\/types\/page"}],"author":[{"embeddable":true,"href":"https:\/\/kopernik.kalisz.pl\/kopernik-ssm\/chor\/wp-json\/wp\/v2\/users\/7"}],"replies":[{"embeddable":true,"href":"https:\/\/kopernik.kalisz.pl\/kopernik-ssm\/chor\/wp-json\/wp\/v2\/comments?post=6997"}],"version-history":[{"count":3,"href":"https:\/\/kopernik.kalisz.pl\/kopernik-ssm\/chor\/wp-json\/wp\/v2\/pages\/6997\/revisions"}],"predecessor-version":[{"id":7054,"href":"https:\/\/kopernik.kalisz.pl\/kopernik-ssm\/chor\/wp-json\/wp\/v2\/pages\/6997\/revisions\/7054"}],"up":[{"embeddable":true,"href":"https:\/\/kopernik.kalisz.pl\/kopernik-ssm\/chor\/wp-json\/wp\/v2\/pages\/2960"}],"wp:attachment":[{"href":"https:\/\/kopernik.kalisz.pl\/kopernik-ssm\/chor\/wp-json\/wp\/v2\/media?parent=6997"}],"curies":[{"name":"wp","href":"https:\/\/api.w.org\/{rel}","templated":true}]}}