{"id":7000,"date":"2020-04-12T20:21:25","date_gmt":"2020-04-12T18:21:25","guid":{"rendered":"https:\/\/kopernik.kalisz.pl\/kopernik-ssm\/chor\/?page_id=7000"},"modified":"2020-04-12T20:45:34","modified_gmt":"2020-04-12T18:45:34","slug":"sklad-choru-kopernik-2011-2012","status":"publish","type":"page","link":"https:\/\/kopernik.kalisz.pl\/kopernik-ssm\/chor\/sklad\/sklad-choru-kopernik-2011-2012\/","title":{"rendered":"Sk\u0142ad Ch\u00f3ru \u201eKopernik\u201d 2011\/2012"},"content":{"rendered":"<h5 style=\"text-align: center;\">\n\t<strong>SK\u0141AD CH\u00d3RU \u201eKOPERNIK\u201d 2011\/2012<\/strong><\/h5>\n<p><center><\/p>\n<p style=\"text-align: center\">\n\t\t<i>Prezes:<\/i> Agata Wawrzyniak (II C)<br \/>\n<i>Wiceprezes:<\/i> Norbert Boguszewski (II B\u00b9)<br \/>\n<i>Kronikarz:<\/i> Oliwia Nowicka (II A\u00b9)<br \/>\n&nbsp;<\/p>\n<p>\t\t<strong>KLASY PIERWSZE<\/strong><\/p>\n<p style=\"text-align: left; margin-left: 240px\">\n\t\t01. Piotrowski Wojciech (I A)<br \/>\n02. Chojnacki Jakub (I B\u00b9)<br \/>\n03. Grochulska Weronika (I B\u00b9)<br \/>\n04. Jackowski Robert (I B\u00b9)<br \/>\n05. Lata\u0144ska Joanna (I B\u00b9)<br \/>\n06. \u0141u\u017cy\u0144ska Klaudia (I B\u00b9)<br \/>\n07. Nowacki Karol (I B\u00b9)<br \/>\n08. R\u00f3\u017ca\u0144ski Tomasz (I B\u00b9)<br \/>\n09. Sowa \u0141ukasz (I B\u00b9)<br \/>\n10. Tomaszewski Adam (I B\u00b9)<br \/>\n11. Baran Aleksandra (I B\u00b2)<br \/>\n12. Bewziuk Marcin (I B\u00b2)<br \/>\n13. Buchnajzer Jakub (I B\u00b2)<br \/>\n14. Cie\u015blak Katarzyna (I B\u00b2)<br \/>\n15. Czubocha Tomasz (I B\u00b2)<br \/>\n16. Gaczy\u0144ski Waldemar (I B\u00b2)<br \/>\n17. Ha\u0142adyn Szymon (I B\u00b2)<br \/>\n18. Krzysiak Jakub (I B\u00b2)<br \/>\n19. Lewandowska Katarzyna (I B\u00b2)<br \/>\n20. Wo\u017ana Katarzyna (I B\u00b2)<br \/>\n21. \u017bebrowska Anna (I B\u00b2)<br \/>\n22. Chmielewska \u0141ucja (I C)<br \/>\n23. Ubych Seweryn (I C)<br \/>\n24. Ward\u0119ga Agata (I C)<br \/>\n25. Wojtczak Karolina (I C)<br \/>\n26. Zabawa Katarzyna (I C)<br \/>\n27. Antczak Paulina (I D)<br \/>\n28. Chojnacka Paulina (I D)<br \/>\n29. Drewniarczyk Karolina (I D)<br \/>\n30. Dulas Agnieszka (I D)<br \/>\n31. Kos Barbara (I D)<br \/>\n32. \u017bebrowska Paulina (I D)<br \/>\n33. Bednarek Magdalena (I F)<br \/>\n34. Karpi\u0144ski Maciej (I F)<br \/>\n35. Korczy\u0144ska Paulina (I F)<br \/>\n36. Menkina Mateusz (I F)<br \/>\n37. Dobrowolski Dawid (I G)<br \/>\n38. Piaskowski Marek (I G)<br \/>\n39. Pr\u0119tczy\u0144ska Natalia (I G)<br \/>\n40. W\u0142\u00f3darczyk Joanna (I G)<\/p>\n<p style=\"text-align: left; margin-left: 240px\">\n\t\t&nbsp;<\/p>\n<p>\t\t<strong>KLASY DRUGIE<\/strong><\/p>\n<p style=\"text-align: left; margin-left: 240px\">\n\t\t41. Nowicka Oliwia (II A\u00b9)<br \/>\n42. Polak Julia (II A\u00b9)<br \/>\n43. Polus Paulina (II A\u00b9)<br \/>\n44. Spychalska Katarzyna (II A\u00b9)<br \/>\n45. \u0141uczak Micha\u0142 (II A\u00b2)<br \/>\n46. Sobczak Miko\u0142aj (II A\u00b2)<br \/>\n47. Boguszewski Norbert (II B\u00b9)<br \/>\n48. Fedor\u00f3w Zofia (II B\u00b9)<br \/>\n49. Gu\u017aniczak \u0141ukasz (II B\u00b9)<br \/>\n50. Kwa\u015bna Natalia (II B\u00b9)<br \/>\n51. Matuszewski Bartosz (II B\u00b9)<br \/>\n52. Sowa Joanna (II B\u00b9)<br \/>\n53. Baldach Tomasz (II B\u00b2)<br \/>\n54. Dolaci\u0144ska Kamila (II B\u00b2)<br \/>\n55. Felisiak Ma\u0142gorzata (II B\u00b2)<br \/>\n56. Ka\u017amierczak Marek (II B\u00b2)<br \/>\n57. Kr\u00f3lak Sylwia (II C)<br \/>\n58. Marcinkowski Karol (II C)<br \/>\n59. Marek Agata (II C)<br \/>\n60. Rogowska Marta (II C)<br \/>\n61. Wawrzyniak Agata (II C)<br \/>\n62. Wo\u017any Maria (II C)<br \/>\n63. Kalinowska Anita (II D)<br \/>\n64. K\u0119szycka Dorota (II D)<br \/>\n65. Maczasek Olga (II F)<br \/>\n66. Marek Mi\u0142osz (II F)<br \/>\n67. Nawrocka Magdalena (II F)<br \/>\n68. Tacza\u0142a Bartosz (II F)<br \/>\n69. Zgorzelak Aniela (II F)<br \/>\n70. Wojewoda Aleksander (II G)<br \/>\n&nbsp;<\/p>\n<p>\t\t<strong>KLASY TRZECIE<\/strong><\/p>\n<p style=\"text-align: left; margin-left: 240px\">\n\t\t71. Gniediuk Dominik (III A\u00b2)<br \/>\n72. Stroiw\u0105s Kacper (III A\u00b2)<br \/>\n73. Generowicz Anna (III B\u00b9)<br \/>\n74. Lis Maja (III B\u00b9)<br \/>\n75. Pajor Agnieszka (III B\u00b2)<br \/>\n76. Weirauch Katarzyna (III B\u00b2)<br \/>\n77. Cierniak Aleksandra (III C)<br \/>\n78. Kocerka Ma\u0142gorzata (III C)<br \/>\n79. Michalak Martyna (III C)<br \/>\n80. Olczak Joanna (III C)<br \/>\n81. Szymczak Olga (III C)<br \/>\n82. Drazyk Emilia (III D)<br \/>\n83. Konopi\u0144ski B\u0142a\u017cej (III D)<br \/>\n84. Konopi\u0144ski Mateusz (III D)<br \/>\n85. Kupaj Anna (III D)<br \/>\n86. Kupaj Magdalena (III D)<br \/>\n87. Wi\u015bniewska Magdalena (III D)<br \/>\n88. Adamkiewicz Sylwia (III F)<br \/>\n89. Piwo\u0144ski Micha\u0142 (III G)<\/p>\n<p><\/center><\/p>\n<p style=\"text-align: center;\">\n\t<a href=\"http:\/\/www.kopernik.kalisz.pl\/index.php\/kronika-chor\/17-chor\/297-kronika2011-chor\"><strong>POWR\u00d3T<\/strong><\/a><\/p>\n","protected":false},"excerpt":{"rendered":"<p>SK\u0141AD CH\u00d3RU \u201eKOPERNIK\u201d 2011\/2012 Prezes: Agata Wawrzyniak (II C) Wiceprezes: Norbert Boguszewski (II B\u00b9) Kronikarz:&#8230;<\/p>\n","protected":false},"author":7,"featured_media":0,"parent":2960,"menu_order":0,"comment_status":"closed","ping_status":"closed","template":"","meta":[],"_links":{"self":[{"href":"https:\/\/kopernik.kalisz.pl\/kopernik-ssm\/chor\/wp-json\/wp\/v2\/pages\/7000"}],"collection":[{"href":"https:\/\/kopernik.kalisz.pl\/kopernik-ssm\/chor\/wp-json\/wp\/v2\/pages"}],"about":[{"href":"https:\/\/kopernik.kalisz.pl\/kopernik-ssm\/chor\/wp-json\/wp\/v2\/types\/page"}],"author":[{"embeddable":true,"href":"https:\/\/kopernik.kalisz.pl\/kopernik-ssm\/chor\/wp-json\/wp\/v2\/users\/7"}],"replies":[{"embeddable":true,"href":"https:\/\/kopernik.kalisz.pl\/kopernik-ssm\/chor\/wp-json\/wp\/v2\/comments?post=7000"}],"version-history":[{"count":2,"href":"https:\/\/kopernik.kalisz.pl\/kopernik-ssm\/chor\/wp-json\/wp\/v2\/pages\/7000\/revisions"}],"predecessor-version":[{"id":7053,"href":"https:\/\/kopernik.kalisz.pl\/kopernik-ssm\/chor\/wp-json\/wp\/v2\/pages\/7000\/revisions\/7053"}],"up":[{"embeddable":true,"href":"https:\/\/kopernik.kalisz.pl\/kopernik-ssm\/chor\/wp-json\/wp\/v2\/pages\/2960"}],"wp:attachment":[{"href":"https:\/\/kopernik.kalisz.pl\/kopernik-ssm\/chor\/wp-json\/wp\/v2\/media?parent=7000"}],"curies":[{"name":"wp","href":"https:\/\/api.w.org\/{rel}","templated":true}]}}