{"id":7004,"date":"2020-04-12T20:22:07","date_gmt":"2020-04-12T18:22:07","guid":{"rendered":"https:\/\/kopernik.kalisz.pl\/kopernik-ssm\/chor\/?page_id=7004"},"modified":"2020-04-12T20:45:32","modified_gmt":"2020-04-12T18:45:32","slug":"sklad-choru-kopernik-2012-2013","status":"publish","type":"page","link":"https:\/\/kopernik.kalisz.pl\/kopernik-ssm\/chor\/sklad\/sklad-choru-kopernik-2012-2013\/","title":{"rendered":"Sk\u0142ad Ch\u00f3ru \u201eKopernik\u201d 2012\/2013"},"content":{"rendered":"<h5 style=\"text-align: center;\">\n\t<strong>SK\u0141AD CH\u00d3RU \u201eKOPERNIK\u201d 2012\/2013<\/strong><\/h5>\n<p><center><\/p>\n<p style=\"text-align: center\">\n\t\t<i>Prezes I semestr:<\/i> Agata Wawrzyniak (III C)<br \/>\n<i>Prezes II semestr:<\/i> Wojciech Piotrowski (II A)<br \/>\n<i>Wiceprezes I semestr:<\/i> Norbert Boguszewski (III B\u00b9)<br \/>\n<i>Wiceprezes II semestr:<\/i> Karol Nowacki (II B\u00b9)<br \/>\n<i>Gospodyni II semestr:<\/i> Paulina \u017bebrowska (II D)<br \/>\n<i>Kronikarz:<\/i> Oliwia Nowicka (III A\u00b9)<br \/>\n&nbsp;<\/p>\n<p>\t\t<strong>KLASY PIERWSZE<\/strong><\/p>\n<p style=\"text-align: left; margin-left: 240px\">\n\t\t001. Bia\u0142o\u017cyt Micha\u0142 (I B\u00b9)<br \/>\n002. Drewniak Justyna (I B\u00b9)<br \/>\n003. Filipowicz Anna (I B\u00b9)<br \/>\n004. Fornalska Maria (I B\u00b9)<br \/>\n005. Kacperska Marta (I B\u00b9)<br \/>\n006. Klimaszewska Beata (I B\u00b9)<br \/>\n007. Kozak Anna (I B\u00b9)<br \/>\n008. Sobecki Adam (I B\u00b9)<br \/>\n009. Stasiak Micha\u0142 (I B\u00b9)<br \/>\n010. Stroiw\u0105s Klaudia (I B\u00b9)<br \/>\n011. Tomczyk Kinga (I B\u00b9)<br \/>\n012. Urba\u0144ska Maria (I B\u00b9)<br \/>\n013. Bartoszek Joanna (I B\u00b2)<br \/>\n014. Benedyczak Adam (I B\u00b2)<br \/>\n015. Cero\u0144 Daniel (I B\u00b2)<br \/>\n016. Grygielski Adam (I B\u00b2)<br \/>\n017. Korycki Micha\u0142 (I B\u00b2)<br \/>\n018. Koz\u0142owski Micha\u0142 (I B\u00b2)<br \/>\n019. Nijak Norbert (I B\u00b2)<br \/>\n020. Perz Bartosz (I B\u00b2)<br \/>\n021. Przygodzka Michalina (I B\u00b2)<br \/>\n022. Zieli\u0144ski Kacper (I B\u00b2)<br \/>\n023. Buchnajzer Nina (I C)<br \/>\n024. Majtas Aleksandra (I C)<br \/>\n025. Malinowska Paulina (I C)<br \/>\n026. Sosi\u0144ska Dominika (I C)<br \/>\n027. Rykowska Ewa (I C)<br \/>\n028. Szyd\u0142owska Aleksandra (I C)<br \/>\n029. Balcer Konstancja (I D)<br \/>\n030. Bilska Magdalena (I D)<br \/>\n031. Michalak Katarzyna (I D)<br \/>\n032. Nykiel Hanna (I D)<br \/>\n033. Sobczak Marta (I D)<br \/>\n034. Tondowska Dorota (I D)<br \/>\n035. Zasiad\u0142a Marta (I D)<br \/>\n036. Gabel Kinga (I F)<br \/>\n037. Stacherzak Justna (I F)<br \/>\n038. Szymaniak Ewelina (I F)<br \/>\n039. Krawczyk Mateusz (I G\u00b9)<br \/>\n040. Porzucek Andrzej (I G\u00b9)<br \/>\n041. Strzelec Jakub (I G\u00b9)<br \/>\n042. Wojtaszek Hubert (I G\u00b9)<br \/>\n043. Tyc Kinga (I G\u00b2)<br \/>\n044. Wa\u0142oszek Marta (I G\u00b2)<br \/>\n045. Wielgocka Natalia (I G\u00b2)<\/p>\n<p style=\"text-align: left; margin-left: 240px\">\n\t\t&nbsp;<\/p>\n<p>\t\t<strong>KLASY DRUGIE<\/strong><\/p>\n<p style=\"text-align: left; margin-left: 240px\">\n\t\t046. Piotrowski Wojciech (II A)<br \/>\n047. Grochulska Weronika (II B\u00b9)<br \/>\n048. Jackowski Robert (II B\u00b9)<br \/>\n049. \u0141u\u017cy\u0144ska Klaudia (II B\u00b9)<br \/>\n050. Nowacki Karol (II B\u00b9)<br \/>\n051. R\u00f3\u017ca\u0144ski Tomasz (II B\u00b9)<br \/>\n052. Sowa \u0141ukasz (II B\u00b9)<br \/>\n053. Baran Aleksandra (II B\u00b2)<br \/>\n054. Bewziuk Marcin (II B\u00b2)<br \/>\n055. Buchnajzer Jakub (II B\u00b2)<br \/>\n056. Czubocha Tomasz (II B\u00b2)<br \/>\n057. Krzysiak Jakub (II B\u00b2)<br \/>\n058. Lewandowska Katarzyna (II B\u00b2)<br \/>\n059. Wo\u017ana Katarzyna (II B\u00b2)<br \/>\n060. \u017bebrowska Anna (II B\u00b2)<br \/>\n061. Chmielewska \u0141ucja (II C)<br \/>\n062. Ubych Seweryn (II C)<br \/>\n063. Wojtczak Karolina (II C)<br \/>\n064. Zabawa Katarzyna (II C)<br \/>\n065. Antczak Paulina (II D)<br \/>\n066. Dulas Agnieszka (II D)<br \/>\n067. \u017bebrowska Paulina (II D)<br \/>\n068. Bednarek Magdalena (II F)<br \/>\n069. Cie\u015blak Katarzyna (II F)<br \/>\n070. Karpi\u0144ski Maciej (II F)<br \/>\n071. Korczy\u0144ska Paulina (II F)<br \/>\n072. Menkina Mateusz (II F)<br \/>\n073. Pr\u0119tczy\u0144ska Natalia (II G)<br \/>\n074. W\u0142\u00f3darczyk Joanna (II G)<\/p>\n<p style=\"text-align: left; margin-left: 240px\">\n\t\t&nbsp;<\/p>\n<p>\t\t<strong>KLASY TRZECIE<\/strong><\/p>\n<p style=\"text-align: left; margin-left: 240px\">\n\t\t075. Nowicka Oliwia (III A\u00b9)<br \/>\n076. Polak Julia (III A\u00b9)<br \/>\n077. Spychalska Katarzyna (II A\u00b9)<br \/>\n078. \u0141uczak Micha\u0142 (III A\u00b2)<br \/>\n079. Sobczak Miko\u0142aj (III A\u00b2)<br \/>\n080. Boguszewski Norbert (III B\u00b9)<br \/>\n081. Fedor\u00f3w Zofia (III B\u00b9)<br \/>\n082. Gu\u017aniczak \u0141ukasz (III B\u00b9)<br \/>\n083. Kwa\u015bna Natalia (III B\u00b9)<br \/>\n084. Matuszewski Bartosz (III B\u00b9)<br \/>\n085. Sowa Joanna (III B\u00b9)<br \/>\n086. Baldach Tomasz (III B\u00b2)<br \/>\n087. Dolaci\u0144ska Kamila (III B\u00b2)<br \/>\n088. Felisiak Ma\u0142gorzata (III B\u00b2)<br \/>\n089. Ka\u017amierczak Marek (III B\u00b2)<br \/>\n090. Kr\u00f3lak Sylwia (III C)<br \/>\n091. Marcinkowski Karol (III C)<br \/>\n092. Marek Agata (III C)<br \/>\n093. Rogowska Marta (III C)<br \/>\n094. Wawrzyniak Agata (III C)<br \/>\n095. Kalinowska Anita (III D)<br \/>\n096. Maczasek Olga (III F)<br \/>\n097. Marek Mi\u0142osz (III F)<br \/>\n098. Nawrocka Magdalena (III F)<br \/>\n099. Tacza\u0142a Bartosz (III F)<br \/>\n100. Zgorzelak Aniela (III F)<br \/>\n101. Wojewoda Aleksander (III G)<\/p>\n<p><\/center><\/p>\n<p style=\"text-align: center;\">\n\t<a href=\"http:\/\/www.kopernik.kalisz.pl\/index.php\/kronika-chor\/17-chor\/1317-kronika2012-chor\"><strong>POWR\u00d3T<\/strong><\/a><\/p>\n","protected":false},"excerpt":{"rendered":"<p>SK\u0141AD CH\u00d3RU \u201eKOPERNIK\u201d 2012\/2013 Prezes I semestr: Agata Wawrzyniak (III C) Prezes II semestr: Wojciech&#8230;<\/p>\n","protected":false},"author":7,"featured_media":0,"parent":2960,"menu_order":0,"comment_status":"closed","ping_status":"closed","template":"","meta":[],"_links":{"self":[{"href":"https:\/\/kopernik.kalisz.pl\/kopernik-ssm\/chor\/wp-json\/wp\/v2\/pages\/7004"}],"collection":[{"href":"https:\/\/kopernik.kalisz.pl\/kopernik-ssm\/chor\/wp-json\/wp\/v2\/pages"}],"about":[{"href":"https:\/\/kopernik.kalisz.pl\/kopernik-ssm\/chor\/wp-json\/wp\/v2\/types\/page"}],"author":[{"embeddable":true,"href":"https:\/\/kopernik.kalisz.pl\/kopernik-ssm\/chor\/wp-json\/wp\/v2\/users\/7"}],"replies":[{"embeddable":true,"href":"https:\/\/kopernik.kalisz.pl\/kopernik-ssm\/chor\/wp-json\/wp\/v2\/comments?post=7004"}],"version-history":[{"count":2,"href":"https:\/\/kopernik.kalisz.pl\/kopernik-ssm\/chor\/wp-json\/wp\/v2\/pages\/7004\/revisions"}],"predecessor-version":[{"id":7052,"href":"https:\/\/kopernik.kalisz.pl\/kopernik-ssm\/chor\/wp-json\/wp\/v2\/pages\/7004\/revisions\/7052"}],"up":[{"embeddable":true,"href":"https:\/\/kopernik.kalisz.pl\/kopernik-ssm\/chor\/wp-json\/wp\/v2\/pages\/2960"}],"wp:attachment":[{"href":"https:\/\/kopernik.kalisz.pl\/kopernik-ssm\/chor\/wp-json\/wp\/v2\/media?parent=7004"}],"curies":[{"name":"wp","href":"https:\/\/api.w.org\/{rel}","templated":true}]}}