{"id":7006,"date":"2020-04-12T20:22:51","date_gmt":"2020-04-12T18:22:51","guid":{"rendered":"https:\/\/kopernik.kalisz.pl\/kopernik-ssm\/chor\/?page_id=7006"},"modified":"2020-04-12T20:45:30","modified_gmt":"2020-04-12T18:45:30","slug":"sklad-choru-kopernik-2013-2014","status":"publish","type":"page","link":"https:\/\/kopernik.kalisz.pl\/kopernik-ssm\/chor\/sklad\/sklad-choru-kopernik-2013-2014\/","title":{"rendered":"Sk\u0142ad Ch\u00f3ru \u201eKopernik\u201d 2013\/2014"},"content":{"rendered":"<h5 style=\"text-align: center;\"><strong>SK\u0141AD CH\u00d3RU \u201eKOPERNIK\u201d 2013\/2014<\/strong><\/h5>\n<p><center><\/p>\n<p style=\"text-align: center;\"><em>Prezes I semestr:<\/em> Wojciech Piotrowski (III A)<br \/>\n<em>Prezes II semestr:<\/em> Kinga Gebel (II F)<br \/>\n<em>Wiceprezes I semestr:<\/em> Karol Nowacki (II B\u00b9)<br \/>\n<em>Wiceprezes II semestr:<\/em> Micha\u0142 Chojnacki (I D\u00b9)<br \/>\n<em>Gospodyni I semestr:<\/em> Paulina \u017bebrowska (III D)<br \/>\n<em>Gospodyni II semestr:<\/em> Paulina Malinowska (II G\u00b2)<br \/>\n<em>Kronikarz:<\/em> Oliwia Nowicka<br \/>\n&nbsp;<\/p>\n<p><strong>KLASY PIERWSZE<\/strong><\/p>\n<p style=\"text-align: left; margin-left: 240px;\">001. Ko\u015bcielak Jakub (I A)<br \/>\n002. Szyma\u0144ska Katarzyna (I A)<br \/>\n003. Grzelczyk Karolina (I B\u00b9)<br \/>\n003. Kowalczyk Maria (I B\u00b9)<br \/>\n004. Lisek Mateusz (I B\u00b9)<br \/>\n005. Nykiel Julia (I B\u00b9)<br \/>\n006. Sipka Mi\u0142osz (I B\u00b9)<br \/>\n007. S\u0142omian Kamil (I B\u00b9)<br \/>\n008. Strza\u0142ka Sara (I B\u00b9)<br \/>\n009. Szymczak Paulina (I B\u00b9)<br \/>\n010. Chuchla Weronika (I B\u00b2)<br \/>\n011. Jab\u0142o\u0144ska Gabryjela (I B\u00b2)<br \/>\n012. Janiak Dorian (I B\u00b2)<br \/>\n013. Krulak Kacper (I B\u00b2)<br \/>\n014. M\u0105kowska Anna (I B\u00b2)<br \/>\n015. Stasiak Daria (I B\u00b2)<br \/>\n016. Wagan Szymon (I B\u00b2)<br \/>\n017. Wojtaszek Iwona (I B\u00b2)<br \/>\n018. Galewicz Agnieszka (I C)<br \/>\n019. Majtas Weronika (I C)<br \/>\n020. Wojtu\u0144 Karina (I C)<br \/>\n021. Chojnacki Micha\u0142 (I D\u00b9)<br \/>\n022. Ciekalska Monika (I D\u00b9)<br \/>\n023. Jamnicki Jakub (I D\u00b9)<br \/>\n024. Kupaj Joanna (I D\u00b9)<br \/>\n025. Olejnik Alicja (I D\u00b9)<br \/>\n026. Wojty\u0142a Krzysztof (I D\u00b9)<br \/>\n027. Bandosz Kinga (I D\u00b2)<br \/>\n028. Biesiada Wiktor (I D\u00b2)<br \/>\n029. Chojnacka Patrycja (I D\u00b2)<br \/>\n030. Durman Emilia (I D\u00b2)<br \/>\n031. Hendrysiak Aleksandra (I D\u00b2)<br \/>\n032. K\u0119pa Justyna (I D\u00b2)<br \/>\n033. Ko\u0142odziejczyk Natalia (I D\u00b2)<br \/>\n034. \u0141uczak Klaudia (I D\u00b2)<br \/>\n035. Mielcarek Karolina (I D\u00b2)<br \/>\n036. Tch\u00f3rz Agata (I D\u00b2)<br \/>\n037. Tomczyk Aleksandra (I D\u00b2)<br \/>\n038. Budka Micha\u0142 (I F)<br \/>\n039. Lazarek Kinga (I F)<br \/>\n040. Militowska Aleksandra (I F)<br \/>\n041. Nadarzycka Oliwia (I F)<br \/>\n042. Stok\u0142osa Aleksandra (I F)<\/p>\n<p style=\"text-align: left; margin-left: 240px;\">\n<p><strong>KLASY DRUGIE<\/strong><\/p>\n<p style=\"text-align: left; margin-left: 240px;\">043. Bia\u0142o\u017cyt Micha\u0142 (II B\u00b9)<br \/>\n044. Filipowicz Anna (II B\u00b9)<br \/>\n045. Fornalska Maria (II B\u00b9)<br \/>\n046. Kacperska Marta (II B\u00b9)<br \/>\n047. Klimaszewska Beata (II B\u00b9)<br \/>\n048. Sobecki Adam (II B\u00b9)<br \/>\n049. Stasiak Micha\u0142 (II B\u00b9)<br \/>\n050. Stroiw\u0105s Klaudia (II B\u00b9)<br \/>\n051. Urba\u0144ska Maria (II B\u00b9)<br \/>\n052. Bartoszek Joanna (II B\u00b2)<br \/>\n053. Benedyczak Adam (II B\u00b2)<br \/>\n054. Cero\u0144 Daniel (II B\u00b2)<br \/>\n055. Grygielski Adam (II B\u00b2)<br \/>\n056. Nijak Norbert (II B\u00b2)<br \/>\n057. Perz Bartosz (II B\u00b2)<br \/>\n058. Przygodzka Michalina (II B\u00b2)<br \/>\n059. Zieli\u0144ski Kacper (II B\u00b2)<br \/>\n060. Buchnajzer Nina (II C)<br \/>\n061. Malinowska Paulina (II C)<br \/>\n062. Sosi\u0144ska Dominika (II C)<br \/>\n063. Rykowska Ewa (II C)<br \/>\n064. Szyd\u0142owska Barbara (II C)<br \/>\n065. Balcer Konstancja (II D)<br \/>\n066. Michalak Katarzyna (II D)<br \/>\n067. Nykiel Hanna (II D)<br \/>\n068. Sobczak Marta (II D)<br \/>\n069. Tondowska Dorota (II D)<br \/>\n070. Gebel Kinga (II F)<br \/>\n071. Szymaniak Ewelina (II F)<br \/>\n072. Krawczyk Mateusz (II G\u00b9)<br \/>\n073. Porzucek Andrzej (II G\u00b9)<br \/>\n074. Strzelec Jakub (II G\u00b9)<br \/>\n075. Tyc Kinga (II G\u00b2)<br \/>\n076. Wielgocka Natalia (II G\u00b2)<\/p>\n<p><strong>KLASY TRZECIE<\/strong><\/p>\n<p style=\"text-align: left; margin-left: 240px;\">077. Piotrowski Wojciech (III A)<br \/>\n078. Jackowski Robert (III B\u00b9)<br \/>\n079. Nowacki Karol (III B\u00b9)<br \/>\n080. R\u00f3\u017ca\u0144ski Tomasz (III B\u00b9)<br \/>\n081. Sowa \u0141ukasz (III B\u00b9)<br \/>\n082. Baran Aleksandra (III B\u00b2)<br \/>\n083. Bewziuk Marcin (III B\u00b2)<br \/>\n084. Buchnajzer Jakub (III B\u00b2)<br \/>\n085. Czubocha Tomasz (III B\u00b2)<br \/>\n086. Krzysiak Jakub (III B\u00b2)<br \/>\n087. Lewandowska Katarzyna (III B\u00b2)<br \/>\n088. Wo\u017ana Katarzyna (III B\u00b2)<br \/>\n089. \u017bebrowska Anna (III B\u00b2)<br \/>\n090. Chmielewska \u0141ucja (III C)<br \/>\n091. Grochulska Weronika (III C)<br \/>\n092. Ubych Seweryn (III C)<br \/>\n093. Wojtczak Karolina (III C)<br \/>\n094. Zabawa Katarzyna (III C)<br \/>\n095. Antczak Paulina (III D)<br \/>\n096. Dulas Agnieszka (III D)<br \/>\n097. \u017bebrowska Paulina (III D)<br \/>\n098. Bednarek Magdalena (III F)<br \/>\n099. Cie\u015blak Katarzyna (III F)<br \/>\n100. Karpi\u0144ski Maciej (III F)<br \/>\n101. Menkina Mateusz (III F)<br \/>\n102. W\u0142\u00f3darczyk Joanna (III G)<\/p>\n<p><\/center><\/p>\n<p>&nbsp;<\/p>\n<p style=\"text-align: center;\"><a href=\"http:\/\/kopernik.kalisz.pl\/index.php\/kronika-chor\/17-chor\/2032-kronika2013-chor\"><strong>POWR\u00d3T<\/strong><\/a><\/p>\n","protected":false},"excerpt":{"rendered":"<p>SK\u0141AD CH\u00d3RU \u201eKOPERNIK\u201d 2013\/2014 Prezes I semestr: Wojciech Piotrowski (III A) Prezes II semestr: Kinga&#8230;<\/p>\n","protected":false},"author":7,"featured_media":0,"parent":2960,"menu_order":0,"comment_status":"closed","ping_status":"closed","template":"","meta":[],"_links":{"self":[{"href":"https:\/\/kopernik.kalisz.pl\/kopernik-ssm\/chor\/wp-json\/wp\/v2\/pages\/7006"}],"collection":[{"href":"https:\/\/kopernik.kalisz.pl\/kopernik-ssm\/chor\/wp-json\/wp\/v2\/pages"}],"about":[{"href":"https:\/\/kopernik.kalisz.pl\/kopernik-ssm\/chor\/wp-json\/wp\/v2\/types\/page"}],"author":[{"embeddable":true,"href":"https:\/\/kopernik.kalisz.pl\/kopernik-ssm\/chor\/wp-json\/wp\/v2\/users\/7"}],"replies":[{"embeddable":true,"href":"https:\/\/kopernik.kalisz.pl\/kopernik-ssm\/chor\/wp-json\/wp\/v2\/comments?post=7006"}],"version-history":[{"count":2,"href":"https:\/\/kopernik.kalisz.pl\/kopernik-ssm\/chor\/wp-json\/wp\/v2\/pages\/7006\/revisions"}],"predecessor-version":[{"id":7051,"href":"https:\/\/kopernik.kalisz.pl\/kopernik-ssm\/chor\/wp-json\/wp\/v2\/pages\/7006\/revisions\/7051"}],"up":[{"embeddable":true,"href":"https:\/\/kopernik.kalisz.pl\/kopernik-ssm\/chor\/wp-json\/wp\/v2\/pages\/2960"}],"wp:attachment":[{"href":"https:\/\/kopernik.kalisz.pl\/kopernik-ssm\/chor\/wp-json\/wp\/v2\/media?parent=7006"}],"curies":[{"name":"wp","href":"https:\/\/api.w.org\/{rel}","templated":true}]}}