{"id":7013,"date":"2020-04-12T20:24:22","date_gmt":"2020-04-12T18:24:22","guid":{"rendered":"https:\/\/kopernik.kalisz.pl\/kopernik-ssm\/chor\/?page_id=7013"},"modified":"2020-04-12T20:45:23","modified_gmt":"2020-04-12T18:45:23","slug":"sklad-choru-kopernik-2015-2016","status":"publish","type":"page","link":"https:\/\/kopernik.kalisz.pl\/kopernik-ssm\/chor\/sklad\/sklad-choru-kopernik-2015-2016\/","title":{"rendered":"Sk\u0142ad Ch\u00f3ru \u201eKopernik\u201d 2015\/2016"},"content":{"rendered":"<h5 style=\"text-align: center;\"><strong>SK\u0141AD CH\u00d3RU \u201eKOPERNIK\u201d 2015\/2016<\/strong><\/h5>\n<p><center><\/p>\n<p style=\"text-align: center;\"><i>Prezes:<\/i> Micha\u0142 Chojnacki (III D\u00b9)<br \/>\n<i>Gospodyni:<\/i> Ola Walkowiak (II B\u00b2)<br \/>\n<i>Kronikarz: <\/i>Oliwia Nowicka<br \/>\nJustyna P\u0142odzie\u0144 (II F) &amp; Emilia Durman (III D\u00b2)<br \/>\n&nbsp;<\/p>\n<p><strong>KLASY PIERWSZE<\/strong><\/p>\n<p style=\"text-align: left; margin-left: 240px;\">001. Chojnacka Anna (I B\u00b9)<br \/>\n002. Dejneka Aleksandra (I B\u00b9)<br \/>\n003. Galewski Maciej (I B\u00b9)<br \/>\n004. Jab\u0142o\u0144ski Filip (I B\u00b9)<br \/>\n005. Kami\u0144ski Wiktor (I B\u00b9)<br \/>\n006. Klamka Miko\u0142aj (I B\u00b9)<br \/>\n007. Raszewska Aleksandra (I B\u00b9)<br \/>\n008. Zdyb Jakub (I B\u00b9)<br \/>\n009. Kasprzak Honorata (I B\u00b2)<br \/>\n010. Marek Iga (I B\u00b2)<br \/>\n011. Sobczak Weronika (I B\u00b2)<br \/>\n012. Bartosik \u0141ukasz (I D\u00b9)<br \/>\n013. Bielan Tomasz (I D\u00b9)<br \/>\n014. Cero\u0144 Dominik (I D\u00b9)<br \/>\n015. Mosio\u0142ek Karolina (I D\u00b9)<br \/>\n016. Pichiewicz Paulina (I D\u00b9)<br \/>\n017. Golasi\u0144ska Wiktoria (I D\u00b2)<br \/>\n018. Gu\u017aniczak Mateusz (I D\u00b2)<br \/>\n019. Grabarczyk Damian (I D\u00b2)<br \/>\n020. Jenerowicz Agata (I D\u00b2)<br \/>\n021. Klimaszewska Katarzyna (I D\u00b2)<br \/>\n022. Mazurczak Natalia (I D\u00b3)<br \/>\n023. Strejczek Agata (I D\u00b3)<br \/>\n024. Wolda\u0144ska Weronika (I D\u00b3)<br \/>\n025. Arsenowicz Wiktoria (I F)<br \/>\n026. Wojewoda Anna (I F)<br \/>\n027. Bobi\u0144ski Micha\u0142 (I G)<br \/>\n028. Ignaczak Paulina (I G)<\/p>\n<p style=\"text-align: left; margin-left: 240px;\">\n<p><strong>KLASY DRUGIE<\/strong><\/p>\n<p style=\"text-align: left; margin-left: 240px;\">029. Konopi\u0144ski Jakub (II A)<br \/>\n030. \u015amieja Maciej (II A)<br \/>\n031. \u015amieja Marcin (II A)<br \/>\n032. Wajgelt Paula (II A)<br \/>\n033. G\u0105sior Karolina (II B\u00b9)<br \/>\n034. Kaczmarek Jakub (II B\u00b9)<br \/>\n035. Krzysiak Dominik (II B\u00b9)<br \/>\n036. Lorent Robert (II B\u00b9)<br \/>\n037. R\u00f3\u017ca\u0144ska Anna (II B\u00b9)<br \/>\n038. Kwiatkowska Magdalena (II B\u00b2)<br \/>\n039. Walkowiak Aleksandra (II B\u00b2)<br \/>\n040. Wuttke Krzysztof (II B\u00b2)<br \/>\n041. Starczynowska Kaja (II C)<br \/>\n042. Biernat Sylwia (II D\u00b9)<br \/>\n043. Sty\u015b Adrianna (II D\u00b9)<br \/>\n044. Sztandera Natalia (II D\u00b9)<br \/>\n045. Knop Kinga (II D\u00b2)<br \/>\n046. Lewandowska Justyna (II D\u00b2)<br \/>\n047. Nijak Natalia (II D\u00b2)<br \/>\n048. Pisula Olga (II D\u00b2)<br \/>\n049. Boch Katarzyna (II F)<br \/>\n050. P\u0142odzie\u0144 Justyna (II F)<br \/>\n051. Ka\u017amierczak Micha\u0142 (II G)<br \/>\n052. Kleczewska Gabriela (II G)<\/p>\n<p style=\"text-align: left; margin-left: 240px;\">\n<p><strong>KLASY TRZECIE<\/strong><\/p>\n<p style=\"text-align: left; margin-left: 240px;\">053. Ko\u015bcielak Jakub (III A)<br \/>\n054. Martuzalski Wiktor (III A)<br \/>\n055. Szyma\u0144ska Katarzyna (III A)<br \/>\n056. Kowalczyk Maria (III B\u00b9)<br \/>\n057. Chuchla Weronika (II B\u00b2)<br \/>\n058. Jab\u0142o\u0144ska Gabryjela (III B\u00b2)<br \/>\n059. Krulak Kacper (III B\u00b2)<br \/>\n060. M\u0105kowska Anna (III B\u00b2)<br \/>\n061. Stasiak Daria (III B\u00b2)<br \/>\n062. Wojtaszek Iwona (III B\u00b2)<br \/>\n063. Chojnacki Micha\u0142 (III D\u00b9)<br \/>\n064. Jamnicki Jakub (III D\u00b9)<br \/>\n065. Kupaj Joanna (III D\u00b9)<br \/>\n066. Olejnik Alicja (III D\u00b9)<br \/>\n067. Wojty\u0142a Krzysztof (III D\u00b9)<br \/>\n068. Bandosz Kinga (III D\u00b2)<br \/>\n069. Durman Emilia (III D\u00b2)<br \/>\n070. K\u0119pa Justyna (III D\u00b2)<br \/>\n071. \u0141uczak Klaudia (III D\u00b2)<br \/>\n072. Mielcarek Karolina (III D\u00b2)<br \/>\n073. Tch\u00f3rz Agata (III D\u00b2)<br \/>\n074. Budka Micha\u0142 (III F)<br \/>\n075. Lazarek Kinga (III F)<\/p>\n<p><\/center><\/p>\n<p>&nbsp;<\/p>\n<p style=\"text-align: center;\"><a href=\"http:\/\/kopernik.kalisz.pl\/index.php\/strona-glowna-chor\/17-chor\/3941-kronika2015-chor\"><strong>POWR\u00d3T<\/strong><\/a><\/p>\n<p><!--<br--><\/p>\n<p>&nbsp;<\/p>\n","protected":false},"excerpt":{"rendered":"<p>SK\u0141AD CH\u00d3RU \u201eKOPERNIK\u201d 2015\/2016 Prezes: Micha\u0142 Chojnacki (III D\u00b9) Gospodyni: Ola Walkowiak (II B\u00b2) Kronikarz:&#8230;<\/p>\n","protected":false},"author":7,"featured_media":0,"parent":2960,"menu_order":0,"comment_status":"closed","ping_status":"closed","template":"","meta":[],"_links":{"self":[{"href":"https:\/\/kopernik.kalisz.pl\/kopernik-ssm\/chor\/wp-json\/wp\/v2\/pages\/7013"}],"collection":[{"href":"https:\/\/kopernik.kalisz.pl\/kopernik-ssm\/chor\/wp-json\/wp\/v2\/pages"}],"about":[{"href":"https:\/\/kopernik.kalisz.pl\/kopernik-ssm\/chor\/wp-json\/wp\/v2\/types\/page"}],"author":[{"embeddable":true,"href":"https:\/\/kopernik.kalisz.pl\/kopernik-ssm\/chor\/wp-json\/wp\/v2\/users\/7"}],"replies":[{"embeddable":true,"href":"https:\/\/kopernik.kalisz.pl\/kopernik-ssm\/chor\/wp-json\/wp\/v2\/comments?post=7013"}],"version-history":[{"count":2,"href":"https:\/\/kopernik.kalisz.pl\/kopernik-ssm\/chor\/wp-json\/wp\/v2\/pages\/7013\/revisions"}],"predecessor-version":[{"id":7049,"href":"https:\/\/kopernik.kalisz.pl\/kopernik-ssm\/chor\/wp-json\/wp\/v2\/pages\/7013\/revisions\/7049"}],"up":[{"embeddable":true,"href":"https:\/\/kopernik.kalisz.pl\/kopernik-ssm\/chor\/wp-json\/wp\/v2\/pages\/2960"}],"wp:attachment":[{"href":"https:\/\/kopernik.kalisz.pl\/kopernik-ssm\/chor\/wp-json\/wp\/v2\/media?parent=7013"}],"curies":[{"name":"wp","href":"https:\/\/api.w.org\/{rel}","templated":true}]}}