{"id":7022,"date":"2020-04-12T20:26:36","date_gmt":"2020-04-12T18:26:36","guid":{"rendered":"https:\/\/kopernik.kalisz.pl\/kopernik-ssm\/chor\/?page_id=7022"},"modified":"2021-02-08T21:00:46","modified_gmt":"2021-02-08T20:00:46","slug":"sklad-choru-kopernik-2018-2019","status":"publish","type":"page","link":"https:\/\/kopernik.kalisz.pl\/kopernik-ssm\/chor\/sklad\/sklad-choru-kopernik-2018-2019\/","title":{"rendered":"Sk\u0142ad Ch\u00f3ru \u201eKopernik\u201d 2018\/2019"},"content":{"rendered":"<h5 style=\"text-align: center;\"><strong>SK\u0141AD CH\u00d3RU \u201eKOPERNIK\u201d 2018\/2019<\/strong><\/h5>\n<p><center><\/p>\n<p style=\"text-align: center;\"><i>Prezes:<\/i>Przyby\u0142 Filip (II D\u00b2)<br \/>\n<i>Gospodarz:<\/i>Machaj Mateusz (II B\u00b9)<br \/>\n<i>Skarbnik:<\/i>Kurowska Agata (III A)<br \/>\n<i>Kronikarz:<\/i>Oliwia Nowicka<br \/>\nMilena Skowro\u0144ska(II D\u00b9) &amp; Bartosz Pasternak (II F)<br \/>\n<i>Wiceprezeski:<\/i> Kaczmarek Aleksandra (II D\u00b3) &amp; Wojciechowska Lidia (II G)<br \/>\n<i>Maskotka ch\u00f3ru:<\/i> Adrian B\u0142aszczyk (III A)<\/p>\n<p><strong>KLASY PIERWSZE<\/strong><\/p>\n<p style=\"text-align: left; margin-left: 240px;\">001. Glinkowski Damian (I A)<br \/>\n002. Klatkowski Micha\u0142 (I A)<br \/>\n003. Kr\u00f3lak Maria (I B\u00b9)<br \/>\n004. Maciejewska Julita (I B\u00b9)<br \/>\n005. Nowacki Jan (IB\u00b9)<br \/>\n006. Przyby\u0142 Julianna (IB\u00b9)<br \/>\n007. Tokarczyk Piotr (I B\u00b9)<br \/>\n008. Zdunek Maciej (IB\u00b9)<br \/>\n009. Frydrych Jakub (I B\u00b2)<br \/>\n010. Kowalczyk Stanis\u0142aw (I B\u00b2)<br \/>\n011. Bartoszek Gabriela (I D\u00b9)<br \/>\n012. Forysiak Alicja (I D\u00b9)<br \/>\n013. Szubert Bart\u0142omiej (I D\u00b9)<br \/>\n014. Bartczak Alicja (I D\u00b2)<br \/>\n015. Bayda Wiktoria (I D\u00b2)<br \/>\n016. Dominikowski Aleksander (I D\u00b2)<br \/>\n017. Drozd Anna (I D\u00b2)<br \/>\n018. Ga\u0142ka Julia (I D\u00b2)<br \/>\n019. Kubiak Kinga (I D\u00b2)<br \/>\n020. Mysiciarek Paulina (I D\u00b2)<br \/>\n021. Sk\u00f3recka Zuzanna (I D\u00b2)<br \/>\n022. Wi\u015bniewska Marta (I D\u00b2)<br \/>\n023. Dzi\u0119cielska Beata (I D\u00b3)<br \/>\n024. Konieczna Zofia (I D\u00b3)<br \/>\n025. Janiak Kamil (I F)<br \/>\n026. Kubiak Ma\u0142gorzata (I F)<br \/>\n027. Kurczy\u0144ska Kinga (I F)<br \/>\n028. Mierzejewska Weronika (I F)<br \/>\n029. Juszczak Ma\u0142gorzata (I G)<\/p>\n<p style=\"text-align: left; margin-left: 240px;\">\n<p><strong>KLASY DRUGIE<\/strong><\/p>\n<p style=\"text-align: left; margin-left: 240px;\">030. Durman Micha\u0142 (II A)<br \/>\n031. Machaj Mateusz (II B\u00b9)<br \/>\n032. J\u0119drzejak Urszula (II B\u00b2)<br \/>\n033. Wo\u017aniak Agata(II B\u00b2)<br \/>\n034. Mikurenda Julia (II D\u00b9)<br \/>\n035. Wojty\u015b Zuzanna (II D\u00b9)<br \/>\n036. Przyby\u0142 Filip (II D\u00b2)<br \/>\n037. Skowro\u0144ska Milena (II D\u00b2)<br \/>\n038. Kaczmarek Aleksandra (II D\u00b3)<br \/>\n039. P\u0142ugowska Magdalena (II D\u00b3)<br \/>\n040. Gieszczy\u0144ska Wiktoria (II F)<br \/>\n041. Koli\u0144ka Kacper (II F)<br \/>\n042. Pasternak Bartosz (II F)<br \/>\n043. Trz\u0119sowski Adam (II F)<br \/>\n044. Bobi\u0144ska Katarzyna (II G)<br \/>\n045. Wojciechowska Liwia (II G)<\/p>\n<p style=\"text-align: left; margin-left: 240px;\">\n<p><strong>KLASY TRZECIE<\/strong><\/p>\n<p style=\"text-align: left; margin-left: 240px;\">046. B\u0142aszczyk Adrian (III A)<br \/>\n047. Kurowska Agata (III A)<br \/>\n048. Sieradzki Marcin (III A)<br \/>\n049. Kempa Wiktoria (III B\u00b9)<br \/>\n050. Rak Miko\u0142aj (III B\u00b9)<br \/>\n051. R\u00f3\u017ca\u0144ski Pawe\u0142 (III B\u00b9)<br \/>\n052. Sobczak Adrian (III B\u00b9)<br \/>\n053. Kwiatkowska Dominika (III B\u00b2)<br \/>\n054. Malisz Natalia (III D\u00b9)<br \/>\n055. Niewiecka Julia (III D\u00b9)<br \/>\n056. Piwo\u0144ska Ma\u0142gorzata (III D\u00b9)<br \/>\n057. Balcerzyk Martyna (III D\u00b2)<br \/>\n058. Jab\u0142o\u0144ska Monika (III D\u00b2)<br \/>\n059. Kowalczyk Klaudia (III D\u00b2)<br \/>\n060. Ku\u015bwik Maciej (III D\u00b2)<br \/>\n061. Wawrzyniak Jakub (III D\u00b2)<br \/>\n062. Kryjom Julia (III D\u00b3)<br \/>\n063. Pera Joanna (III D\u00b3)<br \/>\n064. Bartosik Filip (III F)<br \/>\n065. Furmaniak Gabriela (III G)<br \/>\n066. Zatorska Zuzanna (III G)<\/p>\n<p><\/center><\/p>\n<p style=\"text-align: center;\"><a href=\"http:\/\/kopernik.kalisz.pl\/index.php\/strona-glowna-chor\/17-chor\/5351-kronika2017-chor\"><strong>POWR\u00d3T<\/strong><\/a><\/p>\n<p><!--<br--><\/p>\n","protected":false},"excerpt":{"rendered":"<p>SK\u0141AD CH\u00d3RU \u201eKOPERNIK\u201d 2018\/2019 Prezes:Przyby\u0142 Filip (II D\u00b2) Gospodarz:Machaj Mateusz (II B\u00b9) Skarbnik:Kurowska Agata (III&#8230;<\/p>\n","protected":false},"author":7,"featured_media":0,"parent":2960,"menu_order":0,"comment_status":"closed","ping_status":"closed","template":"","meta":[],"_links":{"self":[{"href":"https:\/\/kopernik.kalisz.pl\/kopernik-ssm\/chor\/wp-json\/wp\/v2\/pages\/7022"}],"collection":[{"href":"https:\/\/kopernik.kalisz.pl\/kopernik-ssm\/chor\/wp-json\/wp\/v2\/pages"}],"about":[{"href":"https:\/\/kopernik.kalisz.pl\/kopernik-ssm\/chor\/wp-json\/wp\/v2\/types\/page"}],"author":[{"embeddable":true,"href":"https:\/\/kopernik.kalisz.pl\/kopernik-ssm\/chor\/wp-json\/wp\/v2\/users\/7"}],"replies":[{"embeddable":true,"href":"https:\/\/kopernik.kalisz.pl\/kopernik-ssm\/chor\/wp-json\/wp\/v2\/comments?post=7022"}],"version-history":[{"count":4,"href":"https:\/\/kopernik.kalisz.pl\/kopernik-ssm\/chor\/wp-json\/wp\/v2\/pages\/7022\/revisions"}],"predecessor-version":[{"id":7353,"href":"https:\/\/kopernik.kalisz.pl\/kopernik-ssm\/chor\/wp-json\/wp\/v2\/pages\/7022\/revisions\/7353"}],"up":[{"embeddable":true,"href":"https:\/\/kopernik.kalisz.pl\/kopernik-ssm\/chor\/wp-json\/wp\/v2\/pages\/2960"}],"wp:attachment":[{"href":"https:\/\/kopernik.kalisz.pl\/kopernik-ssm\/chor\/wp-json\/wp\/v2\/media?parent=7022"}],"curies":[{"name":"wp","href":"https:\/\/api.w.org\/{rel}","templated":true}]}}