{"id":7157,"date":"2020-06-11T13:42:38","date_gmt":"2020-06-11T11:42:38","guid":{"rendered":"https:\/\/kopernik.kalisz.pl\/kopernik-ssm\/chor\/?page_id=7157"},"modified":"2021-03-04T21:27:47","modified_gmt":"2021-03-04T20:27:47","slug":"kalendarium-2019-2020","status":"publish","type":"page","link":"https:\/\/kopernik.kalisz.pl\/kopernik-ssm\/chor\/kalendarium\/kalendarium-2019-2020\/","title":{"rendered":"Kalendarium 2019\/2020"},"content":{"rendered":"<h5 style=\"text-align: center;\"><strong>ROK SZKOLNY 2019\/2020<\/strong><\/h5>\n<table style=\"border-collapse: collapse; width: 100%;\" border=\"1\" cellspacing=\"5\" cellpadding=\"5\">\n<tbody>\n<tr>\n<td align=\"center\" valign=\"middle\" bgcolor=\"#EEEEEE\" width=\"3%\"><strong>Lp.<\/strong><\/td>\n<td align=\"center\" valign=\"middle\" bgcolor=\"#EEEEEE\" width=\"20%\"><strong>Koncerty w szkole<\/strong><\/td>\n<td align=\"center\" valign=\"middle\" bgcolor=\"#EEEEEE\" width=\"7%\"><strong>Data<\/strong><\/td>\n<\/tr>\n<tr>\n<td align=\"center\" valign=\"middle\" bgcolor=\"#EEEEEE\"><em>01.<\/em><\/td>\n<td align=\"center\" valign=\"middle\" bgcolor=\"#ffffff\">Rozpocz\u0119cie roku szkolnego 2019\/2020<\/td>\n<td align=\"center\" valign=\"middle\" bgcolor=\"#EEEEEE\">2 wrze\u015bnia 2019<\/td>\n<\/tr>\n<tr>\n<td align=\"center\" valign=\"middle\" bgcolor=\"#EEEEEE\"><em>02.<\/em><\/td>\n<td align=\"center\" valign=\"middle\" bgcolor=\"#ffffff\">\u015alubowanie klas pierwszych<\/td>\n<td align=\"center\" valign=\"middle\" bgcolor=\"#EEEEEE\">16 wrze\u015bnia 2019<\/td>\n<\/tr>\n<tr>\n<td align=\"center\" valign=\"middle\" bgcolor=\"#EEEEEE\"><em>03.<\/em><\/td>\n<td align=\"center\" valign=\"middle\" bgcolor=\"#ffffff\">Dzie\u0144 Edukacji Narodowej<\/td>\n<td align=\"center\" valign=\"middle\" bgcolor=\"#EEEEEE\">14 pa\u017adziernika 2019<\/td>\n<\/tr>\n<tr>\n<td align=\"center\" valign=\"middle\" bgcolor=\"#EEEEEE\"><em>04.<\/em><\/td>\n<td align=\"center\" valign=\"middle\" bgcolor=\"#ffffff\">Konferencja &#8222;M\u00f3zg moim warsztatem pracy&#8221;<\/td>\n<td align=\"center\" valign=\"middle\" bgcolor=\"#EEEEEE\">25 pa\u017adziernika 2019<\/td>\n<\/tr>\n<tr>\n<td align=\"center\" valign=\"middle\" bgcolor=\"#EEEEEE\"><em>05.<\/em><\/td>\n<td align=\"center\" valign=\"middle\" bgcolor=\"#ffffff\">Trzy akademie z okazji 101 rocznicy Odzyskania Niepodleg\u0142o\u015bci &#8211; Aula III LO<\/td>\n<td align=\"center\" valign=\"middle\" bgcolor=\"#EEEEEE\">8 listopada 2019<\/td>\n<\/tr>\n<tr>\n<td align=\"center\" valign=\"middle\" bgcolor=\"#EEEEEE\"><em>06.<\/em><\/td>\n<td align=\"center\" valign=\"middle\" bgcolor=\"#ffffff\">\u015awi\u0105teczny koncert kol\u0119d w Auli III LO<\/td>\n<td align=\"center\" valign=\"middle\" bgcolor=\"#EEEEEE\">19 grudnia 2019<\/td>\n<\/tr>\n<tr>\n<td align=\"center\" valign=\"middle\" bgcolor=\"#EEEEEE\"><em>07.<\/em><\/td>\n<td align=\"center\" valign=\"middle\" bgcolor=\"#ffffff\">\u015awi\u0119to patrona szko\u0142y<\/td>\n<td align=\"center\" valign=\"middle\" bgcolor=\"#EEEEEE\">19 lutego 2020<\/td>\n<\/tr>\n<tr>\n<td align=\"center\" valign=\"middle\" bgcolor=\"#EEEEEE\"><em>08.<\/em><\/td>\n<td align=\"center\" valign=\"middle\" bgcolor=\"#ffffff\">Po\u017cegnanie absolwent\u00f3w \u2013 matura 2020<\/td>\n<td align=\"center\" valign=\"middle\" bgcolor=\"#EEEEEE\">25 czerwca 2020<\/td>\n<\/tr>\n<tr>\n<td align=\"center\" valign=\"middle\" bgcolor=\"#EEEEEE\" width=\"3%\"><strong>Lp.<\/strong><\/td>\n<td align=\"center\" valign=\"middle\" bgcolor=\"#EEEEEE\" width=\"20%\"><strong>Koncerty \u015brodowiskowe<\/strong><\/td>\n<td align=\"center\" valign=\"middle\" bgcolor=\"#EEEEEE\" width=\"7%\"><strong>Data<\/strong><\/td>\n<\/tr>\n<tr>\n<td align=\"center\" valign=\"middle\" bgcolor=\"#EEEEEE\"><em>01.<\/em><\/td>\n<td align=\"center\" valign=\"middle\" bgcolor=\"#ffffff\">Msza \u015bw. w ko\u015bciele pod wezwaniem \u015awi\u0119tej Tr\u00f3jcy w Mikstacie<\/td>\n<td align=\"center\" valign=\"middle\" bgcolor=\"#EEEEEE\">25 sierpnia 2019<\/td>\n<\/tr>\n<tr>\n<td align=\"center\" valign=\"middle\" bgcolor=\"#EEEEEE\"><em>02.<\/em><\/td>\n<td align=\"center\" valign=\"middle\" bgcolor=\"#ffffff\">Koncert w ko\u015bciele \u015awi\u0119tej Tr\u00f3jcy w Mikstacie<\/td>\n<td align=\"center\" valign=\"middle\" bgcolor=\"#EEEEEE\">25 sierpnia 2019<\/td>\n<\/tr>\n<tr>\n<td align=\"center\" valign=\"middle\" bgcolor=\"#EEEEEE\"><em>03.<\/em><\/td>\n<td align=\"center\" valign=\"middle\" bgcolor=\"#ffffff\">\u015alub Emilii Zmy\u015blonej(Alt) z Micha\u0142em Patysiakiem w Ko\u015bciele B\u0142. Micha\u0142a Kozala w Kaliszu<\/td>\n<td align=\"center\" valign=\"middle\" bgcolor=\"#EEEEEE\">20 wrze\u015bnia 2019<\/td>\n<\/tr>\n<tr>\n<td align=\"center\" valign=\"middle\" bgcolor=\"#EEEEEE\"><em>04.<\/em><\/td>\n<td align=\"center\" valign=\"middle\" bgcolor=\"#ffffff\">Og\u00f3lnopolska Pielgrzymka Amazonek na Jasn\u0105 G\u00f3r\u0119 w Cz\u0119stochowie<\/td>\n<td align=\"center\" valign=\"middle\" bgcolor=\"#EEEEEE\">5 pa\u017adziernika 2019<\/td>\n<\/tr>\n<tr>\n<td align=\"center\" valign=\"middle\" bgcolor=\"#EEEEEE\"><em>05.<\/em><\/td>\n<td align=\"center\" valign=\"middle\" bgcolor=\"#ffffff\">Oprawa muzyczna pogrzebu wieloletniej dyrektor szko\u0142y p. Eugenii Pastuszek w Ko\u015bciele pw. Opatrzno\u015bci Bo\u017cej w Kaliszu<\/td>\n<td align=\"center\" valign=\"middle\" bgcolor=\"#EEEEEE\">10 stycznia 2020<\/td>\n<\/tr>\n<tr>\n<td align=\"center\" valign=\"middle\" bgcolor=\"#EEEEEE\"><em>06.<\/em><\/td>\n<td align=\"center\" valign=\"middle\" bgcolor=\"#ffffff\">Koncert \u015awi\u0105teczno &#8211; Noworoczny dla Rodzin Ch\u00f3rzyst\u00f3w i Przyjaci\u00f3\u0142 Szko\u0142y<\/td>\n<td align=\"center\" valign=\"middle\" bgcolor=\"#EEEEEE\">20 stycznia 2020<\/td>\n<\/tr>\n<tr>\n<td align=\"center\" valign=\"middle\" bgcolor=\"#EEEEEE\" width=\"3%\"><strong>Lp.<\/strong><\/td>\n<td align=\"center\" valign=\"middle\" bgcolor=\"#EEEEEE\" width=\"20%\"><strong>Festiwale i Konkursy<\/strong><\/td>\n<td align=\"center\" valign=\"middle\" bgcolor=\"#EEEEEE\" width=\"7%\"><strong>Data<\/strong><\/td>\n<\/tr>\n<tr>\n<td align=\"center\" valign=\"middle\" bgcolor=\"#EEEEEE\"><em>01.<\/em><\/td>\n<td align=\"center\" valign=\"middle\" bgcolor=\"#ffffff\">Ch\u00f3r &#8222;Kopernik&#8221; \u015bpiewa dla Niepodleg\u0142ej z okazji 101 Rocznicy Odzyskanie Niepodleg\u0142o\u015bci &#8211; aula PWSZ w Kaliszu<\/td>\n<td align=\"center\" valign=\"middle\" bgcolor=\"#EEEEEE\">11 listopada 2019<\/td>\n<\/tr>\n<tr>\n<td align=\"center\" valign=\"middle\" bgcolor=\"#EEEEEE\"><em>02.<\/em><\/td>\n<td align=\"center\" valign=\"middle\" bgcolor=\"#ffffff\">Konkurs Ch\u00f3r\u00f3w Szkolnych Regionu Wielkopolski Po\u0142udniowej Projektu \u201cAkademia Ch\u00f3ralna \u2013 \u015apiewaj\u0105ca Polska\u201d w Ostrowie Wielkopolskim zosta\u0142 odwo\u0142any ze wzgl\u0119du na stan epidemiologiczny wywo\u0142any przez pandemi\u0119 COVID-19<\/td>\n<td align=\"center\" valign=\"middle\" bgcolor=\"#EEEEEE\">Maj 2020<\/td>\n<\/tr>\n<\/tbody>\n<\/table>\n<p style=\"text-align: center;\"><a href=\"https:\/\/kopernik.kalisz.pl\/kopernik-ssm\/chor\/kalendarium\/\/\"><strong>POWR\u00d3T<\/strong><\/a><\/p>\n","protected":false},"excerpt":{"rendered":"<p>ROK SZKOLNY 2019\/2020 Lp. Koncerty w szkole Data 01. Rozpocz\u0119cie roku szkolnego 2019\/2020 2 wrze\u015bnia&#8230;<\/p>\n","protected":false},"author":7,"featured_media":0,"parent":2882,"menu_order":0,"comment_status":"closed","ping_status":"closed","template":"","meta":[],"_links":{"self":[{"href":"https:\/\/kopernik.kalisz.pl\/kopernik-ssm\/chor\/wp-json\/wp\/v2\/pages\/7157"}],"collection":[{"href":"https:\/\/kopernik.kalisz.pl\/kopernik-ssm\/chor\/wp-json\/wp\/v2\/pages"}],"about":[{"href":"https:\/\/kopernik.kalisz.pl\/kopernik-ssm\/chor\/wp-json\/wp\/v2\/types\/page"}],"author":[{"embeddable":true,"href":"https:\/\/kopernik.kalisz.pl\/kopernik-ssm\/chor\/wp-json\/wp\/v2\/users\/7"}],"replies":[{"embeddable":true,"href":"https:\/\/kopernik.kalisz.pl\/kopernik-ssm\/chor\/wp-json\/wp\/v2\/comments?post=7157"}],"version-history":[{"count":7,"href":"https:\/\/kopernik.kalisz.pl\/kopernik-ssm\/chor\/wp-json\/wp\/v2\/pages\/7157\/revisions"}],"predecessor-version":[{"id":7454,"href":"https:\/\/kopernik.kalisz.pl\/kopernik-ssm\/chor\/wp-json\/wp\/v2\/pages\/7157\/revisions\/7454"}],"up":[{"embeddable":true,"href":"https:\/\/kopernik.kalisz.pl\/kopernik-ssm\/chor\/wp-json\/wp\/v2\/pages\/2882"}],"wp:attachment":[{"href":"https:\/\/kopernik.kalisz.pl\/kopernik-ssm\/chor\/wp-json\/wp\/v2\/media?parent=7157"}],"curies":[{"name":"wp","href":"https:\/\/api.w.org\/{rel}","templated":true}]}}