{"id":7369,"date":"2021-02-09T23:13:08","date_gmt":"2021-02-09T22:13:08","guid":{"rendered":"https:\/\/kopernik.kalisz.pl\/kopernik-ssm\/chor\/?page_id=7369"},"modified":"2021-04-14T20:17:42","modified_gmt":"2021-04-14T18:17:42","slug":"kronika-2020-2021","status":"publish","type":"page","link":"https:\/\/kopernik.kalisz.pl\/kopernik-ssm\/chor\/kronika\/kronika-2020-2021\/","title":{"rendered":"Kronika 2020\/2021"},"content":{"rendered":"<h5 style=\"text-align: center;\">\n\t<strong>ROK SZKOLNY 2020\/2021<\/strong><\/h5>\n<p style=\"text-align: center\">\n\t<a href=\"https:\/\/kopernik.kalisz.pl\/kopernik-ssm\/chor\/sklad\/sklad-choru-kopernik-2020-2021\" target=\"_self\" rel=\"noopener\"><strong>SK\u0141AD CH\u00d3RU<\/strong><\/a><\/p>\n<table style=\"border-collapse: collapse; width: 100%;\" cellspacing=\"5\" cellpadding=\"5\" border=\"1\">\n<tbody>\n<tr>\n<td width=\"2%\" valign=\"middle\" bgcolor=\"#EEEEEE\" align=\"center\"><strong>Lp.<\/strong><\/td>\n<td align=\"center\" bgcolor=\"#EEEEEE\" valign=\"middle\" width=\"20%\"><strong>Wydarzenie<\/strong><\/td>\n<td align=\"center\" bgcolor=\"#EEEEEE\" valign=\"middle\" width=\"3%\"><strong>Galeria<\/strong><\/td>\n<\/tr>\n<tr>\n<td align=\"center\" bgcolor=\"#EEEEEE\" valign=\"middle\"><em>01.<\/em><\/td>\n<td align=\"center\" bgcolor=\"#ffffff\" valign=\"middle\"><strong><em>1 IX 2020<br \/>\nRozpocz\u0119cie roku szkolnego 2020\/2021<\/em><\/strong><\/p>\n<p style=\"text-align: justify;\"> Okres kwarantanny by\u0142 dla nas wszystkich czasem wyj\u0105tkowo trudnym. Musieli\u015bmy przywykn\u0105\u0107 do nowej rzeczywisto\u015bci i braku spotka\u0144 z przyjaci\u00f3\u0142mi twarz\u0105 w twarz, a tak\u017ce zaznajomi\u0107 si\u0119 z dot\u0105d nieznanym dla nas, nowym, internetowym sposobem nauki. W trakcie pandemii ch\u00f3r nie zwalnia\u0142 jednak tempa. \u0141\u0105czyli\u015bmy si\u0119 poprzez wideorozmowy i pracowali\u015bmy wsp\u00f3lnie pod kierownictwem prof. Henryki Iglewskiej-Mocek.<\/p>\n<p style=\"text-align: justify;\"> Pierwszego wrze\u015bnia, po wakacyjnej przerwie, wsp\u00f3lnie rozpocz\u0119li\u015bmy kolejny rok szkolny. Klasy pierwsze spotka\u0142y si\u0119 w szkole z Dyrekcj\u0105 i swoimi wychowawcami. Z kolei uczniowie klas drugich i trzecich zebrali si\u0119 podczas internetowej rozmowy. Zostali wtedy powitani w nowym roku edukacji i zaznajomieni z regulaminem funkcjonowania w naszej szkole w trakcie epidemii.<\/p>\n<p style=\"text-align: justify;\"> W inauguracji ka\u017cdego roku szkolnego bierze udzia\u0142 Ch\u00f3r \u201eKopernik\u201d. R\u00f3wnie\u017c i tym razem nie mog\u0142o nas zabrakn\u0105\u0107 \u2013 w trakcie uroczysto\u015bci uczniowie klas pierwszych us\u0142yszeli hymn szkolny wykonany przez ch\u00f3rzyst\u00f3w i odtworzony w formie nagrania.<\/p>\n<p style=\"text-align: justify;\"> W czasie pandemii poznali\u015bmy nowe zasady, dzi\u0119ki kt\u00f3rym mo\u017cemy bez obaw ucz\u0119szcza\u0107 do szko\u0142y. Ch\u00f3rzy\u015bci w dalszym ci\u0105gu razem \u015bpiewaj\u0105 podczas wsp\u00f3lnych spotka\u0144, dbaj\u0105c przy tym o zdrowie i bezpiecze\u0144stwo ka\u017cdego z nas. Nowi cz\u0142onkowie ch\u00f3ru, uczniowie klas pierwszych, trafili pod skrzyd\u0142a prof. Marii Szczap, natomiast ich starsi koledzy i kole\u017canki z klas drugich i trzecich, kontynuuj\u0105 pr\u00f3by pod okiem prof. Henryki Iglewskiej-Mocek.<\/p>\n<\/td>\n<td align=\"center\" valign=\"middle\" bgcolor=\"#EEEEEE\">\n<p style=\"text-align: center;\">Brak<\/p>\n<\/td>\n<\/tr>\n<tr>\n<td align=\"center\" bgcolor=\"#EEEEEE\" valign=\"middle\"><em>02.<\/em><\/td>\n<td align=\"center\" bgcolor=\"#ffffff\" valign=\"middle\"><strong><em>17 IX 2020<br \/>\nEuropejskie Dni Dziedzictwa <\/em><\/strong><\/p>\n<p style=\"text-align: justify;\"> Nowy rok szkolny to mo\u017cliwo\u015b\u0107 powrotu dla wszystkich ch\u00f3rzyst\u00f3w do tego, co kochaj\u0105 najbardziej: muzyki, pr\u00f3b, wyst\u0119p\u00f3w\u2026<\/p>\n<p style=\"text-align: justify;\"> Ju\u017c 17 wrze\u015bnia przedstawiciele Ch\u00f3ru \u201eKopernik\u201d u\u015bwietnili odbywaj\u0105ce si\u0119 w naszej szkole 28. Europejskie Dni Dziedzictwa. Dyrygent Ch\u00f3ru \u201eKopernik\u201d, Pani Henryka Iglewska-Mocek przygotowa\u0142a do \u015bwietnego wyst\u0119pu \u2013 Adama St\u0119pnia z klasy 2b2. Na co dzie\u0144 Adam jest tenorem w ch\u00f3rze; tym razem zachwyci\u0142 s\u0142uchaczy solowym wykonaniem \u201eMur\u00f3w\u201d \u2013 pie\u015bni Jacka Kaczmarskiego.<\/p>\n<p style=\"text-align: justify;\"> Adama instrumentalnie, na alt\u00f3wce, wspar\u0142a Julianna Przyby\u0142 z klasy 3b1, a na instrumentach klawiszowych zagra\u0142 tegoroczny absolwent III LO w Kaliszu \u2013 Mateusz Machaj. Wyst\u0119p spotka\u0142 si\u0119 z ogromnym entuzjazmem i uznaniem zgromadzonych w szkolnej auli.<\/p>\n<\/td>\n<td align=\"center\" valign=\"middle\" bgcolor=\"#EEEEEE\">\n<p style=\"text-align: center;\">Brak<\/p>\n<\/td>\n<\/tr>\n<tr>\n<td align=\"center\" bgcolor=\"#EEEEEE\" valign=\"middle\"><em>03.<\/em><\/td>\n<td align=\"center\" bgcolor=\"#ffffff\" valign=\"middle\"><strong><em>06 IX 2018<br \/>\n\u015awi\u0119to niepodleg\u0142o\u015bci \u2013 11 listopada <\/em><\/strong><\/p>\n<p style=\"text-align: justify;\"> Cho\u0107 rzeczywisto\u015b\u0107 szkolna wok\u00f3\u0142 nas tak bardzo si\u0119 zmieni\u0142a, to ca\u0142a spo\u0142eczno\u015b\u0107 \u201eKopernika\u201d pe\u0142na jest energii i nie traci nic z gotowo\u015bci do wyznaczanych sobie cel\u00f3w\u2026 Nie inaczej jest wi\u0119c z artystyczn\u0105 wizyt\u00f3wk\u0105 naszej szko\u0142y \u2013 szkolnym Ch\u00f3rem \u201eKopernik\u201d \u2013 kt\u00f3ry pod czujnym, artystycznym okiem Dyrygent \u2013 pani Henryki Iglewskiej-Mocek, \u0107wiczy zdalnie. Nie ma takiej si\u0142y, by pokona\u0107 artystyczne ch\u0119ci, pragnienie \u015bpiewu i wyra\u017cania w ten spos\u00f3b m\u0142odzie\u0144czych emocji!<\/p>\n<p style=\"text-align: justify;\"> Pr\u00f3by online odbywaj\u0105 si\u0119 cztery razy w tygodniu. S\u0105 trudne i wymagaj\u0105ce. Wiele pracy, indywidualnych warsztat\u00f3w z ka\u017cdym ch\u00f3rzyst\u0105, wirtualna przestrze\u0144 \u2013 nie zawsze sprzyja ch\u00f3ralnym \u0107wiczeniom. \u201eAle \u015bpiewamy, jeste\u015bmy!\u201d \u2013 m\u00f3wi pani Dyrygent, Henryka Iglewska-Mocek.<\/p>\n<p style=\"text-align: justify;\"> I oto oddajemy Wam dzisiaj \u201eowoce\u201d naszej pracy: z okazji 11 listopada, \u015awi\u0119ta Niepodleg\u0142o\u015bci, nagrali\u015bmy dwa utwory \u2013 \u201ePrzybyli u\u0142ani\u201d oraz \u201eMy, Pierwsza Brygada\u201d \u2013 tak bardzo kojarz\u0105ce si\u0119 z tym czasem. Nie mo\u017cemy zaprosi\u0107 na nasz koncert, ale z ogromn\u0105 rado\u015bci\u0105, otwartym sercem i artystyczn\u0105 pasj\u0105 przychodzimy do Ciebie\u2026<\/p>\n<\/td>\n<td align=\"center\" valign=\"middle\" bgcolor=\"#EEEEEE\">\n<p style=\"text-align: center;\"><a href=\"https:\/\/www.youtube.com\/watch?v=ODl0YdJwBs8\" data-rel=\"lightbox-video-0\">Jest<\/a><\/p>\n<\/td>\n<\/tr>\n<tr><\/tr>\n<\/tbody>\n<\/table>\n<p>&nbsp;<\/p>\n<p style=\"text-align: center;\"><a href=\"https:\/\/kopernik.kalisz.pl\/kopernik-ssm\/chor\/kronika\/\"><strong>POWR\u00d3T<\/strong><\/a><\/p>\n","protected":false},"excerpt":{"rendered":"<p>ROK SZKOLNY 2020\/2021 SK\u0141AD CH\u00d3RU Lp. Wydarzenie Galeria 01. 1 IX 2020 Rozpocz\u0119cie roku szkolnego&#8230;<\/p>\n","protected":false},"author":7,"featured_media":0,"parent":2877,"menu_order":0,"comment_status":"closed","ping_status":"closed","template":"","meta":[],"_links":{"self":[{"href":"https:\/\/kopernik.kalisz.pl\/kopernik-ssm\/chor\/wp-json\/wp\/v2\/pages\/7369"}],"collection":[{"href":"https:\/\/kopernik.kalisz.pl\/kopernik-ssm\/chor\/wp-json\/wp\/v2\/pages"}],"about":[{"href":"https:\/\/kopernik.kalisz.pl\/kopernik-ssm\/chor\/wp-json\/wp\/v2\/types\/page"}],"author":[{"embeddable":true,"href":"https:\/\/kopernik.kalisz.pl\/kopernik-ssm\/chor\/wp-json\/wp\/v2\/users\/7"}],"replies":[{"embeddable":true,"href":"https:\/\/kopernik.kalisz.pl\/kopernik-ssm\/chor\/wp-json\/wp\/v2\/comments?post=7369"}],"version-history":[{"count":8,"href":"https:\/\/kopernik.kalisz.pl\/kopernik-ssm\/chor\/wp-json\/wp\/v2\/pages\/7369\/revisions"}],"predecessor-version":[{"id":8234,"href":"https:\/\/kopernik.kalisz.pl\/kopernik-ssm\/chor\/wp-json\/wp\/v2\/pages\/7369\/revisions\/8234"}],"up":[{"embeddable":true,"href":"https:\/\/kopernik.kalisz.pl\/kopernik-ssm\/chor\/wp-json\/wp\/v2\/pages\/2877"}],"wp:attachment":[{"href":"https:\/\/kopernik.kalisz.pl\/kopernik-ssm\/chor\/wp-json\/wp\/v2\/media?parent=7369"}],"curies":[{"name":"wp","href":"https:\/\/api.w.org\/{rel}","templated":true}]}}