{"id":7378,"date":"2021-02-09T23:34:39","date_gmt":"2021-02-09T22:34:39","guid":{"rendered":"https:\/\/kopernik.kalisz.pl\/kopernik-ssm\/chor\/?page_id=7378"},"modified":"2021-03-04T21:24:23","modified_gmt":"2021-03-04T20:24:23","slug":"sklad-choru-kopernik-2020-2021","status":"publish","type":"page","link":"https:\/\/kopernik.kalisz.pl\/kopernik-ssm\/chor\/sklad\/sklad-choru-kopernik-2020-2021\/","title":{"rendered":"Sk\u0142ad Ch\u00f3ru \u201eKopernik\u201d 2020\/2021"},"content":{"rendered":"<h5 style=\"text-align: center;\"><strong>SK\u0141AD CH\u00d3RU \u201eKOPERNIK\u201d 2020\/2021<\/strong><\/h5>\n<p><center><\/p>\n<p style=\"text-align: center;\"><i>Prezes: <\/i>Cholajda Julia (II A)<br \/>\n<i>Gospodarz: <\/i>St\u0119pie\u0144 Adam (II B\u00b2)<br \/>\n<i>Kronikarz:<\/i> Klemczak Karolina (II F\u00b9), Antoniak Aleksandra (II F\u00b9), Cholajda Julia (II A), Adrian B\u0142aszczyk, Oliwia Pe\u0142czy\u0144ska (go\u015bcinnie)<\/p>\n<p><strong>KLASY DRUGIE<\/strong><\/p>\n<p style=\"text-align: left; margin-left: 240px;\">001. Cholajda Julia (II A)<br \/>\n002. Piotrowska Julia (II B\u00b9)<br \/>\n003. Wroczy\u0144ski Kasper (II B\u00b9)<br \/>\n004. Biega\u0144ska Daria (IIB\u00b2)<br \/>\n005. Sobi\u015b Igor (II B\u00b2)<br \/>\n006. St\u0119pie\u0144 Adam (II B\u00b2)<br \/>\n007. B\u0105kowska Katarzyna (II C)<br \/>\n008. Drobnik Michalina (II C)<br \/>\n009. Jarosik Wojciech (II C)<br \/>\n010. Pawlak Jadwiga (II C)<br \/>\n011. Bartczak Magdalena (II D\u00b9)<br \/>\n012. Krygiel Kamila (II D\u00b9)<br \/>\n013. Matyszkiel Marcelina (II D\u00b9)<br \/>\n014. Mikurenda Alicja (II D\u00b9)<br \/>\n015. Stasiak Zuzanna (II D\u00b9)<br \/>\n016. Paszkiewicz Wiktoria (II D\u00b2)<br \/>\n017. \u0141ukacja Lena(II E)<br \/>\n018. Michalak Zuzanna (II E)<br \/>\n019. Antoniak Aleksandra (II F)<br \/>\n020. Klemczak Karolina (II F)<br \/>\n021.Noworolnik Bart\u0142omiej (II F)<br \/>\n022. Wr\u00f3blewski Aleksander (II F)<br \/>\n023. Jopek Martyna (II G)<br \/>\n024. Sobieraj Gabriela (II G)<\/p>\n<p style=\"text-align: left; margin-left: 240px;\">\n<p><strong>KLASY TRZECIE<\/strong><\/p>\n<p style=\"text-align: left; margin-left: 240px;\">025. Klatkowski Micha\u0142 (III A)<br \/>\n026. Kr\u00f3lak Maria (III B\u00b9)<br \/>\n027. Maciejewska Julita (III B\u00b9)<br \/>\n028. Nowacki Jan (III B\u00b9)<br \/>\n029. Przyby\u0142 Julianna (IIIB\u00b9)<br \/>\n030. Tokarczyk Piotr (III B\u00b9)<br \/>\n031. Zdunek Maciej (III B\u00b9)<br \/>\n032. Kowalczyk Stanis\u0142aw (III B\u00b2)<br \/>\n033. Bartoszek Gabriela (III D\u00b9)<br \/>\n034. Forysiak Alicja (III D\u00b9)<br \/>\n035. Szubert Bart\u0142omiej (III D\u00b9)<br \/>\n036. Dominikowski Aleksander (III D\u00b2)<br \/>\n037. Drozd Anna (III D\u00b2)<br \/>\n038. Kubiak Kinga (III D\u00b2)<br \/>\n039. Siciarek Paulina (III D\u00b2)<br \/>\n040. Juszczak Ma\u0142gorzata (III G)<\/p>\n<p><\/center><\/p>\n<p style=\"text-align: center;\"><a href=\"http:\/\/kopernik.kalisz.pl\/index.php\/strona-glowna-chor\/17-chor\/5351-kronika2017-chor\"><strong>POWR\u00d3T<\/strong><\/a><\/p>\n<p><!--<br--><\/p>\n","protected":false},"excerpt":{"rendered":"<p>SK\u0141AD CH\u00d3RU \u201eKOPERNIK\u201d 2020\/2021 Prezes: Cholajda Julia (II A) Gospodarz: St\u0119pie\u0144 Adam (II B\u00b2) Kronikarz:&#8230;<\/p>\n","protected":false},"author":7,"featured_media":0,"parent":2960,"menu_order":0,"comment_status":"closed","ping_status":"closed","template":"","meta":[],"_links":{"self":[{"href":"https:\/\/kopernik.kalisz.pl\/kopernik-ssm\/chor\/wp-json\/wp\/v2\/pages\/7378"}],"collection":[{"href":"https:\/\/kopernik.kalisz.pl\/kopernik-ssm\/chor\/wp-json\/wp\/v2\/pages"}],"about":[{"href":"https:\/\/kopernik.kalisz.pl\/kopernik-ssm\/chor\/wp-json\/wp\/v2\/types\/page"}],"author":[{"embeddable":true,"href":"https:\/\/kopernik.kalisz.pl\/kopernik-ssm\/chor\/wp-json\/wp\/v2\/users\/7"}],"replies":[{"embeddable":true,"href":"https:\/\/kopernik.kalisz.pl\/kopernik-ssm\/chor\/wp-json\/wp\/v2\/comments?post=7378"}],"version-history":[{"count":5,"href":"https:\/\/kopernik.kalisz.pl\/kopernik-ssm\/chor\/wp-json\/wp\/v2\/pages\/7378\/revisions"}],"predecessor-version":[{"id":7452,"href":"https:\/\/kopernik.kalisz.pl\/kopernik-ssm\/chor\/wp-json\/wp\/v2\/pages\/7378\/revisions\/7452"}],"up":[{"embeddable":true,"href":"https:\/\/kopernik.kalisz.pl\/kopernik-ssm\/chor\/wp-json\/wp\/v2\/pages\/2960"}],"wp:attachment":[{"href":"https:\/\/kopernik.kalisz.pl\/kopernik-ssm\/chor\/wp-json\/wp\/v2\/media?parent=7378"}],"curies":[{"name":"wp","href":"https:\/\/api.w.org\/{rel}","templated":true}]}}