{"id":9368,"date":"2023-06-14T16:56:01","date_gmt":"2023-06-14T14:56:01","guid":{"rendered":"https:\/\/kopernik.kalisz.pl\/kopernik-ssm\/chor\/?page_id=9368"},"modified":"2023-06-19T13:40:52","modified_gmt":"2023-06-19T11:40:52","slug":"kalendarium-2021-2022","status":"publish","type":"page","link":"https:\/\/kopernik.kalisz.pl\/kopernik-ssm\/chor\/kalendarium\/kalendarium-2021-2022\/","title":{"rendered":"Kalendarium 2021\/2022"},"content":{"rendered":"\n<p class=\"has-text-align-center\"><strong>ROK SZKOLNY 2021\/2022<\/strong><\/p>\n\n\n\n<figure class=\"wp-block-table\"><table><tbody><tr><td><strong>Koncerty w szkole<\/strong><\/td><td><strong>Data<\/strong><\/td><\/tr><tr><td>50\u2013lecie nadania imienia szkole<\/td><td>14 pa\u017adziernika 2021<\/td><\/tr><tr><td>Dzie\u0144 Niepodleg\u0142o\u015bci<\/td><td>10 listopada 2021<\/td><\/tr><tr><td>Dzie\u0144 patrona<\/td><td>21 marca 2022<\/td><\/tr><tr><td>Akcja \u017bonkile \u2013 nagranie \u201eNie ma ich\u201d<\/td><td>19 kwietnia 2022<\/td><\/tr><tr><td>Zako\u0144czenie roku maturzyst\u00f3w<\/td><td>29 kwietnia 2022<\/td><\/tr><tr><td>Fina\u0142 programu edukacyjnego Erasmus+<\/td><td>23 maja 2022<\/td><\/tr><tr><td>Zako\u0144czenie roku<\/td><td>24 czerwca 2022<\/td><\/tr><tr><td><strong>Koncerty \u015brodowiskowe<\/strong><\/td><td><strong>Data<\/strong><\/td><\/tr><tr><td>Dyplomy licencjackie w auli UAM<\/td><td>8 czerwca 2022<\/td><\/tr><\/tbody><\/table><\/figure>\n","protected":false},"excerpt":{"rendered":"<p>ROK SZKOLNY 2021\/2022 Koncerty w szkole Data 50\u2013lecie nadania imienia szkole 14 pa\u017adziernika 2021 Dzie\u0144&#8230;<\/p>\n","protected":false},"author":12,"featured_media":0,"parent":2882,"menu_order":0,"comment_status":"closed","ping_status":"closed","template":"","meta":[],"_links":{"self":[{"href":"https:\/\/kopernik.kalisz.pl\/kopernik-ssm\/chor\/wp-json\/wp\/v2\/pages\/9368"}],"collection":[{"href":"https:\/\/kopernik.kalisz.pl\/kopernik-ssm\/chor\/wp-json\/wp\/v2\/pages"}],"about":[{"href":"https:\/\/kopernik.kalisz.pl\/kopernik-ssm\/chor\/wp-json\/wp\/v2\/types\/page"}],"author":[{"embeddable":true,"href":"https:\/\/kopernik.kalisz.pl\/kopernik-ssm\/chor\/wp-json\/wp\/v2\/users\/12"}],"replies":[{"embeddable":true,"href":"https:\/\/kopernik.kalisz.pl\/kopernik-ssm\/chor\/wp-json\/wp\/v2\/comments?post=9368"}],"version-history":[{"count":2,"href":"https:\/\/kopernik.kalisz.pl\/kopernik-ssm\/chor\/wp-json\/wp\/v2\/pages\/9368\/revisions"}],"predecessor-version":[{"id":9416,"href":"https:\/\/kopernik.kalisz.pl\/kopernik-ssm\/chor\/wp-json\/wp\/v2\/pages\/9368\/revisions\/9416"}],"up":[{"embeddable":true,"href":"https:\/\/kopernik.kalisz.pl\/kopernik-ssm\/chor\/wp-json\/wp\/v2\/pages\/2882"}],"wp:attachment":[{"href":"https:\/\/kopernik.kalisz.pl\/kopernik-ssm\/chor\/wp-json\/wp\/v2\/media?parent=9368"}],"curies":[{"name":"wp","href":"https:\/\/api.w.org\/{rel}","templated":true}]}}