{"id":9370,"date":"2023-06-14T16:57:03","date_gmt":"2023-06-14T14:57:03","guid":{"rendered":"https:\/\/kopernik.kalisz.pl\/kopernik-ssm\/chor\/?page_id=9370"},"modified":"2023-06-19T13:41:32","modified_gmt":"2023-06-19T11:41:32","slug":"kalendarium-2022-2023","status":"publish","type":"page","link":"https:\/\/kopernik.kalisz.pl\/kopernik-ssm\/chor\/kalendarium\/kalendarium-2022-2023\/","title":{"rendered":"Kalendarium 2022\/2023"},"content":{"rendered":"\n<p class=\"has-text-align-center\"><strong>ROK SZKOLNY 2022\/2023<\/strong><\/p>\n\n\n\n<figure class=\"wp-block-table\"><table><tbody><tr><td><strong>Koncerty w szkole<\/strong><\/td><td><strong>Data<\/strong><\/td><\/tr><tr><td>Powitanie Holendr\u00f3w z wymiany<\/td><td>10 pa\u017adziernika 2022<\/td><\/tr><tr><td>Dzie\u0144 Edukacji Narodowej<\/td><td>13 pa\u017adziernika 2022<\/td><\/tr><tr><td>Dzie\u0144 Niepodleg\u0142o\u015bci<\/td><td>10 listopada 2022<\/td><\/tr><tr><td>Koncert Bo\u017conarodzeniowy<\/td><td>20 grudnia 2022<\/td><\/tr><tr><td>Koncert charytatywny dla Ani Sosienko<\/td><td>21 marca 2023<\/td><\/tr><tr><td>Akcja \u017bonkile \u2013 nagranie \u201eNie ma ich\u201d<\/td><td>19 kwietnia 2023<\/td><\/tr><tr><td>Akademia z okazji uchwalenia Kosnstytucji 3 maja<\/td><td>27 kwietnia 2023<\/td><\/tr><tr><td>Zako\u0144czenie roku maturzyst\u00f3w<\/td><td>28 kwietnia 2023<\/td><\/tr><tr><td><strong>Koncerty \u015brodowiskowe<\/strong><\/td><td><strong>Data<\/strong><\/td><\/tr><tr><td>Koncert \u015bwi\u0105teczny w Domu Seniora<\/td><td>21 grudnia 2022<\/td><\/tr><tr><td>Koncert kol\u0119dowy w Poznaniu<\/td><td>27 grudnia 2022<\/td><\/tr><tr><td>25-lecie Ch\u00f3ru &#8222;Kopernik&#8221; w Teatrze im. Wojciecha Bogus\u0142awskiego w Kaliszu<\/td><td>24 stycznia 2023<\/td><\/tr><tr><td>Dzie\u0144 Patrona w auli UAM<\/td><td>20 lutego 2023<\/td><\/tr><tr><td>X Festiwal Pie\u015bni \u017bydowskiej i Izraelskiej ,,Shalom&#8221;<\/td><td>20 maja 2023<\/td><\/tr><tr><td>VII Kaliski Festiwal Ch\u00f3ralny (dyplomy licencjackie) w Ko\u015bciele Garnizonowym<\/td><td>28 maja 2023<\/td><\/tr><tr><td>Konkurs Akademia Ch\u00f3ralna &#8211; \u201e\u015apiewaj\u0105ca Polska\u201d w NFM we Wroc\u0142awiu<\/td><td>6 czerwca 2023<\/td><\/tr><\/tbody><\/table><\/figure>\n","protected":false},"excerpt":{"rendered":"<p>ROK SZKOLNY 2022\/2023 Koncerty w szkole Data Powitanie Holendr\u00f3w z wymiany 10 pa\u017adziernika 2022 Dzie\u0144&#8230;<\/p>\n","protected":false},"author":12,"featured_media":0,"parent":2882,"menu_order":0,"comment_status":"closed","ping_status":"closed","template":"","meta":[],"_links":{"self":[{"href":"https:\/\/kopernik.kalisz.pl\/kopernik-ssm\/chor\/wp-json\/wp\/v2\/pages\/9370"}],"collection":[{"href":"https:\/\/kopernik.kalisz.pl\/kopernik-ssm\/chor\/wp-json\/wp\/v2\/pages"}],"about":[{"href":"https:\/\/kopernik.kalisz.pl\/kopernik-ssm\/chor\/wp-json\/wp\/v2\/types\/page"}],"author":[{"embeddable":true,"href":"https:\/\/kopernik.kalisz.pl\/kopernik-ssm\/chor\/wp-json\/wp\/v2\/users\/12"}],"replies":[{"embeddable":true,"href":"https:\/\/kopernik.kalisz.pl\/kopernik-ssm\/chor\/wp-json\/wp\/v2\/comments?post=9370"}],"version-history":[{"count":3,"href":"https:\/\/kopernik.kalisz.pl\/kopernik-ssm\/chor\/wp-json\/wp\/v2\/pages\/9370\/revisions"}],"predecessor-version":[{"id":9417,"href":"https:\/\/kopernik.kalisz.pl\/kopernik-ssm\/chor\/wp-json\/wp\/v2\/pages\/9370\/revisions\/9417"}],"up":[{"embeddable":true,"href":"https:\/\/kopernik.kalisz.pl\/kopernik-ssm\/chor\/wp-json\/wp\/v2\/pages\/2882"}],"wp:attachment":[{"href":"https:\/\/kopernik.kalisz.pl\/kopernik-ssm\/chor\/wp-json\/wp\/v2\/media?parent=9370"}],"curies":[{"name":"wp","href":"https:\/\/api.w.org\/{rel}","templated":true}]}}