{"id":9401,"date":"2023-06-15T15:20:11","date_gmt":"2023-06-15T13:20:11","guid":{"rendered":"https:\/\/kopernik.kalisz.pl\/kopernik-ssm\/chor\/?page_id=9401"},"modified":"2023-06-19T13:45:24","modified_gmt":"2023-06-19T11:45:24","slug":"sklad-choru-kopernik-2021-2022","status":"publish","type":"page","link":"https:\/\/kopernik.kalisz.pl\/kopernik-ssm\/chor\/sklad-choru-kopernik-2021-2022\/","title":{"rendered":"Sk\u0142ad Ch\u00f3ru ,,Kopernik&#8221; 2021\/2022"},"content":{"rendered":"\n<p class=\"has-text-align-center\"><strong>Sk\u0142ad Ch\u00f3ru \u201eKopernik\u201d 2021\/2022<\/strong><\/p>\n\n\n\n<p class=\"has-text-align-center\"><em>Prezes: <\/em>Julia Cholajda (3A)<\/p>\n\n\n\n<p class=\"has-text-align-center\"><strong>Klasy pierwsze:<\/strong><\/p>\n\n\n\n<p class=\"has-text-align-center\">1. \u0141ukasz Balcerzak (1A)<\/p>\n\n\n\n<p class=\"has-text-align-center\">2. Dominik Kubacki (1A)<\/p>\n\n\n\n<p class=\"has-text-align-center\">3. Maksymilian Roli\u0144ski (1A)<\/p>\n\n\n\n<p class=\"has-text-align-center\">4. Micha\u0142 Zimny (1A)<\/p>\n\n\n\n<p class=\"has-text-align-center\">5. Jan \u015awierblewski (1A)<\/p>\n\n\n\n<p class=\"has-text-align-center\">6. Micha\u0142 Miczko (1B)<\/p>\n\n\n\n<p class=\"has-text-align-center\">7. Franciszek Pietrucha (1B)<\/p>\n\n\n\n<p class=\"has-text-align-center\">8. Piotr Szmajdzi\u0144ski (1B)<\/p>\n\n\n\n<p class=\"has-text-align-center\">9. Marcel Przybylski (1B)<\/p>\n\n\n\n<p class=\"has-text-align-center\">10. Pawe\u0142 Ka\u0142u\u017cny (1B)<\/p>\n\n\n\n<p class=\"has-text-align-center\">11. Daria Wywijas (1B)<\/p>\n\n\n\n<p class=\"has-text-align-center\">12. Weronika Rosi\u0144ska (1B)<\/p>\n\n\n\n<p class=\"has-text-align-center\">13. Malwina Podg\u00f3rska (1B)<\/p>\n\n\n\n<p class=\"has-text-align-center\">14. Zuzanna Poczeka\u0142a (1B)<\/p>\n\n\n\n<p class=\"has-text-align-center\">15. Martyna Czerniak (1C)<\/p>\n\n\n\n<p class=\"has-text-align-center\">16. Aleksandra Wawrzyniak (1C)<\/p>\n\n\n\n<p class=\"has-text-align-center\">17. Zofia Lisiecka (1C)<\/p>\n\n\n\n<p class=\"has-text-align-center\">18. Julia Militowska (1C)<\/p>\n\n\n\n<p class=\"has-text-align-center\">19. Zofia Rogacka (1C)<\/p>\n\n\n\n<p class=\"has-text-align-center\">20. Ma\u0142gorzata Ficner (1C)<\/p>\n\n\n\n<p class=\"has-text-align-center\">21. Franciszka Kwarci\u0144ska (1C)<\/p>\n\n\n\n<p class=\"has-text-align-center\">22. Joanna Janiak (1C)<\/p>\n\n\n\n<p class=\"has-text-align-center\">23. Weronika Kaftanowicz (1D)<\/p>\n\n\n\n<p class=\"has-text-align-center\">24. Aleksandra Strachowska (1D)<\/p>\n\n\n\n<p class=\"has-text-align-center\">25. Paulina Michalak (1D)<\/p>\n\n\n\n<p class=\"has-text-align-center\">26. Natalia Juszczak (1D)<\/p>\n\n\n\n<p class=\"has-text-align-center\">27. Mi\u0142osz Smura (1D)<\/p>\n\n\n\n<p class=\"has-text-align-center\">28. Maciej Rudolf (1D)<\/p>\n\n\n\n<p class=\"has-text-align-center\">29. Adam Schlesinger (1D)<\/p>\n\n\n\n<p class=\"has-text-align-center\">30. Oliwia Bytnar (1D)<\/p>\n\n\n\n<p class=\"has-text-align-center\">31. Hanna Szurek (1E)<\/p>\n\n\n\n<p class=\"has-text-align-center\">32. Patrycja Gajewska (1E)<\/p>\n\n\n\n<p class=\"has-text-align-center\">33. Aleksandra \u0141a\u0144duch (1E)<\/p>\n\n\n\n<p class=\"has-text-align-center\">34. Martyna Szczeci\u0144ska (1F)<\/p>\n\n\n\n<p class=\"has-text-align-center\">35. Weronika Jankowska (1F)<\/p>\n\n\n\n<p class=\"has-text-align-center\">36. Marcelina Matysiak (1F)<\/p>\n\n\n\n<p class=\"has-text-align-center\">37. Aleksandra Chabierska (1F)<\/p>\n\n\n\n<p class=\"has-text-align-center\">38. Marta Shkirman (1F)<\/p>\n\n\n\n<p class=\"has-text-align-center\"><strong>Klasy drugie:<\/strong><\/p>\n\n\n\n<p class=\"has-text-align-center\">1. Mateusz \u015aniegula (2A)<\/p>\n\n\n\n<p class=\"has-text-align-center\">2. Piotr Juszczak (2A)<\/p>\n\n\n\n<p class=\"has-text-align-center\">3. Filip Fabisiak (2B)<\/p>\n\n\n\n<p class=\"has-text-align-center\">4. Olga Wawrzyniak (2B)<\/p>\n\n\n\n<p class=\"has-text-align-center\">5. Joanna M\u0105kowska (2B)<\/p>\n\n\n\n<p class=\"has-text-align-center\">6. Nikola Kotala (2C)<\/p>\n\n\n\n<p class=\"has-text-align-center\">7. Kinga Juszczak (2C)<\/p>\n\n\n\n<p class=\"has-text-align-center\">8. Amelia K\u0119dzierska (2C)<\/p>\n\n\n\n<p class=\"has-text-align-center\">9. Franciszek Chojnacki (2C)<\/p>\n\n\n\n<p class=\"has-text-align-center\">10. Natalia Maciejewska (2D)<\/p>\n\n\n\n<p class=\"has-text-align-center\">11. Rozalia Krauz (2D)<\/p>\n\n\n\n<p class=\"has-text-align-center\">12. Wiktoria Dro\u017cd\u017c (2D)<\/p>\n\n\n\n<p class=\"has-text-align-center\"><strong>Klasy trzecie:<\/strong><\/p>\n\n\n\n<p class=\"has-text-align-center\">1. Julia Cholajda (3A)<\/p>\n\n\n\n<p class=\"has-text-align-center\">2. Kasper Wroczy\u0144ski (3B1)<\/p>\n\n\n\n<p class=\"has-text-align-center\">3. Julia Piotrowska (3B1)<\/p>\n\n\n\n<p class=\"has-text-align-center\">4. Adam St\u0119pie\u0144 (3B2)<\/p>\n\n\n\n<p class=\"has-text-align-center\">5. Wojtek Jarosik (3C)<\/p>\n\n\n\n<p class=\"has-text-align-center\">6. Jadwiga Pawlak (3C)<\/p>\n\n\n\n<p class=\"has-text-align-center\">7. Zuzanna Michalak (3E)<\/p>\n\n\n\n<p class=\"has-text-align-center\">8. Gabriela Sobieraj (3G)<\/p>\n\n\n\n<p class=\"has-text-align-center\">9. Karolina Klemczak (3F1)<\/p>\n","protected":false},"excerpt":{"rendered":"<p>Sk\u0142ad Ch\u00f3ru \u201eKopernik\u201d 2021\/2022 Prezes: Julia Cholajda (3A) Klasy pierwsze: 1. \u0141ukasz Balcerzak (1A) 2&#8230;.<\/p>\n","protected":false},"author":12,"featured_media":0,"parent":0,"menu_order":0,"comment_status":"closed","ping_status":"closed","template":"","meta":[],"_links":{"self":[{"href":"https:\/\/kopernik.kalisz.pl\/kopernik-ssm\/chor\/wp-json\/wp\/v2\/pages\/9401"}],"collection":[{"href":"https:\/\/kopernik.kalisz.pl\/kopernik-ssm\/chor\/wp-json\/wp\/v2\/pages"}],"about":[{"href":"https:\/\/kopernik.kalisz.pl\/kopernik-ssm\/chor\/wp-json\/wp\/v2\/types\/page"}],"author":[{"embeddable":true,"href":"https:\/\/kopernik.kalisz.pl\/kopernik-ssm\/chor\/wp-json\/wp\/v2\/users\/12"}],"replies":[{"embeddable":true,"href":"https:\/\/kopernik.kalisz.pl\/kopernik-ssm\/chor\/wp-json\/wp\/v2\/comments?post=9401"}],"version-history":[{"count":2,"href":"https:\/\/kopernik.kalisz.pl\/kopernik-ssm\/chor\/wp-json\/wp\/v2\/pages\/9401\/revisions"}],"predecessor-version":[{"id":9420,"href":"https:\/\/kopernik.kalisz.pl\/kopernik-ssm\/chor\/wp-json\/wp\/v2\/pages\/9401\/revisions\/9420"}],"wp:attachment":[{"href":"https:\/\/kopernik.kalisz.pl\/kopernik-ssm\/chor\/wp-json\/wp\/v2\/media?parent=9401"}],"curies":[{"name":"wp","href":"https:\/\/api.w.org\/{rel}","templated":true}]}}